{"id":860,"date":"2021-02-19T20:55:02","date_gmt":"2021-02-20T00:55:02","guid":{"rendered":"https:\/\/institutocrearte.cl\/wp\/?post_type=product&#038;p=860"},"modified":"2026-03-01T12:49:21","modified_gmt":"2026-03-01T16:49:21","slug":"bordado","status":"publish","type":"product","link":"https:\/\/institutocrearte.cl\/wp\/producto\/bordado\/","title":{"rendered":"Todo Bordado"},"content":{"rendered":"<h5><strong>Contenidos generales:<\/strong><\/h5>\n<ul>\n<li>La marca, y los materiales a utilizar<\/li>\n<li>Aplicaciones<\/li>\n<li>T\u00e9cnicas mixtas<\/li>\n<li>El uso del bastidor<\/li>\n<li>Terminaciones\u00a0y orillados<\/li>\n<li>Dise\u00f1os de bordados<\/li>\n<li>Plantillas<\/li>\n<li style=\"text-align: left;\">Bordado con Pedrer\u00eda<\/li>\n<li style=\"text-align: left;\">Bordado Creativo<\/li>\n<li>Sashiko<\/li>\n<li>Proyecto personal<\/li>\n<\/ul>\n<p style=\"text-align: center;\">\n<h5 style=\"text-align: center;\">Ventajas de aprender OnLine en Instituto Crearte<\/h5>\n<p style=\"text-align: center;\">Plataforma disponible las 24 horas.<\/p>\n<p style=\"text-align: center;\">Material exclusivo de ense\u00f1anza.<\/p>\n<p style=\"text-align: center;\">Un Tutor te acompa\u00f1ar\u00e1 siempre en tu aprendizaje, con sesiones en vivo.<\/p>\n<p style=\"text-align: center;\">Incluye tu Certificaci\u00f3n.<\/p>\n<p style=\"text-align: center;\">3 d\u00e9cadas de experiencia. Escuela Internacional OnLine de Miami. Sedes presenciales en Chile para que contin\u00faes tus estudios.<\/p>\n","protected":false},"excerpt":{"rendered":"<h3><strong><em>\u00a1Adorna tus creaciones!<\/em><\/strong><\/h3>\n<p><strong>BORDA Y ADORNA CON CREATIVIDAD<\/strong><br \/>\nNo se requiere conocimiento previo.<br \/>\nEntretenido y pr\u00e1ctico Taller de bordado. Aprende la t\u00e9cnica y apl\u00edcala a cualquiera de tus prendas, accesorios, adornos incluso Deco Textil.<br \/>\nOpci\u00f3n Presencial u Online<\/p>\n<p>Duraci\u00f3n: 3 meses Modalidad Online<\/p>\n<div class=\"content-info\">\n<p><strong>Profesoras\/Tutoras:<\/strong> Lola Arredondo &#8211; Carol Altamirano &#8211; Lorena D\u00edaz &#8211; Carolina V\u00e1squez &#8211;<\/p>\n<p>Docentes Instituto Crearte<br \/>\nDise\u00f1adoras<\/p>\n<\/div>\n","protected":false},"featured_media":1115,"template":"","meta":{"_eb_attr":"","_monsterinsights_skip_tracking":false,"_monsterinsights_sitenote_active":false,"_monsterinsights_sitenote_note":"","_monsterinsights_sitenote_category":0},"product_brand":[],"product_cat":[68],"product_tag":[173,174,160,180,179,176,69,33,178,177,175],"class_list":{"0":"post-860","1":"product","2":"type-product","3":"status-publish","4":"has-post-thumbnail","6":"product_cat-manualidades","7":"product_tag-bordado","8":"product_tag-bordar","9":"product_tag-clases-online","10":"product_tag-hobbie","11":"product_tag-hobbies","12":"product_tag-manualidad","13":"product_tag-manualidades","14":"product_tag-online","15":"product_tag-pasatiempo","16":"product_tag-pasatiempos","17":"product_tag-pedreria","19":"first","20":"instock","21":"shipping-taxable","22":"purchasable","23":"product-type-simple"},"yoast_head":"<!-- This site is optimized with the Yoast SEO plugin v26.3 - https:\/\/yoast.com\/wordpress\/plugins\/seo\/ -->\n<title>Todo Bordado - Instituto Crearte<\/title>\n<meta name=\"robots\" content=\"index, follow, max-snippet:-1, max-image-preview:large, max-video-preview:-1\" \/>\n<link rel=\"canonical\" href=\"https:\/\/institutocrearte.cl\/wp\/producto\/bordado\/\" \/>\n<meta property=\"og:locale\" content=\"es_ES\" \/>\n<meta property=\"og:type\" content=\"article\" \/>\n<meta property=\"og:title\" content=\"Todo Bordado - Instituto Crearte\" \/>\n<meta property=\"og:description\" content=\"\u00a1Adorna tus creaciones! BORDA Y ADORNA CON CREATIVIDAD No se requiere conocimiento previo. Entretenido y pr\u00e1ctico Taller de bordado. Aprende la t\u00e9cnica y apl\u00edcala a cualquiera de tus prendas, accesorios, adornos incluso Deco Textil. Opci\u00f3n Presencial u Online  Duraci\u00f3n: 3 meses Modalidad Online   Profesoras\/Tutoras: Lola Arredondo - Carol Altamirano - Lorena D\u00edaz - Carolina V\u00e1squez -  Docentes Instituto Crearte Dise\u00f1adoras\" \/>\n<meta property=\"og:url\" content=\"https:\/\/institutocrearte.cl\/wp\/producto\/bordado\/\" \/>\n<meta property=\"og:site_name\" content=\"Instituto Crearte\" \/>\n<meta property=\"article:publisher\" content=\"https:\/\/www.facebook.com\/crearteinstituto\" \/>\n<meta property=\"article:modified_time\" content=\"2026-03-01T16:49:21+00:00\" \/>\n<meta property=\"og:image\" content=\"https:\/\/institutocrearte.cl\/wp\/wp-content\/uploads\/2021\/02\/todobordado.jpg\" \/>\n\t<meta property=\"og:image:width\" content=\"600\" \/>\n\t<meta property=\"og:image:height\" content=\"600\" \/>\n\t<meta property=\"og:image:type\" content=\"image\/jpeg\" \/>\n<meta name=\"twitter:card\" content=\"summary_large_image\" \/>\n<meta name=\"twitter:site\" content=\"@CrearteChile\" \/>\n<meta name=\"twitter:label1\" content=\"Tiempo de lectura\" \/>\n\t<meta name=\"twitter:data1\" content=\"1 minuto\" \/>\n<script type=\"application\/ld+json\" class=\"yoast-schema-graph\">{\"@context\":\"https:\/\/schema.org\",\"@graph\":[{\"@type\":\"WebPage\",\"@id\":\"https:\/\/institutocrearte.cl\/wp\/producto\/bordado\/\",\"url\":\"https:\/\/institutocrearte.cl\/wp\/producto\/bordado\/\",\"name\":\"Todo Bordado - Instituto Crearte\",\"isPartOf\":{\"@id\":\"https:\/\/institutocrearte.cl\/wp\/#website\"},\"primaryImageOfPage\":{\"@id\":\"https:\/\/institutocrearte.cl\/wp\/producto\/bordado\/#primaryimage\"},\"image\":{\"@id\":\"https:\/\/institutocrearte.cl\/wp\/producto\/bordado\/#primaryimage\"},\"thumbnailUrl\":\"https:\/\/institutocrearte.cl\/wp\/wp-content\/uploads\/2021\/02\/todobordado.jpg\",\"datePublished\":\"2021-02-20T00:55:02+00:00\",\"dateModified\":\"2026-03-01T16:49:21+00:00\",\"breadcrumb\":{\"@id\":\"https:\/\/institutocrearte.cl\/wp\/producto\/bordado\/#breadcrumb\"},\"inLanguage\":\"es\",\"potentialAction\":[{\"@type\":\"ReadAction\",\"target\":[\"https:\/\/institutocrearte.cl\/wp\/producto\/bordado\/\"]}]},{\"@type\":\"ImageObject\",\"inLanguage\":\"es\",\"@id\":\"https:\/\/institutocrearte.cl\/wp\/producto\/bordado\/#primaryimage\",\"url\":\"https:\/\/institutocrearte.cl\/wp\/wp-content\/uploads\/2021\/02\/todobordado.jpg\",\"contentUrl\":\"https:\/\/institutocrearte.cl\/wp\/wp-content\/uploads\/2021\/02\/todobordado.jpg\",\"width\":600,\"height\":600,\"caption\":\"Bordado\"},{\"@type\":\"BreadcrumbList\",\"@id\":\"https:\/\/institutocrearte.cl\/wp\/producto\/bordado\/#breadcrumb\",\"itemListElement\":[{\"@type\":\"ListItem\",\"position\":1,\"name\":\"Portada\",\"item\":\"https:\/\/institutocrearte.cl\/wp\/\"},{\"@type\":\"ListItem\",\"position\":2,\"name\":\"Tienda\",\"item\":\"https:\/\/institutocrearte.cl\/wp\/tienda\/\"},{\"@type\":\"ListItem\",\"position\":3,\"name\":\"Todo Bordado\"}]},{\"@type\":\"WebSite\",\"@id\":\"https:\/\/institutocrearte.cl\/wp\/#website\",\"url\":\"https:\/\/institutocrearte.cl\/wp\/\",\"name\":\"Instituto Crearte\",\"description\":\"3 d\u00e9cadas juntos\",\"publisher\":{\"@id\":\"https:\/\/institutocrearte.cl\/wp\/#organization\"},\"potentialAction\":[{\"@type\":\"SearchAction\",\"target\":{\"@type\":\"EntryPoint\",\"urlTemplate\":\"https:\/\/institutocrearte.cl\/wp\/?s={search_term_string}\"},\"query-input\":{\"@type\":\"PropertyValueSpecification\",\"valueRequired\":true,\"valueName\":\"search_term_string\"}}],\"inLanguage\":\"es\"},{\"@type\":\"Organization\",\"@id\":\"https:\/\/institutocrearte.cl\/wp\/#organization\",\"name\":\"Instituto Crearte\",\"url\":\"https:\/\/institutocrearte.cl\/wp\/\",\"logo\":{\"@type\":\"ImageObject\",\"inLanguage\":\"es\",\"@id\":\"https:\/\/institutocrearte.cl\/wp\/#\/schema\/logo\/image\/\",\"url\":\"https:\/\/institutocrearte.cl\/wp\/wp-content\/uploads\/2020\/06\/logo.jpg\",\"contentUrl\":\"https:\/\/institutocrearte.cl\/wp\/wp-content\/uploads\/2020\/06\/logo.jpg\",\"width\":960,\"height\":960,\"caption\":\"Instituto Crearte\"},\"image\":{\"@id\":\"https:\/\/institutocrearte.cl\/wp\/#\/schema\/logo\/image\/\"},\"sameAs\":[\"https:\/\/www.facebook.com\/crearteinstituto\",\"https:\/\/x.com\/CrearteChile\",\"https:\/\/www.instagram.com\/institutocrearte\/\",\"https:\/\/www.youtube.com\/channel\/UCjChXIgoFYB_3fNorXKYEYg\"]}]}<\/script>\n<!-- \/ Yoast SEO plugin. -->","yoast_head_json":{"title":"Todo Bordado - Instituto Crearte","robots":{"index":"index","follow":"follow","max-snippet":"max-snippet:-1","max-image-preview":"max-image-preview:large","max-video-preview":"max-video-preview:-1"},"canonical":"https:\/\/institutocrearte.cl\/wp\/producto\/bordado\/","og_locale":"es_ES","og_type":"article","og_title":"Todo Bordado - Instituto Crearte","og_description":"\u00a1Adorna tus creaciones! BORDA Y ADORNA CON CREATIVIDAD No se requiere conocimiento previo. Entretenido y pr\u00e1ctico Taller de bordado. Aprende la t\u00e9cnica y apl\u00edcala a cualquiera de tus prendas, accesorios, adornos incluso Deco Textil. Opci\u00f3n Presencial u Online  Duraci\u00f3n: 3 meses Modalidad Online   Profesoras\/Tutoras: Lola Arredondo - Carol Altamirano - Lorena D\u00edaz - Carolina V\u00e1squez -  Docentes Instituto Crearte Dise\u00f1adoras","og_url":"https:\/\/institutocrearte.cl\/wp\/producto\/bordado\/","og_site_name":"Instituto Crearte","article_publisher":"https:\/\/www.facebook.com\/crearteinstituto","article_modified_time":"2026-03-01T16:49:21+00:00","og_image":[{"width":600,"height":600,"url":"https:\/\/institutocrearte.cl\/wp\/wp-content\/uploads\/2021\/02\/todobordado.jpg","type":"image\/jpeg"}],"twitter_card":"summary_large_image","twitter_site":"@CrearteChile","twitter_misc":{"Tiempo de lectura":"1 minuto"},"schema":{"@context":"https:\/\/schema.org","@graph":[{"@type":"WebPage","@id":"https:\/\/institutocrearte.cl\/wp\/producto\/bordado\/","url":"https:\/\/institutocrearte.cl\/wp\/producto\/bordado\/","name":"Todo Bordado - Instituto Crearte","isPartOf":{"@id":"https:\/\/institutocrearte.cl\/wp\/#website"},"primaryImageOfPage":{"@id":"https:\/\/institutocrearte.cl\/wp\/producto\/bordado\/#primaryimage"},"image":{"@id":"https:\/\/institutocrearte.cl\/wp\/producto\/bordado\/#primaryimage"},"thumbnailUrl":"https:\/\/institutocrearte.cl\/wp\/wp-content\/uploads\/2021\/02\/todobordado.jpg","datePublished":"2021-02-20T00:55:02+00:00","dateModified":"2026-03-01T16:49:21+00:00","breadcrumb":{"@id":"https:\/\/institutocrearte.cl\/wp\/producto\/bordado\/#breadcrumb"},"inLanguage":"es","potentialAction":[{"@type":"ReadAction","target":["https:\/\/institutocrearte.cl\/wp\/producto\/bordado\/"]}]},{"@type":"ImageObject","inLanguage":"es","@id":"https:\/\/institutocrearte.cl\/wp\/producto\/bordado\/#primaryimage","url":"https:\/\/institutocrearte.cl\/wp\/wp-content\/uploads\/2021\/02\/todobordado.jpg","contentUrl":"https:\/\/institutocrearte.cl\/wp\/wp-content\/uploads\/2021\/02\/todobordado.jpg","width":600,"height":600,"caption":"Bordado"},{"@type":"BreadcrumbList","@id":"https:\/\/institutocrearte.cl\/wp\/producto\/bordado\/#breadcrumb","itemListElement":[{"@type":"ListItem","position":1,"name":"Portada","item":"https:\/\/institutocrearte.cl\/wp\/"},{"@type":"ListItem","position":2,"name":"Tienda","item":"https:\/\/institutocrearte.cl\/wp\/tienda\/"},{"@type":"ListItem","position":3,"name":"Todo Bordado"}]},{"@type":"WebSite","@id":"https:\/\/institutocrearte.cl\/wp\/#website","url":"https:\/\/institutocrearte.cl\/wp\/","name":"Instituto Crearte","description":"3 d\u00e9cadas juntos","publisher":{"@id":"https:\/\/institutocrearte.cl\/wp\/#organization"},"potentialAction":[{"@type":"SearchAction","target":{"@type":"EntryPoint","urlTemplate":"https:\/\/institutocrearte.cl\/wp\/?s={search_term_string}"},"query-input":{"@type":"PropertyValueSpecification","valueRequired":true,"valueName":"search_term_string"}}],"inLanguage":"es"},{"@type":"Organization","@id":"https:\/\/institutocrearte.cl\/wp\/#organization","name":"Instituto Crearte","url":"https:\/\/institutocrearte.cl\/wp\/","logo":{"@type":"ImageObject","inLanguage":"es","@id":"https:\/\/institutocrearte.cl\/wp\/#\/schema\/logo\/image\/","url":"https:\/\/institutocrearte.cl\/wp\/wp-content\/uploads\/2020\/06\/logo.jpg","contentUrl":"https:\/\/institutocrearte.cl\/wp\/wp-content\/uploads\/2020\/06\/logo.jpg","width":960,"height":960,"caption":"Instituto Crearte"},"image":{"@id":"https:\/\/institutocrearte.cl\/wp\/#\/schema\/logo\/image\/"},"sameAs":["https:\/\/www.facebook.com\/crearteinstituto","https:\/\/x.com\/CrearteChile","https:\/\/www.instagram.com\/institutocrearte\/","https:\/\/www.youtube.com\/channel\/UCjChXIgoFYB_3fNorXKYEYg"]}]}},"_links":{"self":[{"href":"https:\/\/institutocrearte.cl\/wp\/wp-json\/wp\/v2\/product\/860","targetHints":{"allow":["GET"]}}],"collection":[{"href":"https:\/\/institutocrearte.cl\/wp\/wp-json\/wp\/v2\/product"}],"about":[{"href":"https:\/\/institutocrearte.cl\/wp\/wp-json\/wp\/v2\/types\/product"}],"wp:featuredmedia":[{"embeddable":true,"href":"https:\/\/institutocrearte.cl\/wp\/wp-json\/wp\/v2\/media\/1115"}],"wp:attachment":[{"href":"https:\/\/institutocrearte.cl\/wp\/wp-json\/wp\/v2\/media?parent=860"}],"wp:term":[{"taxonomy":"product_brand","embeddable":true,"href":"https:\/\/institutocrearte.cl\/wp\/wp-json\/wp\/v2\/product_brand?post=860"},{"taxonomy":"product_cat","embeddable":true,"href":"https:\/\/institutocrearte.cl\/wp\/wp-json\/wp\/v2\/product_cat?post=860"},{"taxonomy":"product_tag","embeddable":true,"href":"https:\/\/institutocrearte.cl\/wp\/wp-json\/wp\/v2\/product_tag?post=860"}],"curies":[{"name":"wp","href":"https:\/\/api.w.org\/{rel}","templated":true}]}}