{"id":852,"date":"2021-02-10T14:18:38","date_gmt":"2021-02-10T18:18:38","guid":{"rendered":"https:\/\/institutocrearte.cl\/wp\/?post_type=product&#038;p=852"},"modified":"2026-03-01T12:54:48","modified_gmt":"2026-03-01T16:54:48","slug":"rostro-y-retrato","status":"publish","type":"product","link":"https:\/\/institutocrearte.cl\/wp\/producto\/rostro-y-retrato\/","title":{"rendered":"Rostro y Retrato"},"content":{"rendered":"<p><strong>Contenidos principales:<\/strong><\/p>\n<ul>\n<li>Breve historia del retrato<\/li>\n<li>T\u00e9cnica\u00a0del dibujo por\u00a0cuadr\u00edcula<\/li>\n<li>Aplicaci\u00f3n del carboncillo<\/li>\n<li>Aplicaci\u00f3n de la acuarela<\/li>\n<li>Algunos estilos de retratos en el Arte<\/li>\n<li>Ejercicios pr\u00e1cticos<\/li>\n<li>Correcciones<\/li>\n<\/ul>\n<h4 class=\"p1\" style=\"text-align: center;\"><span class=\"s1\"><b>30% de descuento<\/b><\/span><\/h4>\n<p style=\"text-align: center;\">Exclusivo modalidad Online<\/p>\n<h4 class=\"p1\" style=\"text-align: center;\"><span style=\"font-size: 24px; letter-spacing: -0.0415625em; font-family: 'Inter var', -apple-system, BlinkMacSystemFont, 'Helvetica Neue', Helvetica, sans-serif;\">Ventajas de aprender OnLine en Instituto Crearte<\/span><\/h4>\n<p style=\"text-align: center;\">Plataforma disponible las 24 horas.<\/p>\n<p style=\"text-align: center;\">Material exclusivo de ense\u00f1anza.<\/p>\n<p style=\"text-align: center;\">Un Tutor te acompa\u00f1ar\u00e1 siempre en tu aprendizaje, con sesiones en vivo.<\/p>\n<p style=\"text-align: center;\">Incluye tu Certificaci\u00f3n.<\/p>\n<p style=\"text-align: center;\">3 d\u00e9cadas de experiencia. Escuela Internacional OnLine de Miami. Sedes presenciales en Chile para que contin\u00faes tus estudios.<\/p>\n","protected":false},"excerpt":{"rendered":"<h3>Aprende a dibujar y pintar Rostros y Retratos<\/h3>\n<div id=\"description_1\" class=\"panel panel-default\" data-id=\"392\" data-c_id=\"116\" data-type=\"course_description\">\n<div class=\"panel-body\">\n<p>En este taller conocer\u00e1s diferentes t\u00e9cnicas y modos de trabajar el retrato para que puedas realizar una obra acabada.<\/p>\n<p>Se explicar\u00e1 c\u00f3mo realizar el dibujo previo de un rostro para posteriormente aplicarle una t\u00e9cnica y estilo art\u00edstico.<\/p>\n<p>Adem\u00e1s conocer\u00e1s algunas formas de realizar retratos a trav\u00e9s de la historia del arte y cu\u00e1les eran sus objetivos principales para que puedas apoyarte de ellos y utilizarlos como referencia personal.<\/p>\n<p>Encontraras el paso a paso en cada lecci\u00f3n guiado por videos y materia para que puedas aprender de forma did\u00e1ctica y entretenida.<\/p>\n<\/div>\n<\/div>\n<p>&nbsp;<\/p>\n<p><strong>Profesora Online:\u00a0<\/strong><\/p>\n<ul>\n<li><em>Sara Aburto Rudolph<\/em><\/li>\n<\/ul>\n<p>Docente Instituto Crearte<\/p>\n<p>Profesora en Artes Visuales<\/p>\n<p>Licenciada en Artes<\/p>\n<p>Licenciada en Educaci\u00f3n<\/p>\n<p>&nbsp;<\/p>\n<p><strong>Profesoras de clases Presenciales:<\/strong><\/p>\n<ul>\n<li><em>Sara Aburto Rudolph<\/em><\/li>\n<li><em>Paula Araya<\/em><\/li>\n<li><em>Lola Arredondo<\/em><\/li>\n<li><em>Victoria Toledo<\/em><\/li>\n<\/ul>\n<p>&nbsp;<\/p>\n<p><strong>Duraci\u00f3n: <\/strong>1 mes<\/p>\n<p>&nbsp;<\/p>\n<p>Al finalizar la compra, escr\u00edbenos en\u00a0<strong>Informaci\u00f3n adicional tus datos y el otra taller que elegiste de igual o menor valor<\/strong><\/p>\n<h5><\/h5>\n","protected":false},"featured_media":853,"template":"","meta":{"_eb_attr":"","_monsterinsights_skip_tracking":false,"_monsterinsights_sitenote_active":false,"_monsterinsights_sitenote_note":"","_monsterinsights_sitenote_category":0},"product_brand":[],"product_cat":[62],"product_tag":[133,47,41,132,146,145],"class_list":{"0":"post-852","1":"product","2":"type-product","3":"status-publish","4":"has-post-thumbnail","6":"product_cat-arte","7":"product_tag-arte","8":"product_tag-cursos-online","9":"product_tag-dibujo","10":"product_tag-pintar","11":"product_tag-retratos","12":"product_tag-rostro","14":"first","15":"instock","16":"sale","17":"shipping-taxable","18":"purchasable","19":"product-type-simple"},"yoast_head":"<!-- This site is optimized with the Yoast SEO plugin v26.3 - https:\/\/yoast.com\/wordpress\/plugins\/seo\/ -->\n<title>Rostro y Retrato - Instituto Crearte<\/title>\n<meta name=\"robots\" content=\"index, follow, max-snippet:-1, max-image-preview:large, max-video-preview:-1\" \/>\n<link rel=\"canonical\" href=\"https:\/\/institutocrearte.cl\/wp\/producto\/rostro-y-retrato\/\" \/>\n<meta property=\"og:locale\" content=\"es_ES\" \/>\n<meta property=\"og:type\" content=\"article\" \/>\n<meta property=\"og:title\" content=\"Rostro y Retrato - Instituto Crearte\" \/>\n<meta property=\"og:description\" content=\"Aprende a dibujar y pintar Rostros y Retratos    En este taller conocer\u00e1s diferentes t\u00e9cnicas y modos de trabajar el retrato para que puedas realizar una obra acabada.  Se explicar\u00e1 c\u00f3mo realizar el dibujo previo de un rostro para posteriormente aplicarle una t\u00e9cnica y estilo art\u00edstico.  Adem\u00e1s conocer\u00e1s algunas formas de realizar retratos a trav\u00e9s de la historia del arte y cu\u00e1les eran sus objetivos principales para que puedas apoyarte de ellos y utilizarlos como referencia personal.  Encontraras el paso a paso en cada lecci\u00f3n guiado por videos y materia para que puedas aprender de forma did\u00e1ctica y entretenida.    &nbsp;  Profesora Online:\u00a0   Sara Aburto Rudolph  Docente Instituto Crearte  Profesora en Artes Visuales  Licenciada en Artes  Licenciada en Educaci\u00f3n  &nbsp;  Profesoras de clases Presenciales:   Sara Aburto Rudolph  Paula Araya  Lola Arredondo  Victoria Toledo  &nbsp;  Duraci\u00f3n: 1 mes  &nbsp;  Al finalizar la compra, escr\u00edbenos en\u00a0Informaci\u00f3n adicional tus datos y el otra taller que elegiste de igual o menor valor\" \/>\n<meta property=\"og:url\" content=\"https:\/\/institutocrearte.cl\/wp\/producto\/rostro-y-retrato\/\" \/>\n<meta property=\"og:site_name\" content=\"Instituto Crearte\" \/>\n<meta property=\"article:publisher\" content=\"https:\/\/www.facebook.com\/crearteinstituto\" \/>\n<meta property=\"article:modified_time\" content=\"2026-03-01T16:54:48+00:00\" \/>\n<meta property=\"og:image\" content=\"https:\/\/institutocrearte.cl\/wp\/wp-content\/uploads\/2021\/02\/RostroYRetrato.jpg\" \/>\n\t<meta property=\"og:image:width\" content=\"800\" \/>\n\t<meta property=\"og:image:height\" content=\"719\" \/>\n\t<meta property=\"og:image:type\" content=\"image\/jpeg\" \/>\n<meta name=\"twitter:card\" content=\"summary_large_image\" \/>\n<meta name=\"twitter:site\" content=\"@CrearteChile\" \/>\n<meta name=\"twitter:label1\" content=\"Tiempo de lectura\" \/>\n\t<meta name=\"twitter:data1\" content=\"1 minuto\" \/>\n<script type=\"application\/ld+json\" class=\"yoast-schema-graph\">{\"@context\":\"https:\/\/schema.org\",\"@graph\":[{\"@type\":\"WebPage\",\"@id\":\"https:\/\/institutocrearte.cl\/wp\/producto\/rostro-y-retrato\/\",\"url\":\"https:\/\/institutocrearte.cl\/wp\/producto\/rostro-y-retrato\/\",\"name\":\"Rostro y Retrato - Instituto Crearte\",\"isPartOf\":{\"@id\":\"https:\/\/institutocrearte.cl\/wp\/#website\"},\"primaryImageOfPage\":{\"@id\":\"https:\/\/institutocrearte.cl\/wp\/producto\/rostro-y-retrato\/#primaryimage\"},\"image\":{\"@id\":\"https:\/\/institutocrearte.cl\/wp\/producto\/rostro-y-retrato\/#primaryimage\"},\"thumbnailUrl\":\"https:\/\/institutocrearte.cl\/wp\/wp-content\/uploads\/2021\/02\/RostroYRetrato.jpg\",\"datePublished\":\"2021-02-10T18:18:38+00:00\",\"dateModified\":\"2026-03-01T16:54:48+00:00\",\"breadcrumb\":{\"@id\":\"https:\/\/institutocrearte.cl\/wp\/producto\/rostro-y-retrato\/#breadcrumb\"},\"inLanguage\":\"es\",\"potentialAction\":[{\"@type\":\"ReadAction\",\"target\":[\"https:\/\/institutocrearte.cl\/wp\/producto\/rostro-y-retrato\/\"]}]},{\"@type\":\"ImageObject\",\"inLanguage\":\"es\",\"@id\":\"https:\/\/institutocrearte.cl\/wp\/producto\/rostro-y-retrato\/#primaryimage\",\"url\":\"https:\/\/institutocrearte.cl\/wp\/wp-content\/uploads\/2021\/02\/RostroYRetrato.jpg\",\"contentUrl\":\"https:\/\/institutocrearte.cl\/wp\/wp-content\/uploads\/2021\/02\/RostroYRetrato.jpg\",\"width\":800,\"height\":719,\"caption\":\"Rostro y Retrato\"},{\"@type\":\"BreadcrumbList\",\"@id\":\"https:\/\/institutocrearte.cl\/wp\/producto\/rostro-y-retrato\/#breadcrumb\",\"itemListElement\":[{\"@type\":\"ListItem\",\"position\":1,\"name\":\"Portada\",\"item\":\"https:\/\/institutocrearte.cl\/wp\/\"},{\"@type\":\"ListItem\",\"position\":2,\"name\":\"Tienda\",\"item\":\"https:\/\/institutocrearte.cl\/wp\/tienda\/\"},{\"@type\":\"ListItem\",\"position\":3,\"name\":\"Rostro y Retrato\"}]},{\"@type\":\"WebSite\",\"@id\":\"https:\/\/institutocrearte.cl\/wp\/#website\",\"url\":\"https:\/\/institutocrearte.cl\/wp\/\",\"name\":\"Instituto Crearte\",\"description\":\"3 d\u00e9cadas juntos\",\"publisher\":{\"@id\":\"https:\/\/institutocrearte.cl\/wp\/#organization\"},\"potentialAction\":[{\"@type\":\"SearchAction\",\"target\":{\"@type\":\"EntryPoint\",\"urlTemplate\":\"https:\/\/institutocrearte.cl\/wp\/?s={search_term_string}\"},\"query-input\":{\"@type\":\"PropertyValueSpecification\",\"valueRequired\":true,\"valueName\":\"search_term_string\"}}],\"inLanguage\":\"es\"},{\"@type\":\"Organization\",\"@id\":\"https:\/\/institutocrearte.cl\/wp\/#organization\",\"name\":\"Instituto Crearte\",\"url\":\"https:\/\/institutocrearte.cl\/wp\/\",\"logo\":{\"@type\":\"ImageObject\",\"inLanguage\":\"es\",\"@id\":\"https:\/\/institutocrearte.cl\/wp\/#\/schema\/logo\/image\/\",\"url\":\"https:\/\/institutocrearte.cl\/wp\/wp-content\/uploads\/2020\/06\/logo.jpg\",\"contentUrl\":\"https:\/\/institutocrearte.cl\/wp\/wp-content\/uploads\/2020\/06\/logo.jpg\",\"width\":960,\"height\":960,\"caption\":\"Instituto Crearte\"},\"image\":{\"@id\":\"https:\/\/institutocrearte.cl\/wp\/#\/schema\/logo\/image\/\"},\"sameAs\":[\"https:\/\/www.facebook.com\/crearteinstituto\",\"https:\/\/x.com\/CrearteChile\",\"https:\/\/www.instagram.com\/institutocrearte\/\",\"https:\/\/www.youtube.com\/channel\/UCjChXIgoFYB_3fNorXKYEYg\"]}]}<\/script>\n<!-- \/ Yoast SEO plugin. -->","yoast_head_json":{"title":"Rostro y Retrato - Instituto Crearte","robots":{"index":"index","follow":"follow","max-snippet":"max-snippet:-1","max-image-preview":"max-image-preview:large","max-video-preview":"max-video-preview:-1"},"canonical":"https:\/\/institutocrearte.cl\/wp\/producto\/rostro-y-retrato\/","og_locale":"es_ES","og_type":"article","og_title":"Rostro y Retrato - Instituto Crearte","og_description":"Aprende a dibujar y pintar Rostros y Retratos    En este taller conocer\u00e1s diferentes t\u00e9cnicas y modos de trabajar el retrato para que puedas realizar una obra acabada.  Se explicar\u00e1 c\u00f3mo realizar el dibujo previo de un rostro para posteriormente aplicarle una t\u00e9cnica y estilo art\u00edstico.  Adem\u00e1s conocer\u00e1s algunas formas de realizar retratos a trav\u00e9s de la historia del arte y cu\u00e1les eran sus objetivos principales para que puedas apoyarte de ellos y utilizarlos como referencia personal.  Encontraras el paso a paso en cada lecci\u00f3n guiado por videos y materia para que puedas aprender de forma did\u00e1ctica y entretenida.    &nbsp;  Profesora Online:\u00a0   Sara Aburto Rudolph  Docente Instituto Crearte  Profesora en Artes Visuales  Licenciada en Artes  Licenciada en Educaci\u00f3n  &nbsp;  Profesoras de clases Presenciales:   Sara Aburto Rudolph  Paula Araya  Lola Arredondo  Victoria Toledo  &nbsp;  Duraci\u00f3n: 1 mes  &nbsp;  Al finalizar la compra, escr\u00edbenos en\u00a0Informaci\u00f3n adicional tus datos y el otra taller que elegiste de igual o menor valor","og_url":"https:\/\/institutocrearte.cl\/wp\/producto\/rostro-y-retrato\/","og_site_name":"Instituto Crearte","article_publisher":"https:\/\/www.facebook.com\/crearteinstituto","article_modified_time":"2026-03-01T16:54:48+00:00","og_image":[{"width":800,"height":719,"url":"https:\/\/institutocrearte.cl\/wp\/wp-content\/uploads\/2021\/02\/RostroYRetrato.jpg","type":"image\/jpeg"}],"twitter_card":"summary_large_image","twitter_site":"@CrearteChile","twitter_misc":{"Tiempo de lectura":"1 minuto"},"schema":{"@context":"https:\/\/schema.org","@graph":[{"@type":"WebPage","@id":"https:\/\/institutocrearte.cl\/wp\/producto\/rostro-y-retrato\/","url":"https:\/\/institutocrearte.cl\/wp\/producto\/rostro-y-retrato\/","name":"Rostro y Retrato - Instituto Crearte","isPartOf":{"@id":"https:\/\/institutocrearte.cl\/wp\/#website"},"primaryImageOfPage":{"@id":"https:\/\/institutocrearte.cl\/wp\/producto\/rostro-y-retrato\/#primaryimage"},"image":{"@id":"https:\/\/institutocrearte.cl\/wp\/producto\/rostro-y-retrato\/#primaryimage"},"thumbnailUrl":"https:\/\/institutocrearte.cl\/wp\/wp-content\/uploads\/2021\/02\/RostroYRetrato.jpg","datePublished":"2021-02-10T18:18:38+00:00","dateModified":"2026-03-01T16:54:48+00:00","breadcrumb":{"@id":"https:\/\/institutocrearte.cl\/wp\/producto\/rostro-y-retrato\/#breadcrumb"},"inLanguage":"es","potentialAction":[{"@type":"ReadAction","target":["https:\/\/institutocrearte.cl\/wp\/producto\/rostro-y-retrato\/"]}]},{"@type":"ImageObject","inLanguage":"es","@id":"https:\/\/institutocrearte.cl\/wp\/producto\/rostro-y-retrato\/#primaryimage","url":"https:\/\/institutocrearte.cl\/wp\/wp-content\/uploads\/2021\/02\/RostroYRetrato.jpg","contentUrl":"https:\/\/institutocrearte.cl\/wp\/wp-content\/uploads\/2021\/02\/RostroYRetrato.jpg","width":800,"height":719,"caption":"Rostro y Retrato"},{"@type":"BreadcrumbList","@id":"https:\/\/institutocrearte.cl\/wp\/producto\/rostro-y-retrato\/#breadcrumb","itemListElement":[{"@type":"ListItem","position":1,"name":"Portada","item":"https:\/\/institutocrearte.cl\/wp\/"},{"@type":"ListItem","position":2,"name":"Tienda","item":"https:\/\/institutocrearte.cl\/wp\/tienda\/"},{"@type":"ListItem","position":3,"name":"Rostro y Retrato"}]},{"@type":"WebSite","@id":"https:\/\/institutocrearte.cl\/wp\/#website","url":"https:\/\/institutocrearte.cl\/wp\/","name":"Instituto Crearte","description":"3 d\u00e9cadas juntos","publisher":{"@id":"https:\/\/institutocrearte.cl\/wp\/#organization"},"potentialAction":[{"@type":"SearchAction","target":{"@type":"EntryPoint","urlTemplate":"https:\/\/institutocrearte.cl\/wp\/?s={search_term_string}"},"query-input":{"@type":"PropertyValueSpecification","valueRequired":true,"valueName":"search_term_string"}}],"inLanguage":"es"},{"@type":"Organization","@id":"https:\/\/institutocrearte.cl\/wp\/#organization","name":"Instituto Crearte","url":"https:\/\/institutocrearte.cl\/wp\/","logo":{"@type":"ImageObject","inLanguage":"es","@id":"https:\/\/institutocrearte.cl\/wp\/#\/schema\/logo\/image\/","url":"https:\/\/institutocrearte.cl\/wp\/wp-content\/uploads\/2020\/06\/logo.jpg","contentUrl":"https:\/\/institutocrearte.cl\/wp\/wp-content\/uploads\/2020\/06\/logo.jpg","width":960,"height":960,"caption":"Instituto Crearte"},"image":{"@id":"https:\/\/institutocrearte.cl\/wp\/#\/schema\/logo\/image\/"},"sameAs":["https:\/\/www.facebook.com\/crearteinstituto","https:\/\/x.com\/CrearteChile","https:\/\/www.instagram.com\/institutocrearte\/","https:\/\/www.youtube.com\/channel\/UCjChXIgoFYB_3fNorXKYEYg"]}]}},"_links":{"self":[{"href":"https:\/\/institutocrearte.cl\/wp\/wp-json\/wp\/v2\/product\/852","targetHints":{"allow":["GET"]}}],"collection":[{"href":"https:\/\/institutocrearte.cl\/wp\/wp-json\/wp\/v2\/product"}],"about":[{"href":"https:\/\/institutocrearte.cl\/wp\/wp-json\/wp\/v2\/types\/product"}],"wp:featuredmedia":[{"embeddable":true,"href":"https:\/\/institutocrearte.cl\/wp\/wp-json\/wp\/v2\/media\/853"}],"wp:attachment":[{"href":"https:\/\/institutocrearte.cl\/wp\/wp-json\/wp\/v2\/media?parent=852"}],"wp:term":[{"taxonomy":"product_brand","embeddable":true,"href":"https:\/\/institutocrearte.cl\/wp\/wp-json\/wp\/v2\/product_brand?post=852"},{"taxonomy":"product_cat","embeddable":true,"href":"https:\/\/institutocrearte.cl\/wp\/wp-json\/wp\/v2\/product_cat?post=852"},{"taxonomy":"product_tag","embeddable":true,"href":"https:\/\/institutocrearte.cl\/wp\/wp-json\/wp\/v2\/product_tag?post=852"}],"curies":[{"name":"wp","href":"https:\/\/api.w.org\/{rel}","templated":true}]}}