{"id":451,"date":"2020-07-01T16:36:35","date_gmt":"2020-07-01T20:36:35","guid":{"rendered":"https:\/\/institutocrearte.cl\/wp\/?post_type=product&#038;p=451"},"modified":"2026-03-07T14:52:41","modified_gmt":"2026-03-07T18:52:41","slug":"escalado","status":"publish","type":"product","link":"https:\/\/institutocrearte.cl\/wp\/producto\/escalado\/","title":{"rendered":"Escalado industrial"},"content":{"rendered":"<h4>Nivel inicial<\/h4>\n<p><span class=\"top-1\"><strong><em>Contenidos Principales curso exclusivo Online:<\/em><\/strong><\/span><\/p>\n<ul>\n<li>Estudio del Tallaje num\u00e9rico y alpha num\u00e9rico<\/li>\n<li><span class=\"top-1\">Las coordenadas y cruces de calce<\/span><\/li>\n<li><span class=\"top-1\">Radiante de escalado<\/span><\/li>\n<li><span class=\"top-1\">Base de Falda y pretina<\/span><\/li>\n<li><span class=\"top-1\">Falda con cortes\u00a0<\/span><\/li>\n<li><span class=\"top-1\">Escalado del base de pantal\u00f3n<\/span><\/li>\n<li>Variantes del pantal\u00f3n<\/li>\n<li><span class=\"top-1\">Escalado del poler\u00f3n recto completo<\/span><\/li>\n<li>Escalado del base de torso<\/li>\n<li>Escalado de mangas y cuellos<\/li>\n<li>Escalados de las pinzas<\/li>\n<li>Escalado de vestidos<\/li>\n<li>Variantes<\/li>\n<\/ul>\n<h4 class=\"p1\" style=\"text-align: center;\"><span class=\"s1\"><b>\u00a1Modalidad OnLine!<\/b><\/span><\/h4>\n<h5 style=\"text-align: center;\">Ventajas de aprender OnLine en Instituto Crearte<\/h5>\n<p style=\"text-align: center;\">Plataforma disponible las 24 horas.<\/p>\n<p style=\"text-align: center;\">Material exclusivo de ense\u00f1anza.<\/p>\n<p style=\"text-align: center;\">Un Tutor te acompa\u00f1ar\u00e1 siempre en tu aprendizaje, con sesiones en vivo.<\/p>\n<p style=\"text-align: center;\">Incluye tu Certificaci\u00f3n.<\/p>\n<p style=\"text-align: center;\">3 d\u00e9cadas de experiencia. Escuela Internacional OnLine de Miami. 5 sedes presenciales en Chile para que contin\u00faes tus estudios.<\/p>\n","protected":false},"excerpt":{"rendered":"<h3><em><strong>\u00a1Aprende a agrandar y a achicar tus tallas correctamente! <\/strong><\/em><\/h3>\n<p class=\"p1\"><span class=\"s1\">El escalado de patrones en costura es una t\u00e9cnica que te permite agrandar o reducir tallas sin que la prenda se deforme.\u00a0<\/span><\/p>\n<p>El m\u00e9todo correcto ayuda a optimizar recursos y tiempo.<\/p>\n<p>En este curso aprender\u00e1s el m\u00e9todo correcto para aumentar y reducir las tallas en los patrones principales que se utilizan en la moda femenina.<\/p>\n<p>El curso parte desde lo m\u00e1s b\u00e1sico del escalado, sin embargo es necesario tener conocimientos previos de Patronaje.<\/p>\n<p>El Curso incluye teor\u00eda y pr\u00e1ctica.<\/p>\n<p>https:\/\/www.youtube.com\/watch?v=Et2yoUAczGs<\/p>\n<p><strong>Duraci\u00f3n Online:<\/strong> 3 meses. Incluye ingreso a Plataforma para acceder a material exclusivo de ense\u00f1anza y sesiones en vivo.<\/p>\n<p><strong>Profesora:\u00a0<\/strong>Patricia Romero Baeza<\/p>\n<p>Dise\u00f1adora y autora de Libros relacionados<\/p>\n","protected":false},"featured_media":2497,"template":"","meta":{"_eb_attr":"","_monsterinsights_skip_tracking":false,"_monsterinsights_sitenote_active":false,"_monsterinsights_sitenote_note":"","_monsterinsights_sitenote_category":0},"product_brand":[],"product_cat":[67,19],"product_tag":[38,39,248,247,249,254,198,253,196,252,250,251],"class_list":{"0":"post-451","1":"product","2":"type-product","3":"status-publish","4":"has-post-thumbnail","6":"product_cat-costura-moda","7":"product_cat-cursos","8":"product_tag-diseno-de-moda","9":"product_tag-diseno-de-vestuario","10":"product_tag-escalado-de-tallas","11":"product_tag-escalado-industrial","12":"product_tag-estudio-de-tallajes","13":"product_tag-moldaje","14":"product_tag-moldaje-industrial","15":"product_tag-patronaje","16":"product_tag-patronista","17":"product_tag-prendas-en-serie","18":"product_tag-tallajes","19":"product_tag-tallas","21":"first","22":"instock","23":"shipping-taxable","24":"purchasable","25":"product-type-simple"},"yoast_head":"<!-- This site is optimized with the Yoast SEO plugin v26.3 - https:\/\/yoast.com\/wordpress\/plugins\/seo\/ -->\n<title>Escalado industrial - Instituto Crearte<\/title>\n<meta name=\"robots\" content=\"index, follow, max-snippet:-1, max-image-preview:large, max-video-preview:-1\" \/>\n<link rel=\"canonical\" href=\"https:\/\/institutocrearte.cl\/wp\/producto\/escalado\/\" \/>\n<meta property=\"og:locale\" content=\"es_ES\" \/>\n<meta property=\"og:type\" content=\"article\" \/>\n<meta property=\"og:title\" content=\"Escalado industrial - Instituto Crearte\" \/>\n<meta property=\"og:description\" content=\"\u00a1Aprende a agrandar y a achicar tus tallas correctamente!  El escalado de patrones en costura es una t\u00e9cnica que te permite agrandar o reducir tallas sin que la prenda se deforme.\u00a0 El m\u00e9todo correcto ayuda a optimizar recursos y tiempo.  En este curso aprender\u00e1s el m\u00e9todo correcto para aumentar y reducir las tallas en los patrones principales que se utilizan en la moda femenina.  El curso parte desde lo m\u00e1s b\u00e1sico del escalado, sin embargo es necesario tener conocimientos previos de Patronaje.  El Curso incluye teor\u00eda y pr\u00e1ctica.  https:\/\/www.youtube.com\/watch?v=Et2yoUAczGs  Duraci\u00f3n Online: 3 meses. Incluye ingreso a Plataforma para acceder a material exclusivo de ense\u00f1anza y sesiones en vivo.  Profesora:\u00a0Patricia Romero Baeza  Dise\u00f1adora y autora de Libros relacionados\" \/>\n<meta property=\"og:url\" content=\"https:\/\/institutocrearte.cl\/wp\/producto\/escalado\/\" \/>\n<meta property=\"og:site_name\" content=\"Instituto Crearte\" \/>\n<meta property=\"article:publisher\" content=\"https:\/\/www.facebook.com\/crearteinstituto\" \/>\n<meta property=\"article:modified_time\" content=\"2026-03-07T18:52:41+00:00\" \/>\n<meta property=\"og:image\" content=\"https:\/\/institutocrearte.cl\/wp\/wp-content\/uploads\/2020\/07\/Escalado-1.png\" \/>\n\t<meta property=\"og:image:width\" content=\"675\" \/>\n\t<meta property=\"og:image:height\" content=\"844\" \/>\n\t<meta property=\"og:image:type\" content=\"image\/png\" \/>\n<meta name=\"twitter:card\" content=\"summary_large_image\" \/>\n<meta name=\"twitter:site\" content=\"@CrearteChile\" \/>\n<meta name=\"twitter:label1\" content=\"Tiempo de lectura\" \/>\n\t<meta name=\"twitter:data1\" content=\"1 minuto\" \/>\n<script type=\"application\/ld+json\" class=\"yoast-schema-graph\">{\"@context\":\"https:\/\/schema.org\",\"@graph\":[{\"@type\":\"WebPage\",\"@id\":\"https:\/\/institutocrearte.cl\/wp\/producto\/escalado\/\",\"url\":\"https:\/\/institutocrearte.cl\/wp\/producto\/escalado\/\",\"name\":\"Escalado industrial - Instituto Crearte\",\"isPartOf\":{\"@id\":\"https:\/\/institutocrearte.cl\/wp\/#website\"},\"primaryImageOfPage\":{\"@id\":\"https:\/\/institutocrearte.cl\/wp\/producto\/escalado\/#primaryimage\"},\"image\":{\"@id\":\"https:\/\/institutocrearte.cl\/wp\/producto\/escalado\/#primaryimage\"},\"thumbnailUrl\":\"https:\/\/institutocrearte.cl\/wp\/wp-content\/uploads\/2020\/07\/Escalado-1.png\",\"datePublished\":\"2020-07-01T20:36:35+00:00\",\"dateModified\":\"2026-03-07T18:52:41+00:00\",\"breadcrumb\":{\"@id\":\"https:\/\/institutocrearte.cl\/wp\/producto\/escalado\/#breadcrumb\"},\"inLanguage\":\"es\",\"potentialAction\":[{\"@type\":\"ReadAction\",\"target\":[\"https:\/\/institutocrearte.cl\/wp\/producto\/escalado\/\"]}]},{\"@type\":\"ImageObject\",\"inLanguage\":\"es\",\"@id\":\"https:\/\/institutocrearte.cl\/wp\/producto\/escalado\/#primaryimage\",\"url\":\"https:\/\/institutocrearte.cl\/wp\/wp-content\/uploads\/2020\/07\/Escalado-1.png\",\"contentUrl\":\"https:\/\/institutocrearte.cl\/wp\/wp-content\/uploads\/2020\/07\/Escalado-1.png\",\"width\":675,\"height\":844},{\"@type\":\"BreadcrumbList\",\"@id\":\"https:\/\/institutocrearte.cl\/wp\/producto\/escalado\/#breadcrumb\",\"itemListElement\":[{\"@type\":\"ListItem\",\"position\":1,\"name\":\"Portada\",\"item\":\"https:\/\/institutocrearte.cl\/wp\/\"},{\"@type\":\"ListItem\",\"position\":2,\"name\":\"Tienda\",\"item\":\"https:\/\/institutocrearte.cl\/wp\/tienda\/\"},{\"@type\":\"ListItem\",\"position\":3,\"name\":\"Escalado industrial\"}]},{\"@type\":\"WebSite\",\"@id\":\"https:\/\/institutocrearte.cl\/wp\/#website\",\"url\":\"https:\/\/institutocrearte.cl\/wp\/\",\"name\":\"Instituto Crearte\",\"description\":\"3 d\u00e9cadas juntos\",\"publisher\":{\"@id\":\"https:\/\/institutocrearte.cl\/wp\/#organization\"},\"potentialAction\":[{\"@type\":\"SearchAction\",\"target\":{\"@type\":\"EntryPoint\",\"urlTemplate\":\"https:\/\/institutocrearte.cl\/wp\/?s={search_term_string}\"},\"query-input\":{\"@type\":\"PropertyValueSpecification\",\"valueRequired\":true,\"valueName\":\"search_term_string\"}}],\"inLanguage\":\"es\"},{\"@type\":\"Organization\",\"@id\":\"https:\/\/institutocrearte.cl\/wp\/#organization\",\"name\":\"Instituto Crearte\",\"url\":\"https:\/\/institutocrearte.cl\/wp\/\",\"logo\":{\"@type\":\"ImageObject\",\"inLanguage\":\"es\",\"@id\":\"https:\/\/institutocrearte.cl\/wp\/#\/schema\/logo\/image\/\",\"url\":\"https:\/\/institutocrearte.cl\/wp\/wp-content\/uploads\/2020\/06\/logo.jpg\",\"contentUrl\":\"https:\/\/institutocrearte.cl\/wp\/wp-content\/uploads\/2020\/06\/logo.jpg\",\"width\":960,\"height\":960,\"caption\":\"Instituto Crearte\"},\"image\":{\"@id\":\"https:\/\/institutocrearte.cl\/wp\/#\/schema\/logo\/image\/\"},\"sameAs\":[\"https:\/\/www.facebook.com\/crearteinstituto\",\"https:\/\/x.com\/CrearteChile\",\"https:\/\/www.instagram.com\/institutocrearte\/\",\"https:\/\/www.youtube.com\/channel\/UCjChXIgoFYB_3fNorXKYEYg\"]}]}<\/script>\n<!-- \/ Yoast SEO plugin. -->","yoast_head_json":{"title":"Escalado industrial - Instituto Crearte","robots":{"index":"index","follow":"follow","max-snippet":"max-snippet:-1","max-image-preview":"max-image-preview:large","max-video-preview":"max-video-preview:-1"},"canonical":"https:\/\/institutocrearte.cl\/wp\/producto\/escalado\/","og_locale":"es_ES","og_type":"article","og_title":"Escalado industrial - Instituto Crearte","og_description":"\u00a1Aprende a agrandar y a achicar tus tallas correctamente!  El escalado de patrones en costura es una t\u00e9cnica que te permite agrandar o reducir tallas sin que la prenda se deforme.\u00a0 El m\u00e9todo correcto ayuda a optimizar recursos y tiempo.  En este curso aprender\u00e1s el m\u00e9todo correcto para aumentar y reducir las tallas en los patrones principales que se utilizan en la moda femenina.  El curso parte desde lo m\u00e1s b\u00e1sico del escalado, sin embargo es necesario tener conocimientos previos de Patronaje.  El Curso incluye teor\u00eda y pr\u00e1ctica.  https:\/\/www.youtube.com\/watch?v=Et2yoUAczGs  Duraci\u00f3n Online: 3 meses. Incluye ingreso a Plataforma para acceder a material exclusivo de ense\u00f1anza y sesiones en vivo.  Profesora:\u00a0Patricia Romero Baeza  Dise\u00f1adora y autora de Libros relacionados","og_url":"https:\/\/institutocrearte.cl\/wp\/producto\/escalado\/","og_site_name":"Instituto Crearte","article_publisher":"https:\/\/www.facebook.com\/crearteinstituto","article_modified_time":"2026-03-07T18:52:41+00:00","og_image":[{"width":675,"height":844,"url":"https:\/\/institutocrearte.cl\/wp\/wp-content\/uploads\/2020\/07\/Escalado-1.png","type":"image\/png"}],"twitter_card":"summary_large_image","twitter_site":"@CrearteChile","twitter_misc":{"Tiempo de lectura":"1 minuto"},"schema":{"@context":"https:\/\/schema.org","@graph":[{"@type":"WebPage","@id":"https:\/\/institutocrearte.cl\/wp\/producto\/escalado\/","url":"https:\/\/institutocrearte.cl\/wp\/producto\/escalado\/","name":"Escalado industrial - Instituto Crearte","isPartOf":{"@id":"https:\/\/institutocrearte.cl\/wp\/#website"},"primaryImageOfPage":{"@id":"https:\/\/institutocrearte.cl\/wp\/producto\/escalado\/#primaryimage"},"image":{"@id":"https:\/\/institutocrearte.cl\/wp\/producto\/escalado\/#primaryimage"},"thumbnailUrl":"https:\/\/institutocrearte.cl\/wp\/wp-content\/uploads\/2020\/07\/Escalado-1.png","datePublished":"2020-07-01T20:36:35+00:00","dateModified":"2026-03-07T18:52:41+00:00","breadcrumb":{"@id":"https:\/\/institutocrearte.cl\/wp\/producto\/escalado\/#breadcrumb"},"inLanguage":"es","potentialAction":[{"@type":"ReadAction","target":["https:\/\/institutocrearte.cl\/wp\/producto\/escalado\/"]}]},{"@type":"ImageObject","inLanguage":"es","@id":"https:\/\/institutocrearte.cl\/wp\/producto\/escalado\/#primaryimage","url":"https:\/\/institutocrearte.cl\/wp\/wp-content\/uploads\/2020\/07\/Escalado-1.png","contentUrl":"https:\/\/institutocrearte.cl\/wp\/wp-content\/uploads\/2020\/07\/Escalado-1.png","width":675,"height":844},{"@type":"BreadcrumbList","@id":"https:\/\/institutocrearte.cl\/wp\/producto\/escalado\/#breadcrumb","itemListElement":[{"@type":"ListItem","position":1,"name":"Portada","item":"https:\/\/institutocrearte.cl\/wp\/"},{"@type":"ListItem","position":2,"name":"Tienda","item":"https:\/\/institutocrearte.cl\/wp\/tienda\/"},{"@type":"ListItem","position":3,"name":"Escalado industrial"}]},{"@type":"WebSite","@id":"https:\/\/institutocrearte.cl\/wp\/#website","url":"https:\/\/institutocrearte.cl\/wp\/","name":"Instituto Crearte","description":"3 d\u00e9cadas juntos","publisher":{"@id":"https:\/\/institutocrearte.cl\/wp\/#organization"},"potentialAction":[{"@type":"SearchAction","target":{"@type":"EntryPoint","urlTemplate":"https:\/\/institutocrearte.cl\/wp\/?s={search_term_string}"},"query-input":{"@type":"PropertyValueSpecification","valueRequired":true,"valueName":"search_term_string"}}],"inLanguage":"es"},{"@type":"Organization","@id":"https:\/\/institutocrearte.cl\/wp\/#organization","name":"Instituto Crearte","url":"https:\/\/institutocrearte.cl\/wp\/","logo":{"@type":"ImageObject","inLanguage":"es","@id":"https:\/\/institutocrearte.cl\/wp\/#\/schema\/logo\/image\/","url":"https:\/\/institutocrearte.cl\/wp\/wp-content\/uploads\/2020\/06\/logo.jpg","contentUrl":"https:\/\/institutocrearte.cl\/wp\/wp-content\/uploads\/2020\/06\/logo.jpg","width":960,"height":960,"caption":"Instituto Crearte"},"image":{"@id":"https:\/\/institutocrearte.cl\/wp\/#\/schema\/logo\/image\/"},"sameAs":["https:\/\/www.facebook.com\/crearteinstituto","https:\/\/x.com\/CrearteChile","https:\/\/www.instagram.com\/institutocrearte\/","https:\/\/www.youtube.com\/channel\/UCjChXIgoFYB_3fNorXKYEYg"]}]}},"_links":{"self":[{"href":"https:\/\/institutocrearte.cl\/wp\/wp-json\/wp\/v2\/product\/451","targetHints":{"allow":["GET"]}}],"collection":[{"href":"https:\/\/institutocrearte.cl\/wp\/wp-json\/wp\/v2\/product"}],"about":[{"href":"https:\/\/institutocrearte.cl\/wp\/wp-json\/wp\/v2\/types\/product"}],"wp:featuredmedia":[{"embeddable":true,"href":"https:\/\/institutocrearte.cl\/wp\/wp-json\/wp\/v2\/media\/2497"}],"wp:attachment":[{"href":"https:\/\/institutocrearte.cl\/wp\/wp-json\/wp\/v2\/media?parent=451"}],"wp:term":[{"taxonomy":"product_brand","embeddable":true,"href":"https:\/\/institutocrearte.cl\/wp\/wp-json\/wp\/v2\/product_brand?post=451"},{"taxonomy":"product_cat","embeddable":true,"href":"https:\/\/institutocrearte.cl\/wp\/wp-json\/wp\/v2\/product_cat?post=451"},{"taxonomy":"product_tag","embeddable":true,"href":"https:\/\/institutocrearte.cl\/wp\/wp-json\/wp\/v2\/product_tag?post=451"}],"curies":[{"name":"wp","href":"https:\/\/api.w.org\/{rel}","templated":true}]}}