{"id":443,"date":"2020-06-29T20:30:23","date_gmt":"2020-06-30T00:30:23","guid":{"rendered":"https:\/\/institutocrearte.cl\/wp\/?post_type=product&#038;p=443"},"modified":"2026-03-01T13:00:40","modified_gmt":"2026-03-01T17:00:40","slug":"taller-de-encuadernacion","status":"publish","type":"product","link":"https:\/\/institutocrearte.cl\/wp\/producto\/taller-de-encuadernacion\/","title":{"rendered":"Taller Encuadernaci\u00f3n"},"content":{"rendered":"<p><span class=\"top-1\"><strong><em>Contenidos Principales:<\/em><\/strong><\/span><\/p>\n<ul>\n<li>Breve historia de la encuadernaci\u00f3n<\/li>\n<li>Materiales a utilizar y su preparaci\u00f3n<\/li>\n<li>Partes que componen una encuadernaci\u00f3n<\/li>\n<li>Encuadernaci\u00f3n copta<\/li>\n<li>Encuadernaci\u00f3n greca<\/li>\n<li>Encuadernaci\u00f3n francesa<\/li>\n<li>Encuadernaciones con lomo expuesto y con lomo cerrado<\/li>\n<li>Entelado<\/li>\n<\/ul>\n<h4><\/h4>\n<h4 class=\"p1\" style=\"text-align: center;\"><span class=\"s1\"><b>30% de descuento<\/b><\/span><\/h4>\n<p style=\"text-align: center;\">Exclusivo modalidad Online<\/p>\n<h5 style=\"text-align: center;\">Ventajas de aprender OnLine en Instituto Crearte<\/h5>\n<p style=\"text-align: center;\">Plataforma disponible las 24 horas.<\/p>\n<p style=\"text-align: center;\">Material exclusivo de ense\u00f1anza.<\/p>\n<p style=\"text-align: center;\">Un Tutor te acompa\u00f1ar\u00e1 siempre en tu aprendizaje, con sesiones en vivo.<\/p>\n<p style=\"text-align: center;\">Incluye tu Certificaci\u00f3n.<\/p>\n<p style=\"text-align: center;\">3 d\u00e9cadas de experiencia. Escuela Internacional OnLine de Miami. 5 sedes presenciales en Chile para que contin\u00faes tus estudios.<\/p>\n","protected":false},"excerpt":{"rendered":"<div class=\"col-sm-7\">\n<div class=\"course-description\">\n<h3><strong><em>Realiza tus propias encuadernaciones artesanales<\/em><\/strong><\/h3>\n<p><b>Crea encuadernaciones \u00fanicas con tu estilo<\/b><\/p>\n<p>Taller de encuadernaci\u00f3n, con diferentes t\u00e9cnicas de costura que podr\u00e1s aplicar a distintos dise\u00f1os para regalar o para tu emprendimiento.<\/p>\n<p>Encontrar\u00e1s distintos tipos de encuadernaci\u00f3n paso a paso guiado por videos y materia para que puedas aprender de forma did\u00e1ctica y entretenida.<\/p>\n<\/div>\n<p><strong>Duraci\u00f3n:\u00a0<\/strong>2 meses \u2013 4 sesiones de consultas en Vivo con el Tutor<\/p>\n<div class=\"course-description\">\n<p>No se requiere conocimiento previo. Promoci\u00f3n por tiempo limitado.<\/p>\n<\/div>\n<p>Profesora:\u00a0<strong>Sara Aburto Rudolph<\/strong><\/p>\n<ul>\n<li>Docente Instituto Crearte<\/li>\n<li>Profesora en Artes Visuales<\/li>\n<li>Licenciada en Artes<\/li>\n<li>Licenciada en Educaci\u00f3n<\/li>\n<\/ul>\n<\/div>\n","protected":false},"featured_media":444,"template":"","meta":{"_eb_attr":"","_monsterinsights_skip_tracking":false,"_monsterinsights_sitenote_active":false,"_monsterinsights_sitenote_note":"","_monsterinsights_sitenote_category":0},"product_brand":[],"product_cat":[68],"product_tag":[133,79,163,47,161,164,162,69],"class_list":{"0":"post-443","1":"product","2":"type-product","3":"status-publish","4":"has-post-thumbnail","6":"product_cat-manualidades","7":"product_tag-arte","8":"product_tag-artesanal","9":"product_tag-cuadernos","10":"product_tag-cursos-online","11":"product_tag-encuadernacion","12":"product_tag-hecho-a-mano","13":"product_tag-libretas","14":"product_tag-manualidades","16":"first","17":"instock","18":"sale","19":"shipping-taxable","20":"purchasable","21":"product-type-simple"},"yoast_head":"<!-- This site is optimized with the Yoast SEO plugin v26.3 - https:\/\/yoast.com\/wordpress\/plugins\/seo\/ -->\n<title>Taller Encuadernaci\u00f3n - Instituto Crearte<\/title>\n<meta name=\"robots\" content=\"index, follow, max-snippet:-1, max-image-preview:large, max-video-preview:-1\" \/>\n<link rel=\"canonical\" href=\"https:\/\/institutocrearte.cl\/wp\/producto\/taller-de-encuadernacion\/\" \/>\n<meta property=\"og:locale\" content=\"es_ES\" \/>\n<meta property=\"og:type\" content=\"article\" \/>\n<meta property=\"og:title\" content=\"Taller Encuadernaci\u00f3n - Instituto Crearte\" \/>\n<meta property=\"og:description\" content=\"Realiza tus propias encuadernaciones artesanales Crea encuadernaciones \u00fanicas con tu estilo  Taller de encuadernaci\u00f3n, con diferentes t\u00e9cnicas de costura que podr\u00e1s aplicar a distintos dise\u00f1os para regalar o para tu emprendimiento.  Encontrar\u00e1s distintos tipos de encuadernaci\u00f3n paso a paso guiado por videos y materia para que puedas aprender de forma did\u00e1ctica y entretenida.   Duraci\u00f3n:\u00a02 meses \u2013 4 sesiones de consultas en Vivo con el Tutor   No se requiere conocimiento previo. Promoci\u00f3n por tiempo limitado.   Profesora:\u00a0Sara Aburto Rudolph   Docente Instituto Crearte  Profesora en Artes Visuales  Licenciada en Artes  Licenciada en Educaci\u00f3n\" \/>\n<meta property=\"og:url\" content=\"https:\/\/institutocrearte.cl\/wp\/producto\/taller-de-encuadernacion\/\" \/>\n<meta property=\"og:site_name\" content=\"Instituto Crearte\" \/>\n<meta property=\"article:publisher\" content=\"https:\/\/www.facebook.com\/crearteinstituto\" \/>\n<meta property=\"article:modified_time\" content=\"2026-03-01T17:00:40+00:00\" \/>\n<meta property=\"og:image\" content=\"https:\/\/institutocrearte.cl\/wp\/wp-content\/uploads\/2020\/06\/encuadernacionOnLine.jpg\" \/>\n\t<meta property=\"og:image:width\" content=\"600\" \/>\n\t<meta property=\"og:image:height\" content=\"509\" \/>\n\t<meta property=\"og:image:type\" content=\"image\/jpeg\" \/>\n<meta name=\"twitter:card\" content=\"summary_large_image\" \/>\n<meta name=\"twitter:site\" content=\"@CrearteChile\" \/>\n<meta name=\"twitter:label1\" content=\"Tiempo de lectura\" \/>\n\t<meta name=\"twitter:data1\" content=\"1 minuto\" \/>\n<script type=\"application\/ld+json\" class=\"yoast-schema-graph\">{\"@context\":\"https:\/\/schema.org\",\"@graph\":[{\"@type\":\"WebPage\",\"@id\":\"https:\/\/institutocrearte.cl\/wp\/producto\/taller-de-encuadernacion\/\",\"url\":\"https:\/\/institutocrearte.cl\/wp\/producto\/taller-de-encuadernacion\/\",\"name\":\"Taller Encuadernaci\u00f3n - Instituto Crearte\",\"isPartOf\":{\"@id\":\"https:\/\/institutocrearte.cl\/wp\/#website\"},\"primaryImageOfPage\":{\"@id\":\"https:\/\/institutocrearte.cl\/wp\/producto\/taller-de-encuadernacion\/#primaryimage\"},\"image\":{\"@id\":\"https:\/\/institutocrearte.cl\/wp\/producto\/taller-de-encuadernacion\/#primaryimage\"},\"thumbnailUrl\":\"https:\/\/institutocrearte.cl\/wp\/wp-content\/uploads\/2020\/06\/encuadernacionOnLine.jpg\",\"datePublished\":\"2020-06-30T00:30:23+00:00\",\"dateModified\":\"2026-03-01T17:00:40+00:00\",\"breadcrumb\":{\"@id\":\"https:\/\/institutocrearte.cl\/wp\/producto\/taller-de-encuadernacion\/#breadcrumb\"},\"inLanguage\":\"es\",\"potentialAction\":[{\"@type\":\"ReadAction\",\"target\":[\"https:\/\/institutocrearte.cl\/wp\/producto\/taller-de-encuadernacion\/\"]}]},{\"@type\":\"ImageObject\",\"inLanguage\":\"es\",\"@id\":\"https:\/\/institutocrearte.cl\/wp\/producto\/taller-de-encuadernacion\/#primaryimage\",\"url\":\"https:\/\/institutocrearte.cl\/wp\/wp-content\/uploads\/2020\/06\/encuadernacionOnLine.jpg\",\"contentUrl\":\"https:\/\/institutocrearte.cl\/wp\/wp-content\/uploads\/2020\/06\/encuadernacionOnLine.jpg\",\"width\":600,\"height\":509,\"caption\":\"Encuadernaci\u00f3n\"},{\"@type\":\"BreadcrumbList\",\"@id\":\"https:\/\/institutocrearte.cl\/wp\/producto\/taller-de-encuadernacion\/#breadcrumb\",\"itemListElement\":[{\"@type\":\"ListItem\",\"position\":1,\"name\":\"Portada\",\"item\":\"https:\/\/institutocrearte.cl\/wp\/\"},{\"@type\":\"ListItem\",\"position\":2,\"name\":\"Tienda\",\"item\":\"https:\/\/institutocrearte.cl\/wp\/tienda\/\"},{\"@type\":\"ListItem\",\"position\":3,\"name\":\"Taller Encuadernaci\u00f3n\"}]},{\"@type\":\"WebSite\",\"@id\":\"https:\/\/institutocrearte.cl\/wp\/#website\",\"url\":\"https:\/\/institutocrearte.cl\/wp\/\",\"name\":\"Instituto Crearte\",\"description\":\"3 d\u00e9cadas juntos\",\"publisher\":{\"@id\":\"https:\/\/institutocrearte.cl\/wp\/#organization\"},\"potentialAction\":[{\"@type\":\"SearchAction\",\"target\":{\"@type\":\"EntryPoint\",\"urlTemplate\":\"https:\/\/institutocrearte.cl\/wp\/?s={search_term_string}\"},\"query-input\":{\"@type\":\"PropertyValueSpecification\",\"valueRequired\":true,\"valueName\":\"search_term_string\"}}],\"inLanguage\":\"es\"},{\"@type\":\"Organization\",\"@id\":\"https:\/\/institutocrearte.cl\/wp\/#organization\",\"name\":\"Instituto Crearte\",\"url\":\"https:\/\/institutocrearte.cl\/wp\/\",\"logo\":{\"@type\":\"ImageObject\",\"inLanguage\":\"es\",\"@id\":\"https:\/\/institutocrearte.cl\/wp\/#\/schema\/logo\/image\/\",\"url\":\"https:\/\/institutocrearte.cl\/wp\/wp-content\/uploads\/2020\/06\/logo.jpg\",\"contentUrl\":\"https:\/\/institutocrearte.cl\/wp\/wp-content\/uploads\/2020\/06\/logo.jpg\",\"width\":960,\"height\":960,\"caption\":\"Instituto Crearte\"},\"image\":{\"@id\":\"https:\/\/institutocrearte.cl\/wp\/#\/schema\/logo\/image\/\"},\"sameAs\":[\"https:\/\/www.facebook.com\/crearteinstituto\",\"https:\/\/x.com\/CrearteChile\",\"https:\/\/www.instagram.com\/institutocrearte\/\",\"https:\/\/www.youtube.com\/channel\/UCjChXIgoFYB_3fNorXKYEYg\"]}]}<\/script>\n<!-- \/ Yoast SEO plugin. -->","yoast_head_json":{"title":"Taller Encuadernaci\u00f3n - Instituto Crearte","robots":{"index":"index","follow":"follow","max-snippet":"max-snippet:-1","max-image-preview":"max-image-preview:large","max-video-preview":"max-video-preview:-1"},"canonical":"https:\/\/institutocrearte.cl\/wp\/producto\/taller-de-encuadernacion\/","og_locale":"es_ES","og_type":"article","og_title":"Taller Encuadernaci\u00f3n - Instituto Crearte","og_description":"Realiza tus propias encuadernaciones artesanales Crea encuadernaciones \u00fanicas con tu estilo  Taller de encuadernaci\u00f3n, con diferentes t\u00e9cnicas de costura que podr\u00e1s aplicar a distintos dise\u00f1os para regalar o para tu emprendimiento.  Encontrar\u00e1s distintos tipos de encuadernaci\u00f3n paso a paso guiado por videos y materia para que puedas aprender de forma did\u00e1ctica y entretenida.   Duraci\u00f3n:\u00a02 meses \u2013 4 sesiones de consultas en Vivo con el Tutor   No se requiere conocimiento previo. Promoci\u00f3n por tiempo limitado.   Profesora:\u00a0Sara Aburto Rudolph   Docente Instituto Crearte  Profesora en Artes Visuales  Licenciada en Artes  Licenciada en Educaci\u00f3n","og_url":"https:\/\/institutocrearte.cl\/wp\/producto\/taller-de-encuadernacion\/","og_site_name":"Instituto Crearte","article_publisher":"https:\/\/www.facebook.com\/crearteinstituto","article_modified_time":"2026-03-01T17:00:40+00:00","og_image":[{"width":600,"height":509,"url":"https:\/\/institutocrearte.cl\/wp\/wp-content\/uploads\/2020\/06\/encuadernacionOnLine.jpg","type":"image\/jpeg"}],"twitter_card":"summary_large_image","twitter_site":"@CrearteChile","twitter_misc":{"Tiempo de lectura":"1 minuto"},"schema":{"@context":"https:\/\/schema.org","@graph":[{"@type":"WebPage","@id":"https:\/\/institutocrearte.cl\/wp\/producto\/taller-de-encuadernacion\/","url":"https:\/\/institutocrearte.cl\/wp\/producto\/taller-de-encuadernacion\/","name":"Taller Encuadernaci\u00f3n - Instituto Crearte","isPartOf":{"@id":"https:\/\/institutocrearte.cl\/wp\/#website"},"primaryImageOfPage":{"@id":"https:\/\/institutocrearte.cl\/wp\/producto\/taller-de-encuadernacion\/#primaryimage"},"image":{"@id":"https:\/\/institutocrearte.cl\/wp\/producto\/taller-de-encuadernacion\/#primaryimage"},"thumbnailUrl":"https:\/\/institutocrearte.cl\/wp\/wp-content\/uploads\/2020\/06\/encuadernacionOnLine.jpg","datePublished":"2020-06-30T00:30:23+00:00","dateModified":"2026-03-01T17:00:40+00:00","breadcrumb":{"@id":"https:\/\/institutocrearte.cl\/wp\/producto\/taller-de-encuadernacion\/#breadcrumb"},"inLanguage":"es","potentialAction":[{"@type":"ReadAction","target":["https:\/\/institutocrearte.cl\/wp\/producto\/taller-de-encuadernacion\/"]}]},{"@type":"ImageObject","inLanguage":"es","@id":"https:\/\/institutocrearte.cl\/wp\/producto\/taller-de-encuadernacion\/#primaryimage","url":"https:\/\/institutocrearte.cl\/wp\/wp-content\/uploads\/2020\/06\/encuadernacionOnLine.jpg","contentUrl":"https:\/\/institutocrearte.cl\/wp\/wp-content\/uploads\/2020\/06\/encuadernacionOnLine.jpg","width":600,"height":509,"caption":"Encuadernaci\u00f3n"},{"@type":"BreadcrumbList","@id":"https:\/\/institutocrearte.cl\/wp\/producto\/taller-de-encuadernacion\/#breadcrumb","itemListElement":[{"@type":"ListItem","position":1,"name":"Portada","item":"https:\/\/institutocrearte.cl\/wp\/"},{"@type":"ListItem","position":2,"name":"Tienda","item":"https:\/\/institutocrearte.cl\/wp\/tienda\/"},{"@type":"ListItem","position":3,"name":"Taller Encuadernaci\u00f3n"}]},{"@type":"WebSite","@id":"https:\/\/institutocrearte.cl\/wp\/#website","url":"https:\/\/institutocrearte.cl\/wp\/","name":"Instituto Crearte","description":"3 d\u00e9cadas juntos","publisher":{"@id":"https:\/\/institutocrearte.cl\/wp\/#organization"},"potentialAction":[{"@type":"SearchAction","target":{"@type":"EntryPoint","urlTemplate":"https:\/\/institutocrearte.cl\/wp\/?s={search_term_string}"},"query-input":{"@type":"PropertyValueSpecification","valueRequired":true,"valueName":"search_term_string"}}],"inLanguage":"es"},{"@type":"Organization","@id":"https:\/\/institutocrearte.cl\/wp\/#organization","name":"Instituto Crearte","url":"https:\/\/institutocrearte.cl\/wp\/","logo":{"@type":"ImageObject","inLanguage":"es","@id":"https:\/\/institutocrearte.cl\/wp\/#\/schema\/logo\/image\/","url":"https:\/\/institutocrearte.cl\/wp\/wp-content\/uploads\/2020\/06\/logo.jpg","contentUrl":"https:\/\/institutocrearte.cl\/wp\/wp-content\/uploads\/2020\/06\/logo.jpg","width":960,"height":960,"caption":"Instituto Crearte"},"image":{"@id":"https:\/\/institutocrearte.cl\/wp\/#\/schema\/logo\/image\/"},"sameAs":["https:\/\/www.facebook.com\/crearteinstituto","https:\/\/x.com\/CrearteChile","https:\/\/www.instagram.com\/institutocrearte\/","https:\/\/www.youtube.com\/channel\/UCjChXIgoFYB_3fNorXKYEYg"]}]}},"_links":{"self":[{"href":"https:\/\/institutocrearte.cl\/wp\/wp-json\/wp\/v2\/product\/443","targetHints":{"allow":["GET"]}}],"collection":[{"href":"https:\/\/institutocrearte.cl\/wp\/wp-json\/wp\/v2\/product"}],"about":[{"href":"https:\/\/institutocrearte.cl\/wp\/wp-json\/wp\/v2\/types\/product"}],"wp:featuredmedia":[{"embeddable":true,"href":"https:\/\/institutocrearte.cl\/wp\/wp-json\/wp\/v2\/media\/444"}],"wp:attachment":[{"href":"https:\/\/institutocrearte.cl\/wp\/wp-json\/wp\/v2\/media?parent=443"}],"wp:term":[{"taxonomy":"product_brand","embeddable":true,"href":"https:\/\/institutocrearte.cl\/wp\/wp-json\/wp\/v2\/product_brand?post=443"},{"taxonomy":"product_cat","embeddable":true,"href":"https:\/\/institutocrearte.cl\/wp\/wp-json\/wp\/v2\/product_cat?post=443"},{"taxonomy":"product_tag","embeddable":true,"href":"https:\/\/institutocrearte.cl\/wp\/wp-json\/wp\/v2\/product_tag?post=443"}],"curies":[{"name":"wp","href":"https:\/\/api.w.org\/{rel}","templated":true}]}}