{"id":387,"date":"2020-06-28T17:25:45","date_gmt":"2020-06-28T21:25:45","guid":{"rendered":"https:\/\/institutocrearte.cl\/wp\/?post_type=product&#038;p=387"},"modified":"2026-04-09T11:56:19","modified_gmt":"2026-04-09T15:56:19","slug":"moldaje-y-escalado-por-computacion","status":"publish","type":"product","link":"https:\/\/institutocrearte.cl\/wp\/producto\/moldaje-y-escalado-por-computacion\/","title":{"rendered":"Moldaje y Escalado por Computaci\u00f3n"},"content":{"rendered":"<p><strong>Contenidos principales:<\/strong><\/p>\n<ul>\n<li>Introducci\u00f3n al Programa<\/li>\n<li>Herramientas, rutas de acceso y modo de grabado<\/li>\n<li>Construcci\u00f3n b\u00e1sica<\/li>\n<li>Extracci\u00f3n de piezas<\/li>\n<li>Creaci\u00f3n de 1 patr\u00f3n<\/li>\n<li>Transformaciones<\/li>\n<li>Industrializaci\u00f3n de patrones<\/li>\n<li>Escalado<\/li>\n<li>Creaci\u00f3n de variantes<\/li>\n<li>Digitalizado<\/li>\n<li>Codificaciones<\/li>\n<\/ul>\n<h4 class=\"p1\" style=\"text-align: center;\"><span class=\"s1\"><b>\u00a1Modalidad OnLine!<\/b><\/span><\/h4>\n<h5 style=\"text-align: center;\">Ventajas de aprender OnLine en Instituto Crearte<\/h5>\n<p style=\"text-align: center;\">Plataforma disponible las 24 horas.<\/p>\n<p style=\"text-align: center;\">Un profesor te acompa\u00f1ar\u00e1 siempre en tu aprendizaje, con sesiones en vivo.<\/p>\n<p style=\"text-align: center;\">Material exclusivo de ense\u00f1anza.<\/p>\n<p style=\"text-align: center;\">Incluye tu Certificaci\u00f3n.<\/p>\n<p style=\"text-align: center;\">Contamos con 3 d\u00e9cadas de experiencia, 5 sedes presenciales en Chile, y la Escuela Internacional OnLine, para que contin\u00faes tus estudios.<\/p>\n","protected":false},"excerpt":{"rendered":"<h3 id=\"yui_3_17_2_1_1475120849764_177\">Curso especializado para modelistas o dise\u00f1adores<\/h3>\n<p>Aprende a realizar Moldes en el computador, escalado, variantes, digitalizado, tableros de tallas, transformaciones e industrializaci\u00f3n en el computador. El curso OnLine, incluye Videos, Lecciones y tutoriales para visualizar e imprimir y mensajer\u00eda directa con tus docentes y sesiones de consultas en vivo.<\/p>\n<p>Para realizar este curso debes tener conocimientos de Patronaje\/Moldaje y tener instalado en tu computador el Software Modaris.<\/p>\n<p>&nbsp;<\/p>\n<p><strong>INCLUYE GRATIS<\/strong> el curso de <strong>Tizado por computaci\u00f3n<\/strong>, con el Software <strong>Diamino<\/strong>. (Valor curso de Tizado $265000). Pre requisito: Manejo del software Modaris. Promoci\u00f3n disponible por el primer semestre 2026.<\/p>\n<p>&nbsp;<\/p>\n<p>Profesora: <strong>Patricia Romero Baeza<\/strong><\/p>\n<p>Dise\u00f1adora Modelista Patronista especializada<\/p>\n<p>Escritora de Libros T\u00e9cnicos especializados<\/p>\n<p>Docente Universitaria<\/p>\n","protected":false},"featured_media":388,"template":"","meta":{"_eb_attr":"","_monsterinsights_skip_tracking":false,"_monsterinsights_sitenote_active":false,"_monsterinsights_sitenote_note":"","_monsterinsights_sitenote_category":0},"product_brand":[],"product_cat":[51],"product_tag":[47,56,55,53,52,54],"class_list":{"0":"post-387","1":"product","2":"type-product","3":"status-publish","4":"has-post-thumbnail","6":"product_cat-computacion","7":"product_tag-cursos-online","8":"product_tag-lectra","9":"product_tag-modaris","10":"product_tag-moldaje-por-computacion","11":"product_tag-moldes-computacionales","12":"product_tag-patrones-por-ordenador","14":"first","15":"instock","16":"shipping-taxable","17":"purchasable","18":"product-type-simple"},"yoast_head":"<!-- This site is optimized with the Yoast SEO plugin v26.3 - https:\/\/yoast.com\/wordpress\/plugins\/seo\/ -->\n<title>Moldaje y Escalado por Computaci\u00f3n - Instituto Crearte<\/title>\n<meta name=\"robots\" content=\"index, follow, max-snippet:-1, max-image-preview:large, max-video-preview:-1\" \/>\n<link rel=\"canonical\" href=\"https:\/\/institutocrearte.cl\/wp\/producto\/moldaje-y-escalado-por-computacion\/\" \/>\n<meta property=\"og:locale\" content=\"es_ES\" \/>\n<meta property=\"og:type\" content=\"article\" \/>\n<meta property=\"og:title\" content=\"Moldaje y Escalado por Computaci\u00f3n - Instituto Crearte\" \/>\n<meta property=\"og:description\" content=\"Curso especializado para modelistas o dise\u00f1adores Aprende a realizar Moldes en el computador, escalado, variantes, digitalizado, tableros de tallas, transformaciones e industrializaci\u00f3n en el computador. El curso OnLine, incluye Videos, Lecciones y tutoriales para visualizar e imprimir y mensajer\u00eda directa con tus docentes y sesiones de consultas en vivo.  Para realizar este curso debes tener conocimientos de Patronaje\/Moldaje y tener instalado en tu computador el Software Modaris.  &nbsp;  INCLUYE GRATIS el curso de Tizado por computaci\u00f3n, con el Software Diamino. (Valor curso de Tizado $265000). Pre requisito: Manejo del software Modaris. Promoci\u00f3n disponible por el primer semestre 2026.  &nbsp;  Profesora: Patricia Romero Baeza  Dise\u00f1adora Modelista Patronista especializada  Escritora de Libros T\u00e9cnicos especializados  Docente Universitaria\" \/>\n<meta property=\"og:url\" content=\"https:\/\/institutocrearte.cl\/wp\/producto\/moldaje-y-escalado-por-computacion\/\" \/>\n<meta property=\"og:site_name\" content=\"Instituto Crearte\" \/>\n<meta property=\"article:publisher\" content=\"https:\/\/www.facebook.com\/crearteinstituto\" \/>\n<meta property=\"article:modified_time\" content=\"2026-04-09T15:56:19+00:00\" \/>\n<meta property=\"og:image\" content=\"https:\/\/institutocrearte.cl\/wp\/wp-content\/uploads\/2020\/06\/Moldaje-por-computacion.jpg\" \/>\n\t<meta property=\"og:image:width\" content=\"337\" \/>\n\t<meta property=\"og:image:height\" content=\"334\" \/>\n\t<meta property=\"og:image:type\" content=\"image\/jpeg\" \/>\n<meta name=\"twitter:card\" content=\"summary_large_image\" \/>\n<meta name=\"twitter:site\" content=\"@CrearteChile\" \/>\n<meta name=\"twitter:label1\" content=\"Tiempo de lectura\" \/>\n\t<meta name=\"twitter:data1\" content=\"1 minuto\" \/>\n<script type=\"application\/ld+json\" class=\"yoast-schema-graph\">{\"@context\":\"https:\/\/schema.org\",\"@graph\":[{\"@type\":\"WebPage\",\"@id\":\"https:\/\/institutocrearte.cl\/wp\/producto\/moldaje-y-escalado-por-computacion\/\",\"url\":\"https:\/\/institutocrearte.cl\/wp\/producto\/moldaje-y-escalado-por-computacion\/\",\"name\":\"Moldaje y Escalado por Computaci\u00f3n - Instituto Crearte\",\"isPartOf\":{\"@id\":\"https:\/\/institutocrearte.cl\/wp\/#website\"},\"primaryImageOfPage\":{\"@id\":\"https:\/\/institutocrearte.cl\/wp\/producto\/moldaje-y-escalado-por-computacion\/#primaryimage\"},\"image\":{\"@id\":\"https:\/\/institutocrearte.cl\/wp\/producto\/moldaje-y-escalado-por-computacion\/#primaryimage\"},\"thumbnailUrl\":\"https:\/\/institutocrearte.cl\/wp\/wp-content\/uploads\/2020\/06\/Moldaje-por-computacion.jpg\",\"datePublished\":\"2020-06-28T21:25:45+00:00\",\"dateModified\":\"2026-04-09T15:56:19+00:00\",\"breadcrumb\":{\"@id\":\"https:\/\/institutocrearte.cl\/wp\/producto\/moldaje-y-escalado-por-computacion\/#breadcrumb\"},\"inLanguage\":\"es\",\"potentialAction\":[{\"@type\":\"ReadAction\",\"target\":[\"https:\/\/institutocrearte.cl\/wp\/producto\/moldaje-y-escalado-por-computacion\/\"]}]},{\"@type\":\"ImageObject\",\"inLanguage\":\"es\",\"@id\":\"https:\/\/institutocrearte.cl\/wp\/producto\/moldaje-y-escalado-por-computacion\/#primaryimage\",\"url\":\"https:\/\/institutocrearte.cl\/wp\/wp-content\/uploads\/2020\/06\/Moldaje-por-computacion.jpg\",\"contentUrl\":\"https:\/\/institutocrearte.cl\/wp\/wp-content\/uploads\/2020\/06\/Moldaje-por-computacion.jpg\",\"width\":337,\"height\":334,\"caption\":\"Moldaje Computacional\"},{\"@type\":\"BreadcrumbList\",\"@id\":\"https:\/\/institutocrearte.cl\/wp\/producto\/moldaje-y-escalado-por-computacion\/#breadcrumb\",\"itemListElement\":[{\"@type\":\"ListItem\",\"position\":1,\"name\":\"Portada\",\"item\":\"https:\/\/institutocrearte.cl\/wp\/\"},{\"@type\":\"ListItem\",\"position\":2,\"name\":\"Tienda\",\"item\":\"https:\/\/institutocrearte.cl\/wp\/tienda\/\"},{\"@type\":\"ListItem\",\"position\":3,\"name\":\"Moldaje y Escalado por Computaci\u00f3n\"}]},{\"@type\":\"WebSite\",\"@id\":\"https:\/\/institutocrearte.cl\/wp\/#website\",\"url\":\"https:\/\/institutocrearte.cl\/wp\/\",\"name\":\"Instituto Crearte\",\"description\":\"3 d\u00e9cadas juntos\",\"publisher\":{\"@id\":\"https:\/\/institutocrearte.cl\/wp\/#organization\"},\"potentialAction\":[{\"@type\":\"SearchAction\",\"target\":{\"@type\":\"EntryPoint\",\"urlTemplate\":\"https:\/\/institutocrearte.cl\/wp\/?s={search_term_string}\"},\"query-input\":{\"@type\":\"PropertyValueSpecification\",\"valueRequired\":true,\"valueName\":\"search_term_string\"}}],\"inLanguage\":\"es\"},{\"@type\":\"Organization\",\"@id\":\"https:\/\/institutocrearte.cl\/wp\/#organization\",\"name\":\"Instituto Crearte\",\"url\":\"https:\/\/institutocrearte.cl\/wp\/\",\"logo\":{\"@type\":\"ImageObject\",\"inLanguage\":\"es\",\"@id\":\"https:\/\/institutocrearte.cl\/wp\/#\/schema\/logo\/image\/\",\"url\":\"https:\/\/institutocrearte.cl\/wp\/wp-content\/uploads\/2020\/06\/logo.jpg\",\"contentUrl\":\"https:\/\/institutocrearte.cl\/wp\/wp-content\/uploads\/2020\/06\/logo.jpg\",\"width\":960,\"height\":960,\"caption\":\"Instituto Crearte\"},\"image\":{\"@id\":\"https:\/\/institutocrearte.cl\/wp\/#\/schema\/logo\/image\/\"},\"sameAs\":[\"https:\/\/www.facebook.com\/crearteinstituto\",\"https:\/\/x.com\/CrearteChile\",\"https:\/\/www.instagram.com\/institutocrearte\/\",\"https:\/\/www.youtube.com\/channel\/UCjChXIgoFYB_3fNorXKYEYg\"]}]}<\/script>\n<!-- \/ Yoast SEO plugin. -->","yoast_head_json":{"title":"Moldaje y Escalado por Computaci\u00f3n - Instituto Crearte","robots":{"index":"index","follow":"follow","max-snippet":"max-snippet:-1","max-image-preview":"max-image-preview:large","max-video-preview":"max-video-preview:-1"},"canonical":"https:\/\/institutocrearte.cl\/wp\/producto\/moldaje-y-escalado-por-computacion\/","og_locale":"es_ES","og_type":"article","og_title":"Moldaje y Escalado por Computaci\u00f3n - Instituto Crearte","og_description":"Curso especializado para modelistas o dise\u00f1adores Aprende a realizar Moldes en el computador, escalado, variantes, digitalizado, tableros de tallas, transformaciones e industrializaci\u00f3n en el computador. El curso OnLine, incluye Videos, Lecciones y tutoriales para visualizar e imprimir y mensajer\u00eda directa con tus docentes y sesiones de consultas en vivo.  Para realizar este curso debes tener conocimientos de Patronaje\/Moldaje y tener instalado en tu computador el Software Modaris.  &nbsp;  INCLUYE GRATIS el curso de Tizado por computaci\u00f3n, con el Software Diamino. (Valor curso de Tizado $265000). Pre requisito: Manejo del software Modaris. Promoci\u00f3n disponible por el primer semestre 2026.  &nbsp;  Profesora: Patricia Romero Baeza  Dise\u00f1adora Modelista Patronista especializada  Escritora de Libros T\u00e9cnicos especializados  Docente Universitaria","og_url":"https:\/\/institutocrearte.cl\/wp\/producto\/moldaje-y-escalado-por-computacion\/","og_site_name":"Instituto Crearte","article_publisher":"https:\/\/www.facebook.com\/crearteinstituto","article_modified_time":"2026-04-09T15:56:19+00:00","og_image":[{"width":337,"height":334,"url":"https:\/\/institutocrearte.cl\/wp\/wp-content\/uploads\/2020\/06\/Moldaje-por-computacion.jpg","type":"image\/jpeg"}],"twitter_card":"summary_large_image","twitter_site":"@CrearteChile","twitter_misc":{"Tiempo de lectura":"1 minuto"},"schema":{"@context":"https:\/\/schema.org","@graph":[{"@type":"WebPage","@id":"https:\/\/institutocrearte.cl\/wp\/producto\/moldaje-y-escalado-por-computacion\/","url":"https:\/\/institutocrearte.cl\/wp\/producto\/moldaje-y-escalado-por-computacion\/","name":"Moldaje y Escalado por Computaci\u00f3n - Instituto Crearte","isPartOf":{"@id":"https:\/\/institutocrearte.cl\/wp\/#website"},"primaryImageOfPage":{"@id":"https:\/\/institutocrearte.cl\/wp\/producto\/moldaje-y-escalado-por-computacion\/#primaryimage"},"image":{"@id":"https:\/\/institutocrearte.cl\/wp\/producto\/moldaje-y-escalado-por-computacion\/#primaryimage"},"thumbnailUrl":"https:\/\/institutocrearte.cl\/wp\/wp-content\/uploads\/2020\/06\/Moldaje-por-computacion.jpg","datePublished":"2020-06-28T21:25:45+00:00","dateModified":"2026-04-09T15:56:19+00:00","breadcrumb":{"@id":"https:\/\/institutocrearte.cl\/wp\/producto\/moldaje-y-escalado-por-computacion\/#breadcrumb"},"inLanguage":"es","potentialAction":[{"@type":"ReadAction","target":["https:\/\/institutocrearte.cl\/wp\/producto\/moldaje-y-escalado-por-computacion\/"]}]},{"@type":"ImageObject","inLanguage":"es","@id":"https:\/\/institutocrearte.cl\/wp\/producto\/moldaje-y-escalado-por-computacion\/#primaryimage","url":"https:\/\/institutocrearte.cl\/wp\/wp-content\/uploads\/2020\/06\/Moldaje-por-computacion.jpg","contentUrl":"https:\/\/institutocrearte.cl\/wp\/wp-content\/uploads\/2020\/06\/Moldaje-por-computacion.jpg","width":337,"height":334,"caption":"Moldaje Computacional"},{"@type":"BreadcrumbList","@id":"https:\/\/institutocrearte.cl\/wp\/producto\/moldaje-y-escalado-por-computacion\/#breadcrumb","itemListElement":[{"@type":"ListItem","position":1,"name":"Portada","item":"https:\/\/institutocrearte.cl\/wp\/"},{"@type":"ListItem","position":2,"name":"Tienda","item":"https:\/\/institutocrearte.cl\/wp\/tienda\/"},{"@type":"ListItem","position":3,"name":"Moldaje y Escalado por Computaci\u00f3n"}]},{"@type":"WebSite","@id":"https:\/\/institutocrearte.cl\/wp\/#website","url":"https:\/\/institutocrearte.cl\/wp\/","name":"Instituto Crearte","description":"3 d\u00e9cadas juntos","publisher":{"@id":"https:\/\/institutocrearte.cl\/wp\/#organization"},"potentialAction":[{"@type":"SearchAction","target":{"@type":"EntryPoint","urlTemplate":"https:\/\/institutocrearte.cl\/wp\/?s={search_term_string}"},"query-input":{"@type":"PropertyValueSpecification","valueRequired":true,"valueName":"search_term_string"}}],"inLanguage":"es"},{"@type":"Organization","@id":"https:\/\/institutocrearte.cl\/wp\/#organization","name":"Instituto Crearte","url":"https:\/\/institutocrearte.cl\/wp\/","logo":{"@type":"ImageObject","inLanguage":"es","@id":"https:\/\/institutocrearte.cl\/wp\/#\/schema\/logo\/image\/","url":"https:\/\/institutocrearte.cl\/wp\/wp-content\/uploads\/2020\/06\/logo.jpg","contentUrl":"https:\/\/institutocrearte.cl\/wp\/wp-content\/uploads\/2020\/06\/logo.jpg","width":960,"height":960,"caption":"Instituto Crearte"},"image":{"@id":"https:\/\/institutocrearte.cl\/wp\/#\/schema\/logo\/image\/"},"sameAs":["https:\/\/www.facebook.com\/crearteinstituto","https:\/\/x.com\/CrearteChile","https:\/\/www.instagram.com\/institutocrearte\/","https:\/\/www.youtube.com\/channel\/UCjChXIgoFYB_3fNorXKYEYg"]}]}},"_links":{"self":[{"href":"https:\/\/institutocrearte.cl\/wp\/wp-json\/wp\/v2\/product\/387","targetHints":{"allow":["GET"]}}],"collection":[{"href":"https:\/\/institutocrearte.cl\/wp\/wp-json\/wp\/v2\/product"}],"about":[{"href":"https:\/\/institutocrearte.cl\/wp\/wp-json\/wp\/v2\/types\/product"}],"wp:featuredmedia":[{"embeddable":true,"href":"https:\/\/institutocrearte.cl\/wp\/wp-json\/wp\/v2\/media\/388"}],"wp:attachment":[{"href":"https:\/\/institutocrearte.cl\/wp\/wp-json\/wp\/v2\/media?parent=387"}],"wp:term":[{"taxonomy":"product_brand","embeddable":true,"href":"https:\/\/institutocrearte.cl\/wp\/wp-json\/wp\/v2\/product_brand?post=387"},{"taxonomy":"product_cat","embeddable":true,"href":"https:\/\/institutocrearte.cl\/wp\/wp-json\/wp\/v2\/product_cat?post=387"},{"taxonomy":"product_tag","embeddable":true,"href":"https:\/\/institutocrearte.cl\/wp\/wp-json\/wp\/v2\/product_tag?post=387"}],"curies":[{"name":"wp","href":"https:\/\/api.w.org\/{rel}","templated":true}]}}