{"id":384,"date":"2020-06-28T17:17:27","date_gmt":"2020-06-28T21:17:27","guid":{"rendered":"https:\/\/institutocrearte.cl\/wp\/?post_type=product&#038;p=384"},"modified":"2026-03-31T15:53:56","modified_gmt":"2026-03-31T19:53:56","slug":"pieceras-y-cojines","status":"publish","type":"product","link":"https:\/\/institutocrearte.cl\/wp\/producto\/pieceras-y-cojines\/","title":{"rendered":"Pieceras y cojines"},"content":{"rendered":"<div class=\"topics\">\n<div class=\"content-info\">\n<p class=\"top-1\"><strong>Contenidos principales:<\/strong><\/p>\n<ul>\n<li class=\"top-1\">Medidas Pre-establecidas<\/li>\n<li class=\"top-1\">Materiales<\/li>\n<li class=\"top-1\">Combinaciones<\/li>\n<li class=\"top-1\">Consumo y plano de corte<\/li>\n<li class=\"top-1\">T\u00e9cnicas de costura<\/li>\n<li class=\"top-1\">Corte y confecci\u00f3n de Cojines<\/li>\n<li class=\"top-1\">Corte y confecci\u00f3n de Pieceras<\/li>\n<li class=\"top-1\">Acolchado<\/li>\n<li class=\"top-1\">Opciones de dise\u00f1os<\/li>\n<\/ul>\n<\/div>\n<\/div>\n<p>&nbsp;<\/p>\n<h4 style=\"text-align: center;\">Modalidad Presencial u Online<\/h4>\n<p style=\"text-align: center;\"><strong>Hasta un 50% de descuento<\/strong><\/p>\n<h5 style=\"text-align: center;\">\u00a1Material exclusivo de ense\u00f1anza!<\/h5>\n<p class=\"p1\" style=\"text-align: center;\"><strong><span style=\"font-family: NonBreakingSpaceOverride, 'Hoefler Text', Garamond, 'Times New Roman', serif; letter-spacing: normal; font-size: 21px;\">Plataforma disponible las 24 horas<\/span><\/strong><\/p>\n<p style=\"text-align: center;\">Un Tutor te acompa\u00f1ar\u00e1 siempre en tu aprendizaje.<\/p>\n<p style=\"text-align: center;\">Incluye tu Certificaci\u00f3n.<\/p>\n<p style=\"text-align: center;\">3 d\u00e9cadas de experiencia. Escuela Internacional OnLine de Miami. Sedes presenciales en Chile para que contin\u00faes tus estudios.<\/p>\n","protected":false},"excerpt":{"rendered":"<h3>Realiza hermosos y pr\u00e1cticos Cojines para tu hogar y Pieceras para tu habitaci\u00f3n.<\/h3>\n<h5 style=\"text-align: left;\"><\/h5>\n<p class=\"p1\"><span class=\"s1\"><b>Curso disponible en modalidad Presencial y Online en promoci\u00f3n.<\/b> <\/span><\/p>\n<p class=\"p1\"><span class=\"s1\">El curso Online, incluye Videos y tutoriales, Patrones digitales, 6 sesiones de consultas en vivo con tus docentes y mensajer\u00eda. Plataforma disponible las 24 horas.\u00a0<\/span><\/p>\n<p>El cupo m\u00e1ximo en el curso presencial es de 9 alumnos. Revisa en la sede que m\u00e1s te acomode el inicio y horario.<\/p>\n<p>Aprende la t\u00e9cnica adecuada para la creaci\u00f3n de cojines y pieceras paso a paso, combina materiales con toda creatividad, decora tus habitaciones o inicia tu emprendimiento.<\/p>\n<p>Siempre tendr\u00e1s un Tutor que te acompa\u00f1ar\u00e1 en el proceso de aprendizaje.<\/p>\n<h5><\/h5>\n<p>&nbsp;<\/p>\n<p>Duraci\u00f3n:<strong> 2 meses<\/strong><\/p>\n<p>Profesoras\/Tutoras: <strong>\u00a0Lorena D\u00edaz &#8211; Carolina V\u00e1squez<\/strong><\/p>\n<p><em>Dise\u00f1adoras \u00e1rea textil<\/em><\/p>\n","protected":false},"featured_media":1782,"template":"","meta":{"_eb_attr":"","_monsterinsights_skip_tracking":false,"_monsterinsights_sitenote_active":false,"_monsterinsights_sitenote_note":"","_monsterinsights_sitenote_category":0},"product_brand":[],"product_cat":[67],"product_tag":[118,96,97,126,98],"class_list":{"0":"post-384","1":"product","2":"type-product","3":"status-publish","4":"has-post-thumbnail","6":"product_cat-costura-moda","7":"product_tag-casa","8":"product_tag-deco-textil","9":"product_tag-decoracion","10":"product_tag-decoracion-hogar","11":"product_tag-hogar","13":"first","14":"instock","15":"sale","16":"shipping-taxable","17":"purchasable","18":"product-type-variable"},"yoast_head":"<!-- This site is optimized with the Yoast SEO plugin v26.3 - https:\/\/yoast.com\/wordpress\/plugins\/seo\/ -->\n<title>Pieceras y cojines - Instituto Crearte<\/title>\n<meta name=\"robots\" content=\"index, follow, max-snippet:-1, max-image-preview:large, max-video-preview:-1\" \/>\n<link rel=\"canonical\" href=\"https:\/\/institutocrearte.cl\/wp\/producto\/pieceras-y-cojines\/\" \/>\n<meta property=\"og:locale\" content=\"es_ES\" \/>\n<meta property=\"og:type\" content=\"article\" \/>\n<meta property=\"og:title\" content=\"Pieceras y cojines - Instituto Crearte\" \/>\n<meta property=\"og:description\" content=\"Realiza hermosos y pr\u00e1cticos Cojines para tu hogar y Pieceras para tu habitaci\u00f3n.  Curso disponible en modalidad Presencial y Online en promoci\u00f3n.  El curso Online, incluye Videos y tutoriales, Patrones digitales, 6 sesiones de consultas en vivo con tus docentes y mensajer\u00eda. Plataforma disponible las 24 horas.\u00a0 El cupo m\u00e1ximo en el curso presencial es de 9 alumnos. Revisa en la sede que m\u00e1s te acomode el inicio y horario.  Aprende la t\u00e9cnica adecuada para la creaci\u00f3n de cojines y pieceras paso a paso, combina materiales con toda creatividad, decora tus habitaciones o inicia tu emprendimiento.  Siempre tendr\u00e1s un Tutor que te acompa\u00f1ar\u00e1 en el proceso de aprendizaje.  &nbsp;  Duraci\u00f3n: 2 meses  Profesoras\/Tutoras: \u00a0Lorena D\u00edaz - Carolina V\u00e1squez  Dise\u00f1adoras \u00e1rea textil\" \/>\n<meta property=\"og:url\" content=\"https:\/\/institutocrearte.cl\/wp\/producto\/pieceras-y-cojines\/\" \/>\n<meta property=\"og:site_name\" content=\"Instituto Crearte\" \/>\n<meta property=\"article:publisher\" content=\"https:\/\/www.facebook.com\/crearteinstituto\" \/>\n<meta property=\"article:modified_time\" content=\"2026-03-31T19:53:56+00:00\" \/>\n<meta property=\"og:image\" content=\"https:\/\/institutocrearte.cl\/wp\/wp-content\/uploads\/2020\/06\/Pieceras-y-cojines.png\" \/>\n\t<meta property=\"og:image:width\" content=\"540\" \/>\n\t<meta property=\"og:image:height\" content=\"540\" \/>\n\t<meta property=\"og:image:type\" content=\"image\/png\" \/>\n<meta name=\"twitter:card\" content=\"summary_large_image\" \/>\n<meta name=\"twitter:site\" content=\"@CrearteChile\" \/>\n<meta name=\"twitter:label1\" content=\"Tiempo de lectura\" \/>\n\t<meta name=\"twitter:data1\" content=\"1 minuto\" \/>\n<script type=\"application\/ld+json\" class=\"yoast-schema-graph\">{\"@context\":\"https:\/\/schema.org\",\"@graph\":[{\"@type\":\"WebPage\",\"@id\":\"https:\/\/institutocrearte.cl\/wp\/producto\/pieceras-y-cojines\/\",\"url\":\"https:\/\/institutocrearte.cl\/wp\/producto\/pieceras-y-cojines\/\",\"name\":\"Pieceras y cojines - Instituto Crearte\",\"isPartOf\":{\"@id\":\"https:\/\/institutocrearte.cl\/wp\/#website\"},\"primaryImageOfPage\":{\"@id\":\"https:\/\/institutocrearte.cl\/wp\/producto\/pieceras-y-cojines\/#primaryimage\"},\"image\":{\"@id\":\"https:\/\/institutocrearte.cl\/wp\/producto\/pieceras-y-cojines\/#primaryimage\"},\"thumbnailUrl\":\"https:\/\/institutocrearte.cl\/wp\/wp-content\/uploads\/2020\/06\/Pieceras-y-cojines.png\",\"datePublished\":\"2020-06-28T21:17:27+00:00\",\"dateModified\":\"2026-03-31T19:53:56+00:00\",\"breadcrumb\":{\"@id\":\"https:\/\/institutocrearte.cl\/wp\/producto\/pieceras-y-cojines\/#breadcrumb\"},\"inLanguage\":\"es\",\"potentialAction\":[{\"@type\":\"ReadAction\",\"target\":[\"https:\/\/institutocrearte.cl\/wp\/producto\/pieceras-y-cojines\/\"]}]},{\"@type\":\"ImageObject\",\"inLanguage\":\"es\",\"@id\":\"https:\/\/institutocrearte.cl\/wp\/producto\/pieceras-y-cojines\/#primaryimage\",\"url\":\"https:\/\/institutocrearte.cl\/wp\/wp-content\/uploads\/2020\/06\/Pieceras-y-cojines.png\",\"contentUrl\":\"https:\/\/institutocrearte.cl\/wp\/wp-content\/uploads\/2020\/06\/Pieceras-y-cojines.png\",\"width\":540,\"height\":540,\"caption\":\"Pieceras\"},{\"@type\":\"BreadcrumbList\",\"@id\":\"https:\/\/institutocrearte.cl\/wp\/producto\/pieceras-y-cojines\/#breadcrumb\",\"itemListElement\":[{\"@type\":\"ListItem\",\"position\":1,\"name\":\"Portada\",\"item\":\"https:\/\/institutocrearte.cl\/wp\/\"},{\"@type\":\"ListItem\",\"position\":2,\"name\":\"Tienda\",\"item\":\"https:\/\/institutocrearte.cl\/wp\/tienda\/\"},{\"@type\":\"ListItem\",\"position\":3,\"name\":\"Pieceras y cojines\"}]},{\"@type\":\"WebSite\",\"@id\":\"https:\/\/institutocrearte.cl\/wp\/#website\",\"url\":\"https:\/\/institutocrearte.cl\/wp\/\",\"name\":\"Instituto Crearte\",\"description\":\"3 d\u00e9cadas juntos\",\"publisher\":{\"@id\":\"https:\/\/institutocrearte.cl\/wp\/#organization\"},\"potentialAction\":[{\"@type\":\"SearchAction\",\"target\":{\"@type\":\"EntryPoint\",\"urlTemplate\":\"https:\/\/institutocrearte.cl\/wp\/?s={search_term_string}\"},\"query-input\":{\"@type\":\"PropertyValueSpecification\",\"valueRequired\":true,\"valueName\":\"search_term_string\"}}],\"inLanguage\":\"es\"},{\"@type\":\"Organization\",\"@id\":\"https:\/\/institutocrearte.cl\/wp\/#organization\",\"name\":\"Instituto Crearte\",\"url\":\"https:\/\/institutocrearte.cl\/wp\/\",\"logo\":{\"@type\":\"ImageObject\",\"inLanguage\":\"es\",\"@id\":\"https:\/\/institutocrearte.cl\/wp\/#\/schema\/logo\/image\/\",\"url\":\"https:\/\/institutocrearte.cl\/wp\/wp-content\/uploads\/2020\/06\/logo.jpg\",\"contentUrl\":\"https:\/\/institutocrearte.cl\/wp\/wp-content\/uploads\/2020\/06\/logo.jpg\",\"width\":960,\"height\":960,\"caption\":\"Instituto Crearte\"},\"image\":{\"@id\":\"https:\/\/institutocrearte.cl\/wp\/#\/schema\/logo\/image\/\"},\"sameAs\":[\"https:\/\/www.facebook.com\/crearteinstituto\",\"https:\/\/x.com\/CrearteChile\",\"https:\/\/www.instagram.com\/institutocrearte\/\",\"https:\/\/www.youtube.com\/channel\/UCjChXIgoFYB_3fNorXKYEYg\"]}]}<\/script>\n<!-- \/ Yoast SEO plugin. -->","yoast_head_json":{"title":"Pieceras y cojines - Instituto Crearte","robots":{"index":"index","follow":"follow","max-snippet":"max-snippet:-1","max-image-preview":"max-image-preview:large","max-video-preview":"max-video-preview:-1"},"canonical":"https:\/\/institutocrearte.cl\/wp\/producto\/pieceras-y-cojines\/","og_locale":"es_ES","og_type":"article","og_title":"Pieceras y cojines - Instituto Crearte","og_description":"Realiza hermosos y pr\u00e1cticos Cojines para tu hogar y Pieceras para tu habitaci\u00f3n.  Curso disponible en modalidad Presencial y Online en promoci\u00f3n.  El curso Online, incluye Videos y tutoriales, Patrones digitales, 6 sesiones de consultas en vivo con tus docentes y mensajer\u00eda. Plataforma disponible las 24 horas.\u00a0 El cupo m\u00e1ximo en el curso presencial es de 9 alumnos. Revisa en la sede que m\u00e1s te acomode el inicio y horario.  Aprende la t\u00e9cnica adecuada para la creaci\u00f3n de cojines y pieceras paso a paso, combina materiales con toda creatividad, decora tus habitaciones o inicia tu emprendimiento.  Siempre tendr\u00e1s un Tutor que te acompa\u00f1ar\u00e1 en el proceso de aprendizaje.  &nbsp;  Duraci\u00f3n: 2 meses  Profesoras\/Tutoras: \u00a0Lorena D\u00edaz - Carolina V\u00e1squez  Dise\u00f1adoras \u00e1rea textil","og_url":"https:\/\/institutocrearte.cl\/wp\/producto\/pieceras-y-cojines\/","og_site_name":"Instituto Crearte","article_publisher":"https:\/\/www.facebook.com\/crearteinstituto","article_modified_time":"2026-03-31T19:53:56+00:00","og_image":[{"width":540,"height":540,"url":"https:\/\/institutocrearte.cl\/wp\/wp-content\/uploads\/2020\/06\/Pieceras-y-cojines.png","type":"image\/png"}],"twitter_card":"summary_large_image","twitter_site":"@CrearteChile","twitter_misc":{"Tiempo de lectura":"1 minuto"},"schema":{"@context":"https:\/\/schema.org","@graph":[{"@type":"WebPage","@id":"https:\/\/institutocrearte.cl\/wp\/producto\/pieceras-y-cojines\/","url":"https:\/\/institutocrearte.cl\/wp\/producto\/pieceras-y-cojines\/","name":"Pieceras y cojines - Instituto Crearte","isPartOf":{"@id":"https:\/\/institutocrearte.cl\/wp\/#website"},"primaryImageOfPage":{"@id":"https:\/\/institutocrearte.cl\/wp\/producto\/pieceras-y-cojines\/#primaryimage"},"image":{"@id":"https:\/\/institutocrearte.cl\/wp\/producto\/pieceras-y-cojines\/#primaryimage"},"thumbnailUrl":"https:\/\/institutocrearte.cl\/wp\/wp-content\/uploads\/2020\/06\/Pieceras-y-cojines.png","datePublished":"2020-06-28T21:17:27+00:00","dateModified":"2026-03-31T19:53:56+00:00","breadcrumb":{"@id":"https:\/\/institutocrearte.cl\/wp\/producto\/pieceras-y-cojines\/#breadcrumb"},"inLanguage":"es","potentialAction":[{"@type":"ReadAction","target":["https:\/\/institutocrearte.cl\/wp\/producto\/pieceras-y-cojines\/"]}]},{"@type":"ImageObject","inLanguage":"es","@id":"https:\/\/institutocrearte.cl\/wp\/producto\/pieceras-y-cojines\/#primaryimage","url":"https:\/\/institutocrearte.cl\/wp\/wp-content\/uploads\/2020\/06\/Pieceras-y-cojines.png","contentUrl":"https:\/\/institutocrearte.cl\/wp\/wp-content\/uploads\/2020\/06\/Pieceras-y-cojines.png","width":540,"height":540,"caption":"Pieceras"},{"@type":"BreadcrumbList","@id":"https:\/\/institutocrearte.cl\/wp\/producto\/pieceras-y-cojines\/#breadcrumb","itemListElement":[{"@type":"ListItem","position":1,"name":"Portada","item":"https:\/\/institutocrearte.cl\/wp\/"},{"@type":"ListItem","position":2,"name":"Tienda","item":"https:\/\/institutocrearte.cl\/wp\/tienda\/"},{"@type":"ListItem","position":3,"name":"Pieceras y cojines"}]},{"@type":"WebSite","@id":"https:\/\/institutocrearte.cl\/wp\/#website","url":"https:\/\/institutocrearte.cl\/wp\/","name":"Instituto Crearte","description":"3 d\u00e9cadas juntos","publisher":{"@id":"https:\/\/institutocrearte.cl\/wp\/#organization"},"potentialAction":[{"@type":"SearchAction","target":{"@type":"EntryPoint","urlTemplate":"https:\/\/institutocrearte.cl\/wp\/?s={search_term_string}"},"query-input":{"@type":"PropertyValueSpecification","valueRequired":true,"valueName":"search_term_string"}}],"inLanguage":"es"},{"@type":"Organization","@id":"https:\/\/institutocrearte.cl\/wp\/#organization","name":"Instituto Crearte","url":"https:\/\/institutocrearte.cl\/wp\/","logo":{"@type":"ImageObject","inLanguage":"es","@id":"https:\/\/institutocrearte.cl\/wp\/#\/schema\/logo\/image\/","url":"https:\/\/institutocrearte.cl\/wp\/wp-content\/uploads\/2020\/06\/logo.jpg","contentUrl":"https:\/\/institutocrearte.cl\/wp\/wp-content\/uploads\/2020\/06\/logo.jpg","width":960,"height":960,"caption":"Instituto Crearte"},"image":{"@id":"https:\/\/institutocrearte.cl\/wp\/#\/schema\/logo\/image\/"},"sameAs":["https:\/\/www.facebook.com\/crearteinstituto","https:\/\/x.com\/CrearteChile","https:\/\/www.instagram.com\/institutocrearte\/","https:\/\/www.youtube.com\/channel\/UCjChXIgoFYB_3fNorXKYEYg"]}]}},"_links":{"self":[{"href":"https:\/\/institutocrearte.cl\/wp\/wp-json\/wp\/v2\/product\/384","targetHints":{"allow":["GET"]}}],"collection":[{"href":"https:\/\/institutocrearte.cl\/wp\/wp-json\/wp\/v2\/product"}],"about":[{"href":"https:\/\/institutocrearte.cl\/wp\/wp-json\/wp\/v2\/types\/product"}],"wp:featuredmedia":[{"embeddable":true,"href":"https:\/\/institutocrearte.cl\/wp\/wp-json\/wp\/v2\/media\/1782"}],"wp:attachment":[{"href":"https:\/\/institutocrearte.cl\/wp\/wp-json\/wp\/v2\/media?parent=384"}],"wp:term":[{"taxonomy":"product_brand","embeddable":true,"href":"https:\/\/institutocrearte.cl\/wp\/wp-json\/wp\/v2\/product_brand?post=384"},{"taxonomy":"product_cat","embeddable":true,"href":"https:\/\/institutocrearte.cl\/wp\/wp-json\/wp\/v2\/product_cat?post=384"},{"taxonomy":"product_tag","embeddable":true,"href":"https:\/\/institutocrearte.cl\/wp\/wp-json\/wp\/v2\/product_tag?post=384"}],"curies":[{"name":"wp","href":"https:\/\/api.w.org\/{rel}","templated":true}]}}