{"id":333,"date":"2020-06-28T16:28:59","date_gmt":"2020-06-28T20:28:59","guid":{"rendered":"https:\/\/institutocrearte.cl\/wp\/?post_type=product&#038;p=333"},"modified":"2026-01-06T15:43:09","modified_gmt":"2026-01-06T19:43:09","slug":"vestidos","status":"publish","type":"product","link":"https:\/\/institutocrearte.cl\/wp\/producto\/vestidos\/","title":{"rendered":"Taller de Vestidos"},"content":{"rendered":"<p><strong>Contenidos principales de Vestidos:<\/strong><\/p>\n<p><strong>Duraci\u00f3n: 3 meses<\/strong><\/p>\n<ul>\n<li>Toma de medidas y Tallaje femenino<\/li>\n<li>Bases para vestidos en tela de punto<\/li>\n<li>Bases para vestidos en tela plana<\/li>\n<li>Transformaciones<\/li>\n<li class=\"top-1\">Los vestidos y sus variedades<\/li>\n<li class=\"top-1\">Modelos cl\u00e1sico y de moda<\/li>\n<li class=\"top-1\">Escotes<\/li>\n<li class=\"top-1\">Cuellos<\/li>\n<li class=\"top-1\">Mangas<\/li>\n<li class=\"top-1\">Consumo y plano de corte<\/li>\n<li class=\"top-1\">Corte y confecci\u00f3n del vestido<\/li>\n<\/ul>\n<p><strong>Contenidos principales de Solera o Vestido playero:<\/strong><\/p>\n<p><strong>Duraci\u00f3n semi-intensiva: 6 horas\u00a0<\/strong><\/p>\n<ul>\n<li>Toma de medidas y Tallaje femenino<\/li>\n<li>Bases para vestidos en tela de punto<\/li>\n<li>Transformaciones soleras<\/li>\n<li class=\"top-1\">Escotes<\/li>\n<li class=\"top-1\">Consumo y plano de corte<\/li>\n<li class=\"top-1\">Corte y confecci\u00f3n de la solera<\/li>\n<\/ul>\n<p>&nbsp;<\/p>\n<h4 class=\"p1\" style=\"text-align: center;\"><span class=\"s1\"><b>\u00a1Descuento especial!<\/b><\/span><\/h4>\n<p style=\"text-align: center;\"><strong><em>Modalidad presencial u online<\/em><\/strong><\/p>\n<h5 style=\"text-align: center;\">Ventajas de aprender OnLine en Instituto Crearte<\/h5>\n<p style=\"text-align: center;\">Plataforma disponible las 24 horas.<\/p>\n<p style=\"text-align: center;\">Material exclusivo de ense\u00f1anza.<\/p>\n<p style=\"text-align: center;\">Un Tutor te acompa\u00f1ar\u00e1 siempre en tu aprendizaje, con sesiones en vivo.<\/p>\n<p style=\"text-align: center;\">Incluye tu Certificaci\u00f3n.<\/p>\n<p style=\"text-align: center;\">3 d\u00e9cadas de experiencia. Escuela Internacional OnLine de Miami. Sedes presenciales en Chile para que contin\u00faes tus estudios.<\/p>\n","protected":false},"excerpt":{"rendered":"<h3><strong><em>\u00a1Realiza hermosos vestidos en tu Escuela de Dise\u00f1o!<\/em><\/strong><\/h3>\n<h5 class=\"top-1\">Aprende a realizar moldes, cortar y confeccionar vestidos de moda o solera de verano.<\/h5>\n<p>En este curso comenzar\u00e1s a estructurar patrones y luego aprender\u00e1s las t\u00e9cnicas para cortar y confeccionar hermosos y \u00fanicos vestidos o soleras.<\/p>\n<p>&nbsp;<\/p>\n<p class=\"p1\"><strong><span class=\"s1\"><i>Curso pr\u00e1ctico Online. Incluye Libro Digital de Vestidos y Moldes para descargar. Oferta por tiempo limitado.<\/i><\/span><\/strong><\/p>\n<p><strong>Duraci\u00f3n Vestidos:<\/strong> 3 meses<\/p>\n<p><strong>Duraci\u00f3n Soleras:<\/strong> 1 mes<\/p>\n<p><strong>El curso de vestido de 3 meses incluye:<\/strong> Certificado de estudio y Libro digital de Vestidos<\/p>\n<p>Profesoras: <strong>Carol Altamirano<\/strong> &#8211; <strong>Carolina V\u00e1squez &#8211; Patricia Romero &#8211; M. Luisa Pastene\u00a0<\/strong><\/p>\n<p>Docentes Instituto Crearte<br \/>\nModelistas Industrial y de Alta Costura<\/p>\n<p><strong>Ver inicios y horarios en las sedes:<\/strong><\/p>\n<h5><strong><a href=\"https:\/\/institutocrearte.cl\/htm\/curso_taller.html\">Santiago<\/a>\u00a0\u2013\u00a0<a href=\"https:\/\/institutocrearte.cl\/htm\/videlmar.html\">Vi\u00f1a del Mar<\/a>\u00a0\u2013\u00a0<a href=\"https:\/\/institutocrearte.cl\/htm\/concepcion.html\">Concepci\u00f3n<\/a><\/strong><\/h5>\n","protected":false},"featured_media":2722,"template":"","meta":{"_eb_attr":"","_monsterinsights_skip_tracking":false,"_monsterinsights_sitenote_active":false,"_monsterinsights_sitenote_note":"","_monsterinsights_sitenote_category":0},"product_brand":[],"product_cat":[67],"product_tag":[150,160,45,84,25,47,27,33,159,50],"class_list":{"0":"post-333","1":"product","2":"type-product","3":"status-publish","4":"has-post-thumbnail","6":"product_cat-costura-moda","7":"product_tag-clases-a-distancia","8":"product_tag-clases-online","9":"product_tag-corte-y-confeccion","10":"product_tag-coser","11":"product_tag-costura","12":"product_tag-cursos-online","13":"product_tag-moda","14":"product_tag-online","15":"product_tag-vestido","16":"product_tag-vestidos","18":"first","19":"instock","20":"sale","21":"shipping-taxable","22":"purchasable","23":"product-type-variable"},"yoast_head":"<!-- This site is optimized with the Yoast SEO plugin v26.3 - https:\/\/yoast.com\/wordpress\/plugins\/seo\/ -->\n<title>Taller de Vestidos - Instituto Crearte<\/title>\n<meta name=\"robots\" content=\"index, follow, max-snippet:-1, max-image-preview:large, max-video-preview:-1\" \/>\n<link rel=\"canonical\" href=\"https:\/\/institutocrearte.cl\/wp\/producto\/vestidos\/\" \/>\n<meta property=\"og:locale\" content=\"es_ES\" \/>\n<meta property=\"og:type\" content=\"article\" \/>\n<meta property=\"og:title\" content=\"Taller de Vestidos - Instituto Crearte\" \/>\n<meta property=\"og:description\" content=\"\u00a1Realiza hermosos vestidos en tu Escuela de Dise\u00f1o! Aprende a realizar moldes, cortar y confeccionar vestidos de moda o solera de verano. En este curso comenzar\u00e1s a estructurar patrones y luego aprender\u00e1s las t\u00e9cnicas para cortar y confeccionar hermosos y \u00fanicos vestidos o soleras.  &nbsp; Curso pr\u00e1ctico Online. Incluye Libro Digital de Vestidos y Moldes para descargar. Oferta por tiempo limitado. Duraci\u00f3n Vestidos: 3 meses  Duraci\u00f3n Soleras: 1 mes  El curso de vestido de 3 meses incluye: Certificado de estudio y Libro digital de Vestidos  Profesoras: Carol Altamirano - Carolina V\u00e1squez - Patricia Romero - M. Luisa Pastene\u00a0  Docentes Instituto Crearte Modelistas Industrial y de Alta Costura  Ver inicios y horarios en las sedes: Santiago\u00a0\u2013\u00a0Vi\u00f1a del Mar\u00a0\u2013\u00a0Concepci\u00f3n\" \/>\n<meta property=\"og:url\" content=\"https:\/\/institutocrearte.cl\/wp\/producto\/vestidos\/\" \/>\n<meta property=\"og:site_name\" content=\"Instituto Crearte\" \/>\n<meta property=\"article:publisher\" content=\"https:\/\/www.facebook.com\/crearteinstituto\" \/>\n<meta property=\"article:modified_time\" content=\"2026-01-06T19:43:09+00:00\" \/>\n<meta property=\"og:image\" content=\"https:\/\/institutocrearte.cl\/wp\/wp-content\/uploads\/2020\/06\/Taller-de-solera-3.png\" \/>\n\t<meta property=\"og:image:width\" content=\"540\" \/>\n\t<meta property=\"og:image:height\" content=\"675\" \/>\n\t<meta property=\"og:image:type\" content=\"image\/png\" \/>\n<meta name=\"twitter:card\" content=\"summary_large_image\" \/>\n<meta name=\"twitter:site\" content=\"@CrearteChile\" \/>\n<meta name=\"twitter:label1\" content=\"Tiempo de lectura\" \/>\n\t<meta name=\"twitter:data1\" content=\"1 minuto\" \/>\n<script type=\"application\/ld+json\" class=\"yoast-schema-graph\">{\"@context\":\"https:\/\/schema.org\",\"@graph\":[{\"@type\":\"WebPage\",\"@id\":\"https:\/\/institutocrearte.cl\/wp\/producto\/vestidos\/\",\"url\":\"https:\/\/institutocrearte.cl\/wp\/producto\/vestidos\/\",\"name\":\"Taller de Vestidos - Instituto Crearte\",\"isPartOf\":{\"@id\":\"https:\/\/institutocrearte.cl\/wp\/#website\"},\"primaryImageOfPage\":{\"@id\":\"https:\/\/institutocrearte.cl\/wp\/producto\/vestidos\/#primaryimage\"},\"image\":{\"@id\":\"https:\/\/institutocrearte.cl\/wp\/producto\/vestidos\/#primaryimage\"},\"thumbnailUrl\":\"https:\/\/institutocrearte.cl\/wp\/wp-content\/uploads\/2020\/06\/Taller-de-solera-3.png\",\"datePublished\":\"2020-06-28T20:28:59+00:00\",\"dateModified\":\"2026-01-06T19:43:09+00:00\",\"breadcrumb\":{\"@id\":\"https:\/\/institutocrearte.cl\/wp\/producto\/vestidos\/#breadcrumb\"},\"inLanguage\":\"es\",\"potentialAction\":[{\"@type\":\"ReadAction\",\"target\":[\"https:\/\/institutocrearte.cl\/wp\/producto\/vestidos\/\"]}]},{\"@type\":\"ImageObject\",\"inLanguage\":\"es\",\"@id\":\"https:\/\/institutocrearte.cl\/wp\/producto\/vestidos\/#primaryimage\",\"url\":\"https:\/\/institutocrearte.cl\/wp\/wp-content\/uploads\/2020\/06\/Taller-de-solera-3.png\",\"contentUrl\":\"https:\/\/institutocrearte.cl\/wp\/wp-content\/uploads\/2020\/06\/Taller-de-solera-3.png\",\"width\":540,\"height\":675},{\"@type\":\"BreadcrumbList\",\"@id\":\"https:\/\/institutocrearte.cl\/wp\/producto\/vestidos\/#breadcrumb\",\"itemListElement\":[{\"@type\":\"ListItem\",\"position\":1,\"name\":\"Portada\",\"item\":\"https:\/\/institutocrearte.cl\/wp\/\"},{\"@type\":\"ListItem\",\"position\":2,\"name\":\"Tienda\",\"item\":\"https:\/\/institutocrearte.cl\/wp\/tienda\/\"},{\"@type\":\"ListItem\",\"position\":3,\"name\":\"Taller de Vestidos\"}]},{\"@type\":\"WebSite\",\"@id\":\"https:\/\/institutocrearte.cl\/wp\/#website\",\"url\":\"https:\/\/institutocrearte.cl\/wp\/\",\"name\":\"Instituto Crearte\",\"description\":\"3 d\u00e9cadas juntos\",\"publisher\":{\"@id\":\"https:\/\/institutocrearte.cl\/wp\/#organization\"},\"potentialAction\":[{\"@type\":\"SearchAction\",\"target\":{\"@type\":\"EntryPoint\",\"urlTemplate\":\"https:\/\/institutocrearte.cl\/wp\/?s={search_term_string}\"},\"query-input\":{\"@type\":\"PropertyValueSpecification\",\"valueRequired\":true,\"valueName\":\"search_term_string\"}}],\"inLanguage\":\"es\"},{\"@type\":\"Organization\",\"@id\":\"https:\/\/institutocrearte.cl\/wp\/#organization\",\"name\":\"Instituto Crearte\",\"url\":\"https:\/\/institutocrearte.cl\/wp\/\",\"logo\":{\"@type\":\"ImageObject\",\"inLanguage\":\"es\",\"@id\":\"https:\/\/institutocrearte.cl\/wp\/#\/schema\/logo\/image\/\",\"url\":\"https:\/\/institutocrearte.cl\/wp\/wp-content\/uploads\/2020\/06\/logo.jpg\",\"contentUrl\":\"https:\/\/institutocrearte.cl\/wp\/wp-content\/uploads\/2020\/06\/logo.jpg\",\"width\":960,\"height\":960,\"caption\":\"Instituto Crearte\"},\"image\":{\"@id\":\"https:\/\/institutocrearte.cl\/wp\/#\/schema\/logo\/image\/\"},\"sameAs\":[\"https:\/\/www.facebook.com\/crearteinstituto\",\"https:\/\/x.com\/CrearteChile\",\"https:\/\/www.instagram.com\/institutocrearte\/\",\"https:\/\/www.youtube.com\/channel\/UCjChXIgoFYB_3fNorXKYEYg\"]}]}<\/script>\n<!-- \/ Yoast SEO plugin. -->","yoast_head_json":{"title":"Taller de Vestidos - Instituto Crearte","robots":{"index":"index","follow":"follow","max-snippet":"max-snippet:-1","max-image-preview":"max-image-preview:large","max-video-preview":"max-video-preview:-1"},"canonical":"https:\/\/institutocrearte.cl\/wp\/producto\/vestidos\/","og_locale":"es_ES","og_type":"article","og_title":"Taller de Vestidos - Instituto Crearte","og_description":"\u00a1Realiza hermosos vestidos en tu Escuela de Dise\u00f1o! Aprende a realizar moldes, cortar y confeccionar vestidos de moda o solera de verano. En este curso comenzar\u00e1s a estructurar patrones y luego aprender\u00e1s las t\u00e9cnicas para cortar y confeccionar hermosos y \u00fanicos vestidos o soleras.  &nbsp; Curso pr\u00e1ctico Online. Incluye Libro Digital de Vestidos y Moldes para descargar. Oferta por tiempo limitado. Duraci\u00f3n Vestidos: 3 meses  Duraci\u00f3n Soleras: 1 mes  El curso de vestido de 3 meses incluye: Certificado de estudio y Libro digital de Vestidos  Profesoras: Carol Altamirano - Carolina V\u00e1squez - Patricia Romero - M. Luisa Pastene\u00a0  Docentes Instituto Crearte Modelistas Industrial y de Alta Costura  Ver inicios y horarios en las sedes: Santiago\u00a0\u2013\u00a0Vi\u00f1a del Mar\u00a0\u2013\u00a0Concepci\u00f3n","og_url":"https:\/\/institutocrearte.cl\/wp\/producto\/vestidos\/","og_site_name":"Instituto Crearte","article_publisher":"https:\/\/www.facebook.com\/crearteinstituto","article_modified_time":"2026-01-06T19:43:09+00:00","og_image":[{"width":540,"height":675,"url":"https:\/\/institutocrearte.cl\/wp\/wp-content\/uploads\/2020\/06\/Taller-de-solera-3.png","type":"image\/png"}],"twitter_card":"summary_large_image","twitter_site":"@CrearteChile","twitter_misc":{"Tiempo de lectura":"1 minuto"},"schema":{"@context":"https:\/\/schema.org","@graph":[{"@type":"WebPage","@id":"https:\/\/institutocrearte.cl\/wp\/producto\/vestidos\/","url":"https:\/\/institutocrearte.cl\/wp\/producto\/vestidos\/","name":"Taller de Vestidos - Instituto Crearte","isPartOf":{"@id":"https:\/\/institutocrearte.cl\/wp\/#website"},"primaryImageOfPage":{"@id":"https:\/\/institutocrearte.cl\/wp\/producto\/vestidos\/#primaryimage"},"image":{"@id":"https:\/\/institutocrearte.cl\/wp\/producto\/vestidos\/#primaryimage"},"thumbnailUrl":"https:\/\/institutocrearte.cl\/wp\/wp-content\/uploads\/2020\/06\/Taller-de-solera-3.png","datePublished":"2020-06-28T20:28:59+00:00","dateModified":"2026-01-06T19:43:09+00:00","breadcrumb":{"@id":"https:\/\/institutocrearte.cl\/wp\/producto\/vestidos\/#breadcrumb"},"inLanguage":"es","potentialAction":[{"@type":"ReadAction","target":["https:\/\/institutocrearte.cl\/wp\/producto\/vestidos\/"]}]},{"@type":"ImageObject","inLanguage":"es","@id":"https:\/\/institutocrearte.cl\/wp\/producto\/vestidos\/#primaryimage","url":"https:\/\/institutocrearte.cl\/wp\/wp-content\/uploads\/2020\/06\/Taller-de-solera-3.png","contentUrl":"https:\/\/institutocrearte.cl\/wp\/wp-content\/uploads\/2020\/06\/Taller-de-solera-3.png","width":540,"height":675},{"@type":"BreadcrumbList","@id":"https:\/\/institutocrearte.cl\/wp\/producto\/vestidos\/#breadcrumb","itemListElement":[{"@type":"ListItem","position":1,"name":"Portada","item":"https:\/\/institutocrearte.cl\/wp\/"},{"@type":"ListItem","position":2,"name":"Tienda","item":"https:\/\/institutocrearte.cl\/wp\/tienda\/"},{"@type":"ListItem","position":3,"name":"Taller de Vestidos"}]},{"@type":"WebSite","@id":"https:\/\/institutocrearte.cl\/wp\/#website","url":"https:\/\/institutocrearte.cl\/wp\/","name":"Instituto Crearte","description":"3 d\u00e9cadas juntos","publisher":{"@id":"https:\/\/institutocrearte.cl\/wp\/#organization"},"potentialAction":[{"@type":"SearchAction","target":{"@type":"EntryPoint","urlTemplate":"https:\/\/institutocrearte.cl\/wp\/?s={search_term_string}"},"query-input":{"@type":"PropertyValueSpecification","valueRequired":true,"valueName":"search_term_string"}}],"inLanguage":"es"},{"@type":"Organization","@id":"https:\/\/institutocrearte.cl\/wp\/#organization","name":"Instituto Crearte","url":"https:\/\/institutocrearte.cl\/wp\/","logo":{"@type":"ImageObject","inLanguage":"es","@id":"https:\/\/institutocrearte.cl\/wp\/#\/schema\/logo\/image\/","url":"https:\/\/institutocrearte.cl\/wp\/wp-content\/uploads\/2020\/06\/logo.jpg","contentUrl":"https:\/\/institutocrearte.cl\/wp\/wp-content\/uploads\/2020\/06\/logo.jpg","width":960,"height":960,"caption":"Instituto Crearte"},"image":{"@id":"https:\/\/institutocrearte.cl\/wp\/#\/schema\/logo\/image\/"},"sameAs":["https:\/\/www.facebook.com\/crearteinstituto","https:\/\/x.com\/CrearteChile","https:\/\/www.instagram.com\/institutocrearte\/","https:\/\/www.youtube.com\/channel\/UCjChXIgoFYB_3fNorXKYEYg"]}]}},"_links":{"self":[{"href":"https:\/\/institutocrearte.cl\/wp\/wp-json\/wp\/v2\/product\/333","targetHints":{"allow":["GET"]}}],"collection":[{"href":"https:\/\/institutocrearte.cl\/wp\/wp-json\/wp\/v2\/product"}],"about":[{"href":"https:\/\/institutocrearte.cl\/wp\/wp-json\/wp\/v2\/types\/product"}],"wp:featuredmedia":[{"embeddable":true,"href":"https:\/\/institutocrearte.cl\/wp\/wp-json\/wp\/v2\/media\/2722"}],"wp:attachment":[{"href":"https:\/\/institutocrearte.cl\/wp\/wp-json\/wp\/v2\/media?parent=333"}],"wp:term":[{"taxonomy":"product_brand","embeddable":true,"href":"https:\/\/institutocrearte.cl\/wp\/wp-json\/wp\/v2\/product_brand?post=333"},{"taxonomy":"product_cat","embeddable":true,"href":"https:\/\/institutocrearte.cl\/wp\/wp-json\/wp\/v2\/product_cat?post=333"},{"taxonomy":"product_tag","embeddable":true,"href":"https:\/\/institutocrearte.cl\/wp\/wp-json\/wp\/v2\/product_tag?post=333"}],"curies":[{"name":"wp","href":"https:\/\/api.w.org\/{rel}","templated":true}]}}