{"id":2321,"date":"2025-02-14T15:06:37","date_gmt":"2025-02-14T19:06:37","guid":{"rendered":"https:\/\/institutocrearte.cl\/wp\/?post_type=product&#038;p=2321"},"modified":"2026-04-01T05:12:15","modified_gmt":"2026-04-01T09:12:15","slug":"diseno-de-vestuario","status":"publish","type":"product","link":"https:\/\/institutocrearte.cl\/wp\/producto\/diseno-de-vestuario\/","title":{"rendered":"Dise\u00f1o de Vestuario"},"content":{"rendered":"<p><strong>MALLA CURRICULAR:<\/strong><\/p>\n<p><em>6 Ciclos de estudio. 18 M\u00f3dulos que incluyen las siguientes materias:<\/em><\/p>\n<ul>\n<li>Estudio del color &#8211; Psicolog\u00eda del color<\/li>\n<li>Dibujo b\u00e1sico &#8211; Figura Humana y rostro<\/li>\n<li>Dibujo t\u00e9cnico y perspectiva &#8211; Historia y composici\u00f3n<\/li>\n<li>Bocetos e lustraci\u00f3n de Moda<\/li>\n<li>Colecciones de Moda<\/li>\n<li>Taller Creativo &#8211; Upcycling<\/li>\n<li>Fichas t\u00e9cnicas manual o computacional<\/li>\n<li>Proyecto pasarela y proyecto personal<\/li>\n<li>Patronaje de Faldas<\/li>\n<li>Materiales Textiles<\/li>\n<li>Patronaje de Moda Sport<\/li>\n<li>Patronaje de Blusas<\/li>\n<li>Patronaje de Pantalones<\/li>\n<li>Patronaje de Sastrer\u00eda Femenina<\/li>\n<li>Patronaje de Lencer\u00eda y Corseter\u00eda<\/li>\n<li>Patronaje de Vestidos<\/li>\n<li>Patronaje de Alta Noche y Novia<\/li>\n<li>Patronaje de Moda Masculina<\/li>\n<li>Patronaje de Moda infantil<\/li>\n<li>Interpretaci\u00f3n, cuerpos especiales, introducci\u00f3n al escalado<\/li>\n<li>Corte y confecci\u00f3n 1<\/li>\n<li>Corte y confecci\u00f3n 2<\/li>\n<li>Corte y confecci\u00f3n 3<\/li>\n<li>Corte y confecci\u00f3n 4<\/li>\n<li>Corte y confecci\u00f3n 5<\/li>\n<li>Corte y confecci\u00f3n 6<\/li>\n<\/ul>\n<h6 style=\"text-align: center;\"><\/h6>\n<p style=\"text-align: center;\"><strong>Certif\u00edcate en Instituto Crearte<br \/>\nESCUELA DE DISE\u00d1O Y ARTE<\/strong><\/p>\n<p style=\"text-align: center;\"><strong>Modalidad Presencial, Online y SemiPresencial<\/strong><\/p>\n<p style=\"text-align: center;\">Inicio de clases: desde el 6 de abril 2026<\/p>\n<h5 style=\"text-align: center;\"><em style=\"font-family: NonBreakingSpaceOverride, 'Hoefler Text', Garamond, 'Times New Roman', serif; letter-spacing: normal; font-size: 21px;\">\u00a1Compra ahora con tarjeta y paga en las cuotas que quieras!<\/em><\/h5>\n<p style=\"text-align: center;\">Sedes presenciales: Santiago, Vi\u00f1a del Mar y Concepci\u00f3n Chile.<br \/>\n3 d\u00e9cadas de experiencia. Escuela Internacional OnLine de Miami.<\/p>\n<p style=\"text-align: center;\"><strong>Incluye Diploma<\/strong><\/p>\n","protected":false},"excerpt":{"rendered":"<h4>\u00a1Aprende Dise\u00f1o de Moda, Patronaje y confecci\u00f3n!<\/h4>\n<h5>Dise\u00f1o de Vestuario con Menci\u00f3n en Alta Costura y Patronaje<\/h5>\n<h5><img loading=\"lazy\" decoding=\"async\" class=\"alignnone wp-image-2667\" src=\"https:\/\/institutocrearte.cl\/wp\/wp-content\/uploads\/2025\/10\/Sello-Crearte-300x300.jpg\" alt=\"Sello de autenticidad\" width=\"168\" height=\"168\" srcset=\"https:\/\/institutocrearte.cl\/wp\/wp-content\/uploads\/2025\/10\/Sello-Crearte-300x300.jpg 300w, https:\/\/institutocrearte.cl\/wp\/wp-content\/uploads\/2025\/10\/Sello-Crearte-150x150.jpg 150w, https:\/\/institutocrearte.cl\/wp\/wp-content\/uploads\/2025\/10\/Sello-Crearte-450x450.jpg 450w, https:\/\/institutocrearte.cl\/wp\/wp-content\/uploads\/2025\/10\/Sello-Crearte-100x100.jpg 100w, https:\/\/institutocrearte.cl\/wp\/wp-content\/uploads\/2025\/10\/Sello-Crearte.jpg 487w\" sizes=\"auto, (max-width: 168px) 100vw, 168px\" \/><\/h5>\n<p>Completa, precisa y exclusiva Malla Curricular. Incluye: Dise\u00f1o de Moda, Alta Costura y Patronaje profesional.<\/p>\n<p>\u00bfQuieres convertirte en Dise\u00f1ador (a) de Moda y Vestuario? En 1 a\u00f1o podr\u00e1s cursar la completa malla curricular que incluye: Ilustraci\u00f3n de Moda. Alta costura, Patronaje, toda el \u00e1rea art\u00edstica y las \u00e1reas t\u00e9cnicas. \u00danico programa de estudios que te deja capacitado para dise\u00f1ar moda y vestuario en 1 a\u00f1o.<\/p>\n<p>El lugar ideal para potenciar tu pasi\u00f3n por la moda y convertirte en un Dise\u00f1ador destacado o dar inicio a tu prendimiento. Te ofrecemos un programa integral que combina herramientas art\u00edsticas y t\u00e9cnicas perfeccionadas, todo ello gracias a nuestro innovador sistema de ense\u00f1anza, que ha sido implementado y mejorado a lo largo de m\u00e1s de 3 d\u00e9cadas de experiencia en la formaci\u00f3n de talentos en el \u00e1mbito del dise\u00f1o.<\/p>\n<p>En nuestra escuela, utilizamos t\u00e9cnicas incomparables y originales que te permitir\u00e1n crear Dise\u00f1os innovadores, siempre alineados con las \u00faltimas Tendencias de moda. La formaci\u00f3n incluye el desarrollo de tu Talento en un ambiente profesional, guiado por un equipo de expertos en la industria, quienes te brindar\u00e1n la asesor\u00eda necesaria para que puedas destacar en este competitivo mundo. Nuestro programa es el m\u00e1s completo del mercado, ya que no solo abarcamos el \u00e1rea art\u00edstica, sino que tambi\u00e9n profundizamos en el \u00e1rea t\u00e9cnica, incluyendo m\u00f3dulos de Alta Costura y Patronaje profesional, todo reconocido y valorado por las mejores empresas del rubro.<\/p>\n<p>Asimismo, en nuestra escuela contamos con libros exclusivos, profesores con experiencia y dedicaci\u00f3n. Nuestros alumnos pueden sentirse seguros y confiados de que est\u00e1n aprendiendo en una Escuela de Dise\u00f1o especializada y \u00fanica en su tipo, respaldada por 3 d\u00e9cadas de trayectoria formando Dise\u00f1adores de alto nivel. Respetamos y valoramos tu CREATIVIDAD, y nos comprometemos a potenciarla proporcion\u00e1ndote la T\u00c9CNICA necesaria para que alcances tus metas. No pierdas la oportunidad de transformarte en un profesional del dise\u00f1o con nosotros.<\/p>\n<p><em>El Programa de estudio est\u00e1 a cargo de la Dise\u00f1adora y escritora: Patricia Romero Baeza<\/em><br \/>\n<strong>\u00abRespetamos la sensibilidad de cada alumno y lo orientamos para obtener resultados \u00f3ptimos y precisos, tanto en la creaci\u00f3n de los dise\u00f1os: forma, color y materiales, como en la realizaci\u00f3n de ellos; construcci\u00f3n de moldes, tizado, corte y confecci\u00f3n de las prendas de vestir\u00bb<\/strong><\/p>\n<p><em>\u00a1Compra ahora con tarjeta y paga en las cuotas que quieras!<\/em><\/p>\n<p>&nbsp;<\/p>\n<p><strong>Duraci\u00f3n: <\/strong>1 a\u00f1o<\/p>\n<p>&nbsp;<\/p>\n<h4><strong>\u00a1Hazte miembro de la comunidad Creativa!<\/strong><\/h4>\n<h5><strong>D<\/strong><strong>esde el momento de la matr\u00edcula accede a los beneficios; c\u00f3mo Talleres gratis y otros con s\u00faper descuento<\/strong>.<\/h5>\n<h5><a href=\"https:\/\/institutocrearte.cl\/archivos\/talleresalumnos.pdf\" target=\"_blank\" rel=\"noopener\">Promociones exclusivas alumnos:<\/a><\/h5>\n<p><a href=\"https:\/\/institutocrearte.cl\/archivos\/talleresalumnos.pdf\" target=\"_blank\" rel=\"noopener\"><img loading=\"lazy\" decoding=\"async\" src=\"https:\/\/institutocrearte.cl\/images\/qr-code.png\" alt=\"\" width=\"165\" height=\"165\" \/><\/a><\/p>\n<h5><strong><a href=\"https:\/\/institutocrearte.cl\/htm\/curso_taller.html\">Santiago<\/a>\u00a0\u2013\u00a0<a href=\"https:\/\/institutocrearte.cl\/htm\/videlmar.html\">Vi\u00f1a del Mar<\/a>\u00a0\u2013\u00a0<a href=\"https:\/\/institutocrearte.cl\/htm\/concepcion.html\">Concepci\u00f3n<\/a><\/strong><\/h5>\n<p><strong>Santiago:<\/strong> Jornada diurna (<em>sin vacantes)<\/em>, vespertina y d\u00edas s\u00e1bados.<\/p>\n<p><strong>Vi\u00f1a del Mar:<\/strong> Jornada diurna y d\u00edas s\u00e1bados.<\/p>\n<p><strong>Concepci\u00f3n:<\/strong> Jornada diurna.<\/p>\n<p>Al finalizar la compra, escr\u00edbenos en\u00a0<strong>Informaci\u00f3n adicional<\/strong>, la Modalidad y la sede (clases presenciales)<\/p>\n<h4><strong>Incluye Diploma<\/strong><\/h4>\n<h4><\/h4>\n<p><em>\u00a1Compra ahora con tarjeta y paga en las cuotas que quieras!<\/em><\/p>\n<h5 style=\"text-align: left;\">Ventajas de aprender en Instituto Crearte<\/h5>\n<p style=\"text-align: left;\">3 d\u00e9cadas de experiencia.<br \/>\nMaterial exclusivo de ense\u00f1anza.<br \/>\nClases presenciales: realizadas por Docentes destacados y con experiencia.<br \/>\nClases Online: plataforma disponible las 24 horas.<br \/>\nUn profesor te acompa\u00f1ar\u00e1 siempre en tu aprendizaje.<br \/>\nIncluye tu Certificaci\u00f3n.<\/p>\n<p>https:\/\/youtube.com\/shorts\/KAV09tTa2oY?si=Hpyq9DvTS3fVPjMd<\/p>\n<p>&nbsp;<\/p>\n<p>https:\/\/www.youtube.com\/watch?v=WpJ9gF5v6zE&amp;t=166s<\/p>\n","protected":false},"featured_media":2324,"template":"","meta":{"_eb_attr":"","_monsterinsights_skip_tracking":false,"_monsterinsights_sitenote_active":false,"_monsterinsights_sitenote_note":"","_monsterinsights_sitenote_category":0},"product_brand":[],"product_cat":[232],"product_tag":[38,39,197,198,199,200,196],"class_list":{"0":"post-2321","1":"product","2":"type-product","3":"status-publish","4":"has-post-thumbnail","6":"product_cat-carrera","7":"product_tag-diseno-de-moda","8":"product_tag-diseno-de-vestuario","9":"product_tag-modelista","10":"product_tag-moldaje-industrial","11":"product_tag-patrones-de-costura","12":"product_tag-patrones-de-moda","13":"product_tag-patronista","15":"first","16":"instock","17":"sale","18":"shipping-taxable","19":"purchasable","20":"product-type-variable"},"yoast_head":"<!-- This site is optimized with the Yoast SEO plugin v26.3 - https:\/\/yoast.com\/wordpress\/plugins\/seo\/ -->\n<title>Dise\u00f1o de Vestuario - Instituto Crearte<\/title>\n<meta name=\"robots\" content=\"index, follow, max-snippet:-1, max-image-preview:large, max-video-preview:-1\" \/>\n<link rel=\"canonical\" href=\"https:\/\/institutocrearte.cl\/wp\/producto\/diseno-de-vestuario\/\" \/>\n<meta property=\"og:locale\" content=\"es_ES\" \/>\n<meta property=\"og:type\" content=\"article\" \/>\n<meta property=\"og:title\" content=\"Dise\u00f1o de Vestuario - Instituto Crearte\" \/>\n<meta property=\"og:description\" content=\"\u00a1Aprende Dise\u00f1o de Moda, Patronaje y confecci\u00f3n! Dise\u00f1o de Vestuario con Menci\u00f3n en Alta Costura y Patronaje  Completa, precisa y exclusiva Malla Curricular. Incluye: Dise\u00f1o de Moda, Alta Costura y Patronaje profesional.  \u00bfQuieres convertirte en Dise\u00f1ador (a) de Moda y Vestuario? En 1 a\u00f1o podr\u00e1s cursar la completa malla curricular que incluye: Ilustraci\u00f3n de Moda. Alta costura, Patronaje, toda el \u00e1rea art\u00edstica y las \u00e1reas t\u00e9cnicas. \u00danico programa de estudios que te deja capacitado para dise\u00f1ar moda y vestuario en 1 a\u00f1o.  El lugar ideal para potenciar tu pasi\u00f3n por la moda y convertirte en un Dise\u00f1ador destacado o dar inicio a tu prendimiento. Te ofrecemos un programa integral que combina herramientas art\u00edsticas y t\u00e9cnicas perfeccionadas, todo ello gracias a nuestro innovador sistema de ense\u00f1anza, que ha sido implementado y mejorado a lo largo de m\u00e1s de 3 d\u00e9cadas de experiencia en la formaci\u00f3n de talentos en el \u00e1mbito del dise\u00f1o.  En nuestra escuela, utilizamos t\u00e9cnicas incomparables y originales que te permitir\u00e1n crear Dise\u00f1os innovadores, siempre alineados con las \u00faltimas Tendencias de moda. La formaci\u00f3n incluye el desarrollo de tu Talento en un ambiente profesional, guiado por un equipo de expertos en la industria, quienes te brindar\u00e1n la asesor\u00eda necesaria para que puedas destacar en este competitivo mundo. Nuestro programa es el m\u00e1s completo del mercado, ya que no solo abarcamos el \u00e1rea art\u00edstica, sino que tambi\u00e9n profundizamos en el \u00e1rea t\u00e9cnica, incluyendo m\u00f3dulos de Alta Costura y Patronaje profesional, todo reconocido y valorado por las mejores empresas del rubro.  Asimismo, en nuestra escuela contamos con libros exclusivos, profesores con experiencia y dedicaci\u00f3n. Nuestros alumnos pueden sentirse seguros y confiados de que est\u00e1n aprendiendo en una Escuela de Dise\u00f1o especializada y \u00fanica en su tipo, respaldada por 3 d\u00e9cadas de trayectoria formando Dise\u00f1adores de alto nivel. Respetamos y valoramos tu CREATIVIDAD, y nos comprometemos a potenciarla proporcion\u00e1ndote la T\u00c9CNICA necesaria para que alcances tus metas. No pierdas la oportunidad de transformarte en un profesional del dise\u00f1o con nosotros.  El Programa de estudio est\u00e1 a cargo de la Dise\u00f1adora y escritora: Patricia Romero Baeza &quot;Respetamos la sensibilidad de cada alumno y lo orientamos para obtener resultados \u00f3ptimos y precisos, tanto en la creaci\u00f3n de los dise\u00f1os: forma, color y materiales, como en la realizaci\u00f3n de ellos; construcci\u00f3n de moldes, tizado, corte y confecci\u00f3n de las prendas de vestir&quot;  \u00a1Compra ahora con tarjeta y paga en las cuotas que quieras!  &nbsp;  Duraci\u00f3n: 1 a\u00f1o  &nbsp; \u00a1Hazte miembro de la comunidad Creativa! Desde el momento de la matr\u00edcula accede a los beneficios; c\u00f3mo Talleres gratis y otros con s\u00faper descuento. Promociones exclusivas alumnos:  Santiago\u00a0\u2013\u00a0Vi\u00f1a del Mar\u00a0\u2013\u00a0Concepci\u00f3n Santiago: Jornada diurna (sin vacantes), vespertina y d\u00edas s\u00e1bados.  Vi\u00f1a del Mar: Jornada diurna y d\u00edas s\u00e1bados.  Concepci\u00f3n: Jornada diurna.  Al finalizar la compra, escr\u00edbenos en\u00a0Informaci\u00f3n adicional, la Modalidad y la sede (clases presenciales) Incluye Diploma  \u00a1Compra ahora con tarjeta y paga en las cuotas que quieras! Ventajas de aprender en Instituto Crearte 3 d\u00e9cadas de experiencia. Material exclusivo de ense\u00f1anza. Clases presenciales: realizadas por Docentes destacados y con experiencia. Clases Online: plataforma disponible las 24 horas. Un profesor te acompa\u00f1ar\u00e1 siempre en tu aprendizaje. Incluye tu Certificaci\u00f3n. https:\/\/youtube.com\/shorts\/KAV09tTa2oY?si=Hpyq9DvTS3fVPjMd  &nbsp;  https:\/\/www.youtube.com\/watch?v=WpJ9gF5v6zE&amp;t=166s\" \/>\n<meta property=\"og:url\" content=\"https:\/\/institutocrearte.cl\/wp\/producto\/diseno-de-vestuario\/\" \/>\n<meta property=\"og:site_name\" content=\"Instituto Crearte\" \/>\n<meta property=\"article:publisher\" content=\"https:\/\/www.facebook.com\/crearteinstituto\" \/>\n<meta property=\"article:modified_time\" content=\"2026-04-01T09:12:15+00:00\" \/>\n<meta property=\"og:image\" content=\"https:\/\/institutocrearte.cl\/wp\/wp-content\/uploads\/2025\/02\/Vestuario.png\" \/>\n\t<meta property=\"og:image:width\" content=\"540\" \/>\n\t<meta property=\"og:image:height\" content=\"540\" \/>\n\t<meta property=\"og:image:type\" content=\"image\/png\" \/>\n<meta name=\"twitter:card\" content=\"summary_large_image\" \/>\n<meta name=\"twitter:site\" content=\"@CrearteChile\" \/>\n<meta name=\"twitter:label1\" content=\"Tiempo de lectura\" \/>\n\t<meta name=\"twitter:data1\" content=\"2 minutos\" \/>\n<script type=\"application\/ld+json\" class=\"yoast-schema-graph\">{\"@context\":\"https:\/\/schema.org\",\"@graph\":[{\"@type\":\"WebPage\",\"@id\":\"https:\/\/institutocrearte.cl\/wp\/producto\/diseno-de-vestuario\/\",\"url\":\"https:\/\/institutocrearte.cl\/wp\/producto\/diseno-de-vestuario\/\",\"name\":\"Dise\u00f1o de Vestuario - Instituto Crearte\",\"isPartOf\":{\"@id\":\"https:\/\/institutocrearte.cl\/wp\/#website\"},\"primaryImageOfPage\":{\"@id\":\"https:\/\/institutocrearte.cl\/wp\/producto\/diseno-de-vestuario\/#primaryimage\"},\"image\":{\"@id\":\"https:\/\/institutocrearte.cl\/wp\/producto\/diseno-de-vestuario\/#primaryimage\"},\"thumbnailUrl\":\"https:\/\/institutocrearte.cl\/wp\/wp-content\/uploads\/2025\/02\/Vestuario.png\",\"datePublished\":\"2025-02-14T19:06:37+00:00\",\"dateModified\":\"2026-04-01T09:12:15+00:00\",\"breadcrumb\":{\"@id\":\"https:\/\/institutocrearte.cl\/wp\/producto\/diseno-de-vestuario\/#breadcrumb\"},\"inLanguage\":\"es\",\"potentialAction\":[{\"@type\":\"ReadAction\",\"target\":[\"https:\/\/institutocrearte.cl\/wp\/producto\/diseno-de-vestuario\/\"]}]},{\"@type\":\"ImageObject\",\"inLanguage\":\"es\",\"@id\":\"https:\/\/institutocrearte.cl\/wp\/producto\/diseno-de-vestuario\/#primaryimage\",\"url\":\"https:\/\/institutocrearte.cl\/wp\/wp-content\/uploads\/2025\/02\/Vestuario.png\",\"contentUrl\":\"https:\/\/institutocrearte.cl\/wp\/wp-content\/uploads\/2025\/02\/Vestuario.png\",\"width\":540,\"height\":540},{\"@type\":\"BreadcrumbList\",\"@id\":\"https:\/\/institutocrearte.cl\/wp\/producto\/diseno-de-vestuario\/#breadcrumb\",\"itemListElement\":[{\"@type\":\"ListItem\",\"position\":1,\"name\":\"Portada\",\"item\":\"https:\/\/institutocrearte.cl\/wp\/\"},{\"@type\":\"ListItem\",\"position\":2,\"name\":\"Tienda\",\"item\":\"https:\/\/institutocrearte.cl\/wp\/tienda\/\"},{\"@type\":\"ListItem\",\"position\":3,\"name\":\"Dise\u00f1o de Vestuario\"}]},{\"@type\":\"WebSite\",\"@id\":\"https:\/\/institutocrearte.cl\/wp\/#website\",\"url\":\"https:\/\/institutocrearte.cl\/wp\/\",\"name\":\"Instituto Crearte\",\"description\":\"3 d\u00e9cadas juntos\",\"publisher\":{\"@id\":\"https:\/\/institutocrearte.cl\/wp\/#organization\"},\"potentialAction\":[{\"@type\":\"SearchAction\",\"target\":{\"@type\":\"EntryPoint\",\"urlTemplate\":\"https:\/\/institutocrearte.cl\/wp\/?s={search_term_string}\"},\"query-input\":{\"@type\":\"PropertyValueSpecification\",\"valueRequired\":true,\"valueName\":\"search_term_string\"}}],\"inLanguage\":\"es\"},{\"@type\":\"Organization\",\"@id\":\"https:\/\/institutocrearte.cl\/wp\/#organization\",\"name\":\"Instituto Crearte\",\"url\":\"https:\/\/institutocrearte.cl\/wp\/\",\"logo\":{\"@type\":\"ImageObject\",\"inLanguage\":\"es\",\"@id\":\"https:\/\/institutocrearte.cl\/wp\/#\/schema\/logo\/image\/\",\"url\":\"https:\/\/institutocrearte.cl\/wp\/wp-content\/uploads\/2020\/06\/logo.jpg\",\"contentUrl\":\"https:\/\/institutocrearte.cl\/wp\/wp-content\/uploads\/2020\/06\/logo.jpg\",\"width\":960,\"height\":960,\"caption\":\"Instituto Crearte\"},\"image\":{\"@id\":\"https:\/\/institutocrearte.cl\/wp\/#\/schema\/logo\/image\/\"},\"sameAs\":[\"https:\/\/www.facebook.com\/crearteinstituto\",\"https:\/\/x.com\/CrearteChile\",\"https:\/\/www.instagram.com\/institutocrearte\/\",\"https:\/\/www.youtube.com\/channel\/UCjChXIgoFYB_3fNorXKYEYg\"]}]}<\/script>\n<!-- \/ Yoast SEO plugin. -->","yoast_head_json":{"title":"Dise\u00f1o de Vestuario - Instituto Crearte","robots":{"index":"index","follow":"follow","max-snippet":"max-snippet:-1","max-image-preview":"max-image-preview:large","max-video-preview":"max-video-preview:-1"},"canonical":"https:\/\/institutocrearte.cl\/wp\/producto\/diseno-de-vestuario\/","og_locale":"es_ES","og_type":"article","og_title":"Dise\u00f1o de Vestuario - Instituto Crearte","og_description":"\u00a1Aprende Dise\u00f1o de Moda, Patronaje y confecci\u00f3n! Dise\u00f1o de Vestuario con Menci\u00f3n en Alta Costura y Patronaje  Completa, precisa y exclusiva Malla Curricular. Incluye: Dise\u00f1o de Moda, Alta Costura y Patronaje profesional.  \u00bfQuieres convertirte en Dise\u00f1ador (a) de Moda y Vestuario? En 1 a\u00f1o podr\u00e1s cursar la completa malla curricular que incluye: Ilustraci\u00f3n de Moda. Alta costura, Patronaje, toda el \u00e1rea art\u00edstica y las \u00e1reas t\u00e9cnicas. \u00danico programa de estudios que te deja capacitado para dise\u00f1ar moda y vestuario en 1 a\u00f1o.  El lugar ideal para potenciar tu pasi\u00f3n por la moda y convertirte en un Dise\u00f1ador destacado o dar inicio a tu prendimiento. Te ofrecemos un programa integral que combina herramientas art\u00edsticas y t\u00e9cnicas perfeccionadas, todo ello gracias a nuestro innovador sistema de ense\u00f1anza, que ha sido implementado y mejorado a lo largo de m\u00e1s de 3 d\u00e9cadas de experiencia en la formaci\u00f3n de talentos en el \u00e1mbito del dise\u00f1o.  En nuestra escuela, utilizamos t\u00e9cnicas incomparables y originales que te permitir\u00e1n crear Dise\u00f1os innovadores, siempre alineados con las \u00faltimas Tendencias de moda. La formaci\u00f3n incluye el desarrollo de tu Talento en un ambiente profesional, guiado por un equipo de expertos en la industria, quienes te brindar\u00e1n la asesor\u00eda necesaria para que puedas destacar en este competitivo mundo. Nuestro programa es el m\u00e1s completo del mercado, ya que no solo abarcamos el \u00e1rea art\u00edstica, sino que tambi\u00e9n profundizamos en el \u00e1rea t\u00e9cnica, incluyendo m\u00f3dulos de Alta Costura y Patronaje profesional, todo reconocido y valorado por las mejores empresas del rubro.  Asimismo, en nuestra escuela contamos con libros exclusivos, profesores con experiencia y dedicaci\u00f3n. Nuestros alumnos pueden sentirse seguros y confiados de que est\u00e1n aprendiendo en una Escuela de Dise\u00f1o especializada y \u00fanica en su tipo, respaldada por 3 d\u00e9cadas de trayectoria formando Dise\u00f1adores de alto nivel. Respetamos y valoramos tu CREATIVIDAD, y nos comprometemos a potenciarla proporcion\u00e1ndote la T\u00c9CNICA necesaria para que alcances tus metas. No pierdas la oportunidad de transformarte en un profesional del dise\u00f1o con nosotros.  El Programa de estudio est\u00e1 a cargo de la Dise\u00f1adora y escritora: Patricia Romero Baeza \"Respetamos la sensibilidad de cada alumno y lo orientamos para obtener resultados \u00f3ptimos y precisos, tanto en la creaci\u00f3n de los dise\u00f1os: forma, color y materiales, como en la realizaci\u00f3n de ellos; construcci\u00f3n de moldes, tizado, corte y confecci\u00f3n de las prendas de vestir\"  \u00a1Compra ahora con tarjeta y paga en las cuotas que quieras!  &nbsp;  Duraci\u00f3n: 1 a\u00f1o  &nbsp; \u00a1Hazte miembro de la comunidad Creativa! Desde el momento de la matr\u00edcula accede a los beneficios; c\u00f3mo Talleres gratis y otros con s\u00faper descuento. Promociones exclusivas alumnos:  Santiago\u00a0\u2013\u00a0Vi\u00f1a del Mar\u00a0\u2013\u00a0Concepci\u00f3n Santiago: Jornada diurna (sin vacantes), vespertina y d\u00edas s\u00e1bados.  Vi\u00f1a del Mar: Jornada diurna y d\u00edas s\u00e1bados.  Concepci\u00f3n: Jornada diurna.  Al finalizar la compra, escr\u00edbenos en\u00a0Informaci\u00f3n adicional, la Modalidad y la sede (clases presenciales) Incluye Diploma  \u00a1Compra ahora con tarjeta y paga en las cuotas que quieras! Ventajas de aprender en Instituto Crearte 3 d\u00e9cadas de experiencia. Material exclusivo de ense\u00f1anza. Clases presenciales: realizadas por Docentes destacados y con experiencia. Clases Online: plataforma disponible las 24 horas. Un profesor te acompa\u00f1ar\u00e1 siempre en tu aprendizaje. Incluye tu Certificaci\u00f3n. https:\/\/youtube.com\/shorts\/KAV09tTa2oY?si=Hpyq9DvTS3fVPjMd  &nbsp;  https:\/\/www.youtube.com\/watch?v=WpJ9gF5v6zE&amp;t=166s","og_url":"https:\/\/institutocrearte.cl\/wp\/producto\/diseno-de-vestuario\/","og_site_name":"Instituto Crearte","article_publisher":"https:\/\/www.facebook.com\/crearteinstituto","article_modified_time":"2026-04-01T09:12:15+00:00","og_image":[{"width":540,"height":540,"url":"https:\/\/institutocrearte.cl\/wp\/wp-content\/uploads\/2025\/02\/Vestuario.png","type":"image\/png"}],"twitter_card":"summary_large_image","twitter_site":"@CrearteChile","twitter_misc":{"Tiempo de lectura":"2 minutos"},"schema":{"@context":"https:\/\/schema.org","@graph":[{"@type":"WebPage","@id":"https:\/\/institutocrearte.cl\/wp\/producto\/diseno-de-vestuario\/","url":"https:\/\/institutocrearte.cl\/wp\/producto\/diseno-de-vestuario\/","name":"Dise\u00f1o de Vestuario - Instituto Crearte","isPartOf":{"@id":"https:\/\/institutocrearte.cl\/wp\/#website"},"primaryImageOfPage":{"@id":"https:\/\/institutocrearte.cl\/wp\/producto\/diseno-de-vestuario\/#primaryimage"},"image":{"@id":"https:\/\/institutocrearte.cl\/wp\/producto\/diseno-de-vestuario\/#primaryimage"},"thumbnailUrl":"https:\/\/institutocrearte.cl\/wp\/wp-content\/uploads\/2025\/02\/Vestuario.png","datePublished":"2025-02-14T19:06:37+00:00","dateModified":"2026-04-01T09:12:15+00:00","breadcrumb":{"@id":"https:\/\/institutocrearte.cl\/wp\/producto\/diseno-de-vestuario\/#breadcrumb"},"inLanguage":"es","potentialAction":[{"@type":"ReadAction","target":["https:\/\/institutocrearte.cl\/wp\/producto\/diseno-de-vestuario\/"]}]},{"@type":"ImageObject","inLanguage":"es","@id":"https:\/\/institutocrearte.cl\/wp\/producto\/diseno-de-vestuario\/#primaryimage","url":"https:\/\/institutocrearte.cl\/wp\/wp-content\/uploads\/2025\/02\/Vestuario.png","contentUrl":"https:\/\/institutocrearte.cl\/wp\/wp-content\/uploads\/2025\/02\/Vestuario.png","width":540,"height":540},{"@type":"BreadcrumbList","@id":"https:\/\/institutocrearte.cl\/wp\/producto\/diseno-de-vestuario\/#breadcrumb","itemListElement":[{"@type":"ListItem","position":1,"name":"Portada","item":"https:\/\/institutocrearte.cl\/wp\/"},{"@type":"ListItem","position":2,"name":"Tienda","item":"https:\/\/institutocrearte.cl\/wp\/tienda\/"},{"@type":"ListItem","position":3,"name":"Dise\u00f1o de Vestuario"}]},{"@type":"WebSite","@id":"https:\/\/institutocrearte.cl\/wp\/#website","url":"https:\/\/institutocrearte.cl\/wp\/","name":"Instituto Crearte","description":"3 d\u00e9cadas juntos","publisher":{"@id":"https:\/\/institutocrearte.cl\/wp\/#organization"},"potentialAction":[{"@type":"SearchAction","target":{"@type":"EntryPoint","urlTemplate":"https:\/\/institutocrearte.cl\/wp\/?s={search_term_string}"},"query-input":{"@type":"PropertyValueSpecification","valueRequired":true,"valueName":"search_term_string"}}],"inLanguage":"es"},{"@type":"Organization","@id":"https:\/\/institutocrearte.cl\/wp\/#organization","name":"Instituto Crearte","url":"https:\/\/institutocrearte.cl\/wp\/","logo":{"@type":"ImageObject","inLanguage":"es","@id":"https:\/\/institutocrearte.cl\/wp\/#\/schema\/logo\/image\/","url":"https:\/\/institutocrearte.cl\/wp\/wp-content\/uploads\/2020\/06\/logo.jpg","contentUrl":"https:\/\/institutocrearte.cl\/wp\/wp-content\/uploads\/2020\/06\/logo.jpg","width":960,"height":960,"caption":"Instituto Crearte"},"image":{"@id":"https:\/\/institutocrearte.cl\/wp\/#\/schema\/logo\/image\/"},"sameAs":["https:\/\/www.facebook.com\/crearteinstituto","https:\/\/x.com\/CrearteChile","https:\/\/www.instagram.com\/institutocrearte\/","https:\/\/www.youtube.com\/channel\/UCjChXIgoFYB_3fNorXKYEYg"]}]}},"_links":{"self":[{"href":"https:\/\/institutocrearte.cl\/wp\/wp-json\/wp\/v2\/product\/2321","targetHints":{"allow":["GET"]}}],"collection":[{"href":"https:\/\/institutocrearte.cl\/wp\/wp-json\/wp\/v2\/product"}],"about":[{"href":"https:\/\/institutocrearte.cl\/wp\/wp-json\/wp\/v2\/types\/product"}],"wp:featuredmedia":[{"embeddable":true,"href":"https:\/\/institutocrearte.cl\/wp\/wp-json\/wp\/v2\/media\/2324"}],"wp:attachment":[{"href":"https:\/\/institutocrearte.cl\/wp\/wp-json\/wp\/v2\/media?parent=2321"}],"wp:term":[{"taxonomy":"product_brand","embeddable":true,"href":"https:\/\/institutocrearte.cl\/wp\/wp-json\/wp\/v2\/product_brand?post=2321"},{"taxonomy":"product_cat","embeddable":true,"href":"https:\/\/institutocrearte.cl\/wp\/wp-json\/wp\/v2\/product_cat?post=2321"},{"taxonomy":"product_tag","embeddable":true,"href":"https:\/\/institutocrearte.cl\/wp\/wp-json\/wp\/v2\/product_tag?post=2321"}],"curies":[{"name":"wp","href":"https:\/\/api.w.org\/{rel}","templated":true}]}}