{"id":1931,"date":"2024-08-25T23:36:26","date_gmt":"2024-08-26T03:36:26","guid":{"rendered":"https:\/\/institutocrearte.cl\/wp\/?post_type=product&#038;p=1931"},"modified":"2026-05-01T17:49:33","modified_gmt":"2026-05-01T21:49:33","slug":"diplomado-accesorios","status":"publish","type":"product","link":"https:\/\/institutocrearte.cl\/wp\/producto\/diplomado-accesorios\/","title":{"rendered":"Diplomado: Dise\u00f1o de Accesorios"},"content":{"rendered":"<p><strong>MALLA CURRICULAR:<\/strong><\/p>\n<p><em>3 Ciclos de estudio. 6 M\u00f3dulos que incluyen las siguientes materias:<\/em><\/p>\n<ul>\n<li><strong>Estudio del color<\/strong><\/li>\n<li><strong>Dibujo<\/strong><\/li>\n<li><strong>Bolsos, mochilas y bandoleras<\/strong><\/li>\n<li><strong>Taller de Sombreros<\/strong><\/li>\n<li><strong>Taller de Calzado\u00a0<\/strong><\/li>\n<li><strong>Dise\u00f1o de accesorios y calzado<\/strong><\/li>\n<li><strong>Talleres electivos y gratuitos:<\/strong> Collares y aros &#8211; Bordado &#8211; Upcycling creativo &#8211; Flores de tela y cuero<\/li>\n<\/ul>\n<p>&nbsp;<\/p>\n<p style=\"text-align: center;\"><strong>Certif\u00edcate en Instituto Crearte<br \/>\nESCUELA DE DISE\u00d1O Y ARTE<\/strong><\/p>\n<p style=\"text-align: center;\"><strong>Modalidad Presencial, Online y SemiPresencial<\/strong><\/p>\n<h6 class=\"p1\" style=\"text-align: center;\"><span class=\"s1\"><b>\u00a1Aprovecha LOS DESCUENTOS EXCLUSIVOS!<\/b><\/span>6<\/h6>\n<p style=\"text-align: center;\"><em>\u00a1Compra ahora con tarjeta y paga en las cuotas que quieras!<\/em><\/p>\n<p style=\"text-align: center;\">Sedes presenciales: Santiago, Vi\u00f1a del Mar y Concepci\u00f3n Chile.<br \/>\n3 d\u00e9cadas de experiencia. Escuela Internacional OnLine de Miami.<\/p>\n<p style=\"text-align: center;\"><strong>Incluye Diploma<\/strong><\/p>\n","protected":false},"excerpt":{"rendered":"<h4><strong>Dise\u00f1o de Accesorios; calzado, bolsos, sombreros y m\u00e1s&#8230;<\/strong><\/h4>\n<h5><strong>\u00a1Inscr\u00edbete ahora y comienza a dar forma a tus sue\u00f1os en el dise\u00f1o de accesorios!<\/strong><\/h5>\n<h5><img loading=\"lazy\" decoding=\"async\" class=\"alignnone wp-image-2667\" src=\"https:\/\/institutocrearte.cl\/wp\/wp-content\/uploads\/2025\/10\/Sello-Crearte-300x300.jpg\" alt=\"Sello de autenticidad\" width=\"168\" height=\"168\" srcset=\"https:\/\/institutocrearte.cl\/wp\/wp-content\/uploads\/2025\/10\/Sello-Crearte-300x300.jpg 300w, https:\/\/institutocrearte.cl\/wp\/wp-content\/uploads\/2025\/10\/Sello-Crearte-150x150.jpg 150w, https:\/\/institutocrearte.cl\/wp\/wp-content\/uploads\/2025\/10\/Sello-Crearte-450x450.jpg 450w, https:\/\/institutocrearte.cl\/wp\/wp-content\/uploads\/2025\/10\/Sello-Crearte-100x100.jpg 100w, https:\/\/institutocrearte.cl\/wp\/wp-content\/uploads\/2025\/10\/Sello-Crearte.jpg 487w\" sizes=\"auto, (max-width: 168px) 100vw, 168px\" \/><\/h5>\n<p>Si eres principiante o si ya cuentas con experiencia en el dise\u00f1o, nuestro diplomado est\u00e1 dise\u00f1ado para adaptarse a tus necesidades y ayudarte a alcanzar tus objetivos. Al finalizar el diplomado, estar\u00e1s preparado para presentar tus creaciones y dar el siguiente paso en tu carrera profesional. No es necesario que tengas conocimientos previos.<\/p>\n<p><strong>\u00bfQuieres crear tu propia l\u00ednea de accesorios o simplemente adquirir habilidades en bolsos, calzado y sombreros?<\/strong> El Diplomado es la oportunidad perfecta para ti. Este programa integral te guiar\u00e1 a trav\u00e9s de todos los aspectos del dise\u00f1o, desde la conceptualizaci\u00f3n hasta la realizaci\u00f3n de productos. Incluye pr\u00e1cticas que te permitir\u00e1n desarrollar tus propios dise\u00f1os \u00fanicos y personalizados. Contando siempre con la asesor\u00eda de destacados docentes.<\/p>\n<p>Adem\u00e1s, tendr\u00e1s la oportunidad de aprender a construir patrones, confeccionar y a interpretar tus propias ideas, para garantizar la precisi\u00f3n y calidad de tus dise\u00f1os.<\/p>\n<p><strong>MODALIDAD:<\/strong><\/p>\n<p class=\"p1\"><span class=\"s1\"><b>Online:<\/b>\u00a0Tendr\u00e1s acceso a los m\u00f3dulos durante el per\u00edodo de clases. Cada m\u00f3dulo incluye v\u00eddeos instructivos, materiales de apoyo y ejercicios pr\u00e1cticos para asegurar tu aprendizaje efectivo. Siempre contar\u00e1s con las asesor\u00edas de tus tutores en las sesiones en vivo.\u00a0<\/span>Plataforma disponible las 24 horas. Material exclusivo de ense\u00f1anza. Un profesor te acompa\u00f1ar\u00e1 siempre en tu aprendizaje, con sesiones en vivo.<\/p>\n<p class=\"p1\"><span class=\"s1\"><b>Presencial:<\/b>\u00a0Las clases presenciales incluyen todos los contenidos mencionados. Tendr\u00e1s clases te\u00f3ricas y pr\u00e1cticas, dictadas y supervisadas por tus docentes.<\/span><\/p>\n<p class=\"p1\"><span class=\"s1\"><b>Semi-Presencial:<\/b> Sistema mixto. M\u00f3dulos Presenciales y Online.<\/span><\/p>\n<p><strong>Duraci\u00f3n:<\/strong> 12 meses<\/p>\n<h4><strong>\u00a1Hazte miembro de la comunidad Creativa!<\/strong><\/h4>\n<h5><strong>D<\/strong><strong>esde el momento de la matr\u00edcula accede a los beneficios; c\u00f3mo Talleres gratis y otros con s\u00faper descuento<\/strong>.<\/h5>\n<h5><a href=\"https:\/\/institutocrearte.cl\/archivos\/talleresalumnos.pdf\" target=\"_blank\" rel=\"noopener\">Promociones exclusivas alumnos:<\/a><\/h5>\n<p><a href=\"https:\/\/institutocrearte.cl\/archivos\/talleresalumnos.pdf\" target=\"_blank\" rel=\"noopener\"><img loading=\"lazy\" decoding=\"async\" src=\"https:\/\/institutocrearte.cl\/images\/qr-code.png\" alt=\"\" width=\"165\" height=\"165\" \/><\/a><\/p>\n<p>Exclusivo presencial en sede Providencia Santiago de Chile<\/p>\n<h5><strong><a href=\"https:\/\/institutocrearte.cl\/htm\/curso_taller.html\">Santiago<\/a><\/strong><\/h5>\n<p>Al finalizar la compra, escr\u00edbenos en\u00a0<strong>Informaci\u00f3n adicional<\/strong>, la Modalidad<\/p>\n<h5><strong>Incluye Diploma<\/strong><\/h5>\n<p>&nbsp;<\/p>\n<p>https:\/\/youtube.com\/shorts\/1kCUu-KilnE?si=2iJvPklBdytk11PB<\/p>\n<p>&nbsp;<\/p>\n<p><em>\u00a1Compra ahora con tarjeta y paga en las cuotas que quieras!<\/em><\/p>\n<h5 style=\"text-align: left;\">Ventajas de aprender en Instituto Crearte<\/h5>\n<p style=\"text-align: left;\">3 d\u00e9cadas de experiencia.<br \/>\nMaterial exclusivo de ense\u00f1anza.<br \/>\nClases presenciales: realizadas por Docentes destacados y con experiencia.<br \/>\nClases Online: plataforma disponible las 24 horas.<br \/>\nUn profesor te acompa\u00f1ar\u00e1 siempre en tu aprendizaje.<br \/>\nIncluye tu Certificaci\u00f3n.<\/p>\n","protected":false},"featured_media":856,"template":"","meta":{"_eb_attr":"","_monsterinsights_skip_tracking":false,"_monsterinsights_sitenote_active":false,"_monsterinsights_sitenote_note":"","_monsterinsights_sitenote_category":0},"product_brand":[],"product_cat":[184],"product_tag":[72,218,234,168,76,216,219,195,167,213,215,214,233,194,217,77],"class_list":{"0":"post-1931","1":"product","2":"type-product","3":"status-publish","4":"has-post-thumbnail","6":"product_cat-diplomados","7":"product_tag-accesorios","8":"product_tag-alpargatas","9":"product_tag-bandoleras","10":"product_tag-bolsos","11":"product_tag-calzado","12":"product_tag-derby","13":"product_tag-diseno-de-calzado","14":"product_tag-gorros","15":"product_tag-mochilas","16":"product_tag-molderia","17":"product_tag-oxford","18":"product_tag-sandalias","19":"product_tag-sombreria","20":"product_tag-sombreros","21":"product_tag-suecos","22":"product_tag-zapatos","24":"first","25":"instock","26":"sale","27":"shipping-taxable","28":"purchasable","29":"product-type-variable"},"yoast_head":"<!-- This site is optimized with the Yoast SEO plugin v26.3 - https:\/\/yoast.com\/wordpress\/plugins\/seo\/ -->\n<title>Diplomado: Dise\u00f1o de Accesorios - Instituto Crearte<\/title>\n<meta name=\"robots\" content=\"index, follow, max-snippet:-1, max-image-preview:large, max-video-preview:-1\" \/>\n<link rel=\"canonical\" href=\"https:\/\/institutocrearte.cl\/wp\/producto\/diplomado-accesorios\/\" \/>\n<meta property=\"og:locale\" content=\"es_ES\" \/>\n<meta property=\"og:type\" content=\"article\" \/>\n<meta property=\"og:title\" content=\"Diplomado: Dise\u00f1o de Accesorios - Instituto Crearte\" \/>\n<meta property=\"og:description\" content=\"Dise\u00f1o de Accesorios; calzado, bolsos, sombreros y m\u00e1s... \u00a1Inscr\u00edbete ahora y comienza a dar forma a tus sue\u00f1os en el dise\u00f1o de accesorios!  Si eres principiante o si ya cuentas con experiencia en el dise\u00f1o, nuestro diplomado est\u00e1 dise\u00f1ado para adaptarse a tus necesidades y ayudarte a alcanzar tus objetivos. Al finalizar el diplomado, estar\u00e1s preparado para presentar tus creaciones y dar el siguiente paso en tu carrera profesional. No es necesario que tengas conocimientos previos.  \u00bfQuieres crear tu propia l\u00ednea de accesorios o simplemente adquirir habilidades en bolsos, calzado y sombreros? El Diplomado es la oportunidad perfecta para ti. Este programa integral te guiar\u00e1 a trav\u00e9s de todos los aspectos del dise\u00f1o, desde la conceptualizaci\u00f3n hasta la realizaci\u00f3n de productos. Incluye pr\u00e1cticas que te permitir\u00e1n desarrollar tus propios dise\u00f1os \u00fanicos y personalizados. Contando siempre con la asesor\u00eda de destacados docentes.  Adem\u00e1s, tendr\u00e1s la oportunidad de aprender a construir patrones, confeccionar y a interpretar tus propias ideas, para garantizar la precisi\u00f3n y calidad de tus dise\u00f1os.  MODALIDAD: Online:\u00a0Tendr\u00e1s acceso a los m\u00f3dulos durante el per\u00edodo de clases. Cada m\u00f3dulo incluye v\u00eddeos instructivos, materiales de apoyo y ejercicios pr\u00e1cticos para asegurar tu aprendizaje efectivo. Siempre contar\u00e1s con las asesor\u00edas de tus tutores en las sesiones en vivo.\u00a0Plataforma disponible las 24 horas. Material exclusivo de ense\u00f1anza. Un profesor te acompa\u00f1ar\u00e1 siempre en tu aprendizaje, con sesiones en vivo. Presencial:\u00a0Las clases presenciales incluyen todos los contenidos mencionados. Tendr\u00e1s clases te\u00f3ricas y pr\u00e1cticas, dictadas y supervisadas por tus docentes. Semi-Presencial: Sistema mixto. M\u00f3dulos Presenciales y Online. Duraci\u00f3n: 12 meses \u00a1Hazte miembro de la comunidad Creativa! Desde el momento de la matr\u00edcula accede a los beneficios; c\u00f3mo Talleres gratis y otros con s\u00faper descuento. Promociones exclusivas alumnos:   Exclusivo presencial en sede Providencia Santiago de Chile Santiago Al finalizar la compra, escr\u00edbenos en\u00a0Informaci\u00f3n adicional, la Modalidad Incluye Diploma &nbsp;  https:\/\/youtube.com\/shorts\/1kCUu-KilnE?si=2iJvPklBdytk11PB  &nbsp;  \u00a1Compra ahora con tarjeta y paga en las cuotas que quieras! Ventajas de aprender en Instituto Crearte 3 d\u00e9cadas de experiencia. Material exclusivo de ense\u00f1anza. Clases presenciales: realizadas por Docentes destacados y con experiencia. Clases Online: plataforma disponible las 24 horas. Un profesor te acompa\u00f1ar\u00e1 siempre en tu aprendizaje. Incluye tu Certificaci\u00f3n.\" \/>\n<meta property=\"og:url\" content=\"https:\/\/institutocrearte.cl\/wp\/producto\/diplomado-accesorios\/\" \/>\n<meta property=\"og:site_name\" content=\"Instituto Crearte\" \/>\n<meta property=\"article:publisher\" content=\"https:\/\/www.facebook.com\/crearteinstituto\" \/>\n<meta property=\"article:modified_time\" content=\"2026-05-01T21:49:33+00:00\" \/>\n<meta property=\"og:image\" content=\"https:\/\/institutocrearte.cl\/wp\/wp-content\/uploads\/2021\/02\/CalzadoIntensivo.jpg\" \/>\n\t<meta property=\"og:image:width\" content=\"800\" \/>\n\t<meta property=\"og:image:height\" content=\"800\" \/>\n\t<meta property=\"og:image:type\" content=\"image\/jpeg\" \/>\n<meta name=\"twitter:card\" content=\"summary_large_image\" \/>\n<meta name=\"twitter:site\" content=\"@CrearteChile\" \/>\n<meta name=\"twitter:label1\" content=\"Tiempo de lectura\" \/>\n\t<meta name=\"twitter:data1\" content=\"1 minuto\" \/>\n<script type=\"application\/ld+json\" class=\"yoast-schema-graph\">{\"@context\":\"https:\/\/schema.org\",\"@graph\":[{\"@type\":\"WebPage\",\"@id\":\"https:\/\/institutocrearte.cl\/wp\/producto\/diplomado-accesorios\/\",\"url\":\"https:\/\/institutocrearte.cl\/wp\/producto\/diplomado-accesorios\/\",\"name\":\"Diplomado: Dise\u00f1o de Accesorios - Instituto Crearte\",\"isPartOf\":{\"@id\":\"https:\/\/institutocrearte.cl\/wp\/#website\"},\"primaryImageOfPage\":{\"@id\":\"https:\/\/institutocrearte.cl\/wp\/producto\/diplomado-accesorios\/#primaryimage\"},\"image\":{\"@id\":\"https:\/\/institutocrearte.cl\/wp\/producto\/diplomado-accesorios\/#primaryimage\"},\"thumbnailUrl\":\"https:\/\/institutocrearte.cl\/wp\/wp-content\/uploads\/2021\/02\/CalzadoIntensivo.jpg\",\"datePublished\":\"2024-08-26T03:36:26+00:00\",\"dateModified\":\"2026-05-01T21:49:33+00:00\",\"breadcrumb\":{\"@id\":\"https:\/\/institutocrearte.cl\/wp\/producto\/diplomado-accesorios\/#breadcrumb\"},\"inLanguage\":\"es\",\"potentialAction\":[{\"@type\":\"ReadAction\",\"target\":[\"https:\/\/institutocrearte.cl\/wp\/producto\/diplomado-accesorios\/\"]}]},{\"@type\":\"ImageObject\",\"inLanguage\":\"es\",\"@id\":\"https:\/\/institutocrearte.cl\/wp\/producto\/diplomado-accesorios\/#primaryimage\",\"url\":\"https:\/\/institutocrearte.cl\/wp\/wp-content\/uploads\/2021\/02\/CalzadoIntensivo.jpg\",\"contentUrl\":\"https:\/\/institutocrearte.cl\/wp\/wp-content\/uploads\/2021\/02\/CalzadoIntensivo.jpg\",\"width\":800,\"height\":800,\"caption\":\"Calzado\"},{\"@type\":\"BreadcrumbList\",\"@id\":\"https:\/\/institutocrearte.cl\/wp\/producto\/diplomado-accesorios\/#breadcrumb\",\"itemListElement\":[{\"@type\":\"ListItem\",\"position\":1,\"name\":\"Portada\",\"item\":\"https:\/\/institutocrearte.cl\/wp\/\"},{\"@type\":\"ListItem\",\"position\":2,\"name\":\"Todas las clases\",\"item\":\"https:\/\/institutocrearte.cl\/wp\/tienda\/\"},{\"@type\":\"ListItem\",\"position\":3,\"name\":\"Diplomado: Dise\u00f1o de Accesorios\"}]},{\"@type\":\"WebSite\",\"@id\":\"https:\/\/institutocrearte.cl\/wp\/#website\",\"url\":\"https:\/\/institutocrearte.cl\/wp\/\",\"name\":\"Instituto Crearte\",\"description\":\"3 d\u00e9cadas juntos\",\"publisher\":{\"@id\":\"https:\/\/institutocrearte.cl\/wp\/#organization\"},\"potentialAction\":[{\"@type\":\"SearchAction\",\"target\":{\"@type\":\"EntryPoint\",\"urlTemplate\":\"https:\/\/institutocrearte.cl\/wp\/?s={search_term_string}\"},\"query-input\":{\"@type\":\"PropertyValueSpecification\",\"valueRequired\":true,\"valueName\":\"search_term_string\"}}],\"inLanguage\":\"es\"},{\"@type\":\"Organization\",\"@id\":\"https:\/\/institutocrearte.cl\/wp\/#organization\",\"name\":\"Instituto Crearte\",\"url\":\"https:\/\/institutocrearte.cl\/wp\/\",\"logo\":{\"@type\":\"ImageObject\",\"inLanguage\":\"es\",\"@id\":\"https:\/\/institutocrearte.cl\/wp\/#\/schema\/logo\/image\/\",\"url\":\"https:\/\/institutocrearte.cl\/wp\/wp-content\/uploads\/2020\/06\/logo.jpg\",\"contentUrl\":\"https:\/\/institutocrearte.cl\/wp\/wp-content\/uploads\/2020\/06\/logo.jpg\",\"width\":960,\"height\":960,\"caption\":\"Instituto Crearte\"},\"image\":{\"@id\":\"https:\/\/institutocrearte.cl\/wp\/#\/schema\/logo\/image\/\"},\"sameAs\":[\"https:\/\/www.facebook.com\/crearteinstituto\",\"https:\/\/x.com\/CrearteChile\",\"https:\/\/www.instagram.com\/institutocrearte\/\",\"https:\/\/www.youtube.com\/channel\/UCjChXIgoFYB_3fNorXKYEYg\"]}]}<\/script>\n<!-- \/ Yoast SEO plugin. -->","yoast_head_json":{"title":"Diplomado: Dise\u00f1o de Accesorios - Instituto Crearte","robots":{"index":"index","follow":"follow","max-snippet":"max-snippet:-1","max-image-preview":"max-image-preview:large","max-video-preview":"max-video-preview:-1"},"canonical":"https:\/\/institutocrearte.cl\/wp\/producto\/diplomado-accesorios\/","og_locale":"es_ES","og_type":"article","og_title":"Diplomado: Dise\u00f1o de Accesorios - Instituto Crearte","og_description":"Dise\u00f1o de Accesorios; calzado, bolsos, sombreros y m\u00e1s... \u00a1Inscr\u00edbete ahora y comienza a dar forma a tus sue\u00f1os en el dise\u00f1o de accesorios!  Si eres principiante o si ya cuentas con experiencia en el dise\u00f1o, nuestro diplomado est\u00e1 dise\u00f1ado para adaptarse a tus necesidades y ayudarte a alcanzar tus objetivos. Al finalizar el diplomado, estar\u00e1s preparado para presentar tus creaciones y dar el siguiente paso en tu carrera profesional. No es necesario que tengas conocimientos previos.  \u00bfQuieres crear tu propia l\u00ednea de accesorios o simplemente adquirir habilidades en bolsos, calzado y sombreros? El Diplomado es la oportunidad perfecta para ti. Este programa integral te guiar\u00e1 a trav\u00e9s de todos los aspectos del dise\u00f1o, desde la conceptualizaci\u00f3n hasta la realizaci\u00f3n de productos. Incluye pr\u00e1cticas que te permitir\u00e1n desarrollar tus propios dise\u00f1os \u00fanicos y personalizados. Contando siempre con la asesor\u00eda de destacados docentes.  Adem\u00e1s, tendr\u00e1s la oportunidad de aprender a construir patrones, confeccionar y a interpretar tus propias ideas, para garantizar la precisi\u00f3n y calidad de tus dise\u00f1os.  MODALIDAD: Online:\u00a0Tendr\u00e1s acceso a los m\u00f3dulos durante el per\u00edodo de clases. Cada m\u00f3dulo incluye v\u00eddeos instructivos, materiales de apoyo y ejercicios pr\u00e1cticos para asegurar tu aprendizaje efectivo. Siempre contar\u00e1s con las asesor\u00edas de tus tutores en las sesiones en vivo.\u00a0Plataforma disponible las 24 horas. Material exclusivo de ense\u00f1anza. Un profesor te acompa\u00f1ar\u00e1 siempre en tu aprendizaje, con sesiones en vivo. Presencial:\u00a0Las clases presenciales incluyen todos los contenidos mencionados. Tendr\u00e1s clases te\u00f3ricas y pr\u00e1cticas, dictadas y supervisadas por tus docentes. Semi-Presencial: Sistema mixto. M\u00f3dulos Presenciales y Online. Duraci\u00f3n: 12 meses \u00a1Hazte miembro de la comunidad Creativa! Desde el momento de la matr\u00edcula accede a los beneficios; c\u00f3mo Talleres gratis y otros con s\u00faper descuento. Promociones exclusivas alumnos:   Exclusivo presencial en sede Providencia Santiago de Chile Santiago Al finalizar la compra, escr\u00edbenos en\u00a0Informaci\u00f3n adicional, la Modalidad Incluye Diploma &nbsp;  https:\/\/youtube.com\/shorts\/1kCUu-KilnE?si=2iJvPklBdytk11PB  &nbsp;  \u00a1Compra ahora con tarjeta y paga en las cuotas que quieras! Ventajas de aprender en Instituto Crearte 3 d\u00e9cadas de experiencia. Material exclusivo de ense\u00f1anza. Clases presenciales: realizadas por Docentes destacados y con experiencia. Clases Online: plataforma disponible las 24 horas. Un profesor te acompa\u00f1ar\u00e1 siempre en tu aprendizaje. Incluye tu Certificaci\u00f3n.","og_url":"https:\/\/institutocrearte.cl\/wp\/producto\/diplomado-accesorios\/","og_site_name":"Instituto Crearte","article_publisher":"https:\/\/www.facebook.com\/crearteinstituto","article_modified_time":"2026-05-01T21:49:33+00:00","og_image":[{"width":800,"height":800,"url":"https:\/\/institutocrearte.cl\/wp\/wp-content\/uploads\/2021\/02\/CalzadoIntensivo.jpg","type":"image\/jpeg"}],"twitter_card":"summary_large_image","twitter_site":"@CrearteChile","twitter_misc":{"Tiempo de lectura":"1 minuto"},"schema":{"@context":"https:\/\/schema.org","@graph":[{"@type":"WebPage","@id":"https:\/\/institutocrearte.cl\/wp\/producto\/diplomado-accesorios\/","url":"https:\/\/institutocrearte.cl\/wp\/producto\/diplomado-accesorios\/","name":"Diplomado: Dise\u00f1o de Accesorios - Instituto Crearte","isPartOf":{"@id":"https:\/\/institutocrearte.cl\/wp\/#website"},"primaryImageOfPage":{"@id":"https:\/\/institutocrearte.cl\/wp\/producto\/diplomado-accesorios\/#primaryimage"},"image":{"@id":"https:\/\/institutocrearte.cl\/wp\/producto\/diplomado-accesorios\/#primaryimage"},"thumbnailUrl":"https:\/\/institutocrearte.cl\/wp\/wp-content\/uploads\/2021\/02\/CalzadoIntensivo.jpg","datePublished":"2024-08-26T03:36:26+00:00","dateModified":"2026-05-01T21:49:33+00:00","breadcrumb":{"@id":"https:\/\/institutocrearte.cl\/wp\/producto\/diplomado-accesorios\/#breadcrumb"},"inLanguage":"es","potentialAction":[{"@type":"ReadAction","target":["https:\/\/institutocrearte.cl\/wp\/producto\/diplomado-accesorios\/"]}]},{"@type":"ImageObject","inLanguage":"es","@id":"https:\/\/institutocrearte.cl\/wp\/producto\/diplomado-accesorios\/#primaryimage","url":"https:\/\/institutocrearte.cl\/wp\/wp-content\/uploads\/2021\/02\/CalzadoIntensivo.jpg","contentUrl":"https:\/\/institutocrearte.cl\/wp\/wp-content\/uploads\/2021\/02\/CalzadoIntensivo.jpg","width":800,"height":800,"caption":"Calzado"},{"@type":"BreadcrumbList","@id":"https:\/\/institutocrearte.cl\/wp\/producto\/diplomado-accesorios\/#breadcrumb","itemListElement":[{"@type":"ListItem","position":1,"name":"Portada","item":"https:\/\/institutocrearte.cl\/wp\/"},{"@type":"ListItem","position":2,"name":"Todas las clases","item":"https:\/\/institutocrearte.cl\/wp\/tienda\/"},{"@type":"ListItem","position":3,"name":"Diplomado: Dise\u00f1o de Accesorios"}]},{"@type":"WebSite","@id":"https:\/\/institutocrearte.cl\/wp\/#website","url":"https:\/\/institutocrearte.cl\/wp\/","name":"Instituto Crearte","description":"3 d\u00e9cadas juntos","publisher":{"@id":"https:\/\/institutocrearte.cl\/wp\/#organization"},"potentialAction":[{"@type":"SearchAction","target":{"@type":"EntryPoint","urlTemplate":"https:\/\/institutocrearte.cl\/wp\/?s={search_term_string}"},"query-input":{"@type":"PropertyValueSpecification","valueRequired":true,"valueName":"search_term_string"}}],"inLanguage":"es"},{"@type":"Organization","@id":"https:\/\/institutocrearte.cl\/wp\/#organization","name":"Instituto Crearte","url":"https:\/\/institutocrearte.cl\/wp\/","logo":{"@type":"ImageObject","inLanguage":"es","@id":"https:\/\/institutocrearte.cl\/wp\/#\/schema\/logo\/image\/","url":"https:\/\/institutocrearte.cl\/wp\/wp-content\/uploads\/2020\/06\/logo.jpg","contentUrl":"https:\/\/institutocrearte.cl\/wp\/wp-content\/uploads\/2020\/06\/logo.jpg","width":960,"height":960,"caption":"Instituto Crearte"},"image":{"@id":"https:\/\/institutocrearte.cl\/wp\/#\/schema\/logo\/image\/"},"sameAs":["https:\/\/www.facebook.com\/crearteinstituto","https:\/\/x.com\/CrearteChile","https:\/\/www.instagram.com\/institutocrearte\/","https:\/\/www.youtube.com\/channel\/UCjChXIgoFYB_3fNorXKYEYg"]}]}},"_links":{"self":[{"href":"https:\/\/institutocrearte.cl\/wp\/wp-json\/wp\/v2\/product\/1931","targetHints":{"allow":["GET"]}}],"collection":[{"href":"https:\/\/institutocrearte.cl\/wp\/wp-json\/wp\/v2\/product"}],"about":[{"href":"https:\/\/institutocrearte.cl\/wp\/wp-json\/wp\/v2\/types\/product"}],"wp:featuredmedia":[{"embeddable":true,"href":"https:\/\/institutocrearte.cl\/wp\/wp-json\/wp\/v2\/media\/856"}],"wp:attachment":[{"href":"https:\/\/institutocrearte.cl\/wp\/wp-json\/wp\/v2\/media?parent=1931"}],"wp:term":[{"taxonomy":"product_brand","embeddable":true,"href":"https:\/\/institutocrearte.cl\/wp\/wp-json\/wp\/v2\/product_brand?post=1931"},{"taxonomy":"product_cat","embeddable":true,"href":"https:\/\/institutocrearte.cl\/wp\/wp-json\/wp\/v2\/product_cat?post=1931"},{"taxonomy":"product_tag","embeddable":true,"href":"https:\/\/institutocrearte.cl\/wp\/wp-json\/wp\/v2\/product_tag?post=1931"}],"curies":[{"name":"wp","href":"https:\/\/api.w.org\/{rel}","templated":true}]}}