{"id":1906,"date":"2024-08-19T00:08:14","date_gmt":"2024-08-19T04:08:14","guid":{"rendered":"https:\/\/institutocrearte.cl\/wp\/?post_type=product&#038;p=1906"},"modified":"2026-03-01T12:50:49","modified_gmt":"2026-03-01T16:50:49","slug":"faldas","status":"publish","type":"product","link":"https:\/\/institutocrearte.cl\/wp\/producto\/faldas\/","title":{"rendered":"Faldas"},"content":{"rendered":"<p class=\"top-1\"><strong><em>Contenidos principales:<\/em><\/strong><\/p>\n<ul class=\"ul1\">\n<li class=\"li1\"><span class=\"s1\">Tallaje femenino<\/span><\/li>\n<li class=\"li1\"><span class=\"s1\">Toma de medidas<\/span><\/li>\n<li class=\"li1\">Construcci\u00f3n de patr\u00f3n base de falda recta<\/li>\n<li>Transformaciones de faldas<\/li>\n<li>Tubo &#8211; Evase &#8211; Con cortes<\/li>\n<li>Falda con vuelos<\/li>\n<li class=\"li1\">Despieces o separaci\u00f3n de piezas<\/li>\n<li class=\"li1\">Plano de corte<\/li>\n<li>Insumos<\/li>\n<li>Corte y confecci\u00f3n<\/li>\n<li class=\"li1\">Terminaciones<\/li>\n<\/ul>\n<p style=\"text-align: center;\">\n<p style=\"text-align: center;\"><strong>Plataforma disponible las 24 horas.<\/strong><\/p>\n<p style=\"text-align: center;\">Material exclusivo de ense\u00f1anza.<\/p>\n<p style=\"text-align: center;\">Un profesor te acompa\u00f1ar\u00e1 siempre en tu aprendizaje, con sesiones en vivo.<\/p>\n<p style=\"text-align: center;\">Incluye tu Certificaci\u00f3n.<\/p>\n<p style=\"text-align: center;\"><em>3 d\u00e9cadas de experiencia. Sedes presenciales en Santiago, Vi\u00f1a del Mar y Concepci\u00f3n Chile, para que contin\u00faes tus estudios. Escuela Internacional OnLine de Miami.<\/em><\/p>\n","protected":false},"excerpt":{"rendered":"<h3><em><strong>\u00a1Patr\u00f3n y confecci\u00f3n de Faldas!<\/strong><\/em><\/h3>\n<p><em>Aprende a realizar patrones a medida o por tallas, a cortar y confeccionar Faldas. El curso Online Incluye videos, material did\u00e1ctico y consultas en vivo con tus docentes. T\u00e9cnicas exclusivas. Utilizamos el Sistema de Moldes Crearte.\u00a0<\/em><\/p>\n<p><strong>Duraci\u00f3n:<\/strong> 2 meses<\/p>\n<div class=\"panel-body\">\n<p>Profesoras: <b>Carolina Vasquez &#8211; Carol Altamirano\u00a0<\/b><\/p>\n<ul>\n<li>Docente Instituto Crearte<\/li>\n<li>Modelista en Alta Costura<\/li>\n<li>Dise\u00f1adora de Moda Independiente<\/li>\n<\/ul>\n<p><strong>\u00a1Descuento por valor modalidad Presencial u Online por tiempo limitado!<\/strong><\/p>\n<p><strong>Ver inicios y horarios en las sedes:<\/strong><\/p>\n<h5><strong><a href=\"https:\/\/institutocrearte.cl\/htm\/curso_taller.html\">Santiago<\/a>\u00a0\u2013\u00a0<a href=\"https:\/\/institutocrearte.cl\/htm\/videlmar.html\">Vi\u00f1a del Mar<\/a>\u00a0\u2013\u00a0<a href=\"https:\/\/institutocrearte.cl\/htm\/concepcion.html\">Concepci\u00f3n<\/a><\/strong><\/h5>\n<\/div>\n","protected":false},"featured_media":1907,"template":"","meta":{"_eb_attr":"","_monsterinsights_skip_tracking":false,"_monsterinsights_sitenote_active":false,"_monsterinsights_sitenote_note":"","_monsterinsights_sitenote_category":0},"product_brand":[],"product_cat":[67],"product_tag":[203,45,84,93,207],"class_list":{"0":"post-1906","1":"product","2":"type-product","3":"status-publish","4":"has-post-thumbnail","6":"product_cat-costura-moda","7":"product_tag-confeccion","8":"product_tag-corte-y-confeccion","9":"product_tag-coser","10":"product_tag-costuras","11":"product_tag-faldas","13":"first","14":"instock","15":"shipping-taxable","16":"purchasable","17":"product-type-simple"},"yoast_head":"<!-- This site is optimized with the Yoast SEO plugin v26.3 - https:\/\/yoast.com\/wordpress\/plugins\/seo\/ -->\n<title>Faldas - Instituto Crearte<\/title>\n<meta name=\"robots\" content=\"index, follow, max-snippet:-1, max-image-preview:large, max-video-preview:-1\" \/>\n<link rel=\"canonical\" href=\"https:\/\/institutocrearte.cl\/wp\/producto\/faldas\/\" \/>\n<meta property=\"og:locale\" content=\"es_ES\" \/>\n<meta property=\"og:type\" content=\"article\" \/>\n<meta property=\"og:title\" content=\"Faldas - Instituto Crearte\" \/>\n<meta property=\"og:description\" content=\"\u00a1Patr\u00f3n y confecci\u00f3n de Faldas! Aprende a realizar patrones a medida o por tallas, a cortar y confeccionar Faldas. El curso Online Incluye videos, material did\u00e1ctico y consultas en vivo con tus docentes. T\u00e9cnicas exclusivas. Utilizamos el Sistema de Moldes Crearte.\u00a0  Duraci\u00f3n: 2 meses   Profesoras: Carolina Vasquez - Carol Altamirano\u00a0   Docente Instituto Crearte  Modelista en Alta Costura  Dise\u00f1adora de Moda Independiente  \u00a1Descuento por valor modalidad Presencial u Online por tiempo limitado!  Ver inicios y horarios en las sedes: Santiago\u00a0\u2013\u00a0Vi\u00f1a del Mar\u00a0\u2013\u00a0Concepci\u00f3n\" \/>\n<meta property=\"og:url\" content=\"https:\/\/institutocrearte.cl\/wp\/producto\/faldas\/\" \/>\n<meta property=\"og:site_name\" content=\"Instituto Crearte\" \/>\n<meta property=\"article:publisher\" content=\"https:\/\/www.facebook.com\/crearteinstituto\" \/>\n<meta property=\"article:modified_time\" content=\"2026-03-01T16:50:49+00:00\" \/>\n<meta property=\"og:image\" content=\"https:\/\/institutocrearte.cl\/wp\/wp-content\/uploads\/2024\/08\/Faldas.png\" \/>\n\t<meta property=\"og:image:width\" content=\"540\" \/>\n\t<meta property=\"og:image:height\" content=\"540\" \/>\n\t<meta property=\"og:image:type\" content=\"image\/png\" \/>\n<meta name=\"twitter:card\" content=\"summary_large_image\" \/>\n<meta name=\"twitter:site\" content=\"@CrearteChile\" \/>\n<meta name=\"twitter:label1\" content=\"Tiempo de lectura\" \/>\n\t<meta name=\"twitter:data1\" content=\"1 minuto\" \/>\n<script type=\"application\/ld+json\" class=\"yoast-schema-graph\">{\"@context\":\"https:\/\/schema.org\",\"@graph\":[{\"@type\":\"WebPage\",\"@id\":\"https:\/\/institutocrearte.cl\/wp\/producto\/faldas\/\",\"url\":\"https:\/\/institutocrearte.cl\/wp\/producto\/faldas\/\",\"name\":\"Faldas - Instituto Crearte\",\"isPartOf\":{\"@id\":\"https:\/\/institutocrearte.cl\/wp\/#website\"},\"primaryImageOfPage\":{\"@id\":\"https:\/\/institutocrearte.cl\/wp\/producto\/faldas\/#primaryimage\"},\"image\":{\"@id\":\"https:\/\/institutocrearte.cl\/wp\/producto\/faldas\/#primaryimage\"},\"thumbnailUrl\":\"https:\/\/institutocrearte.cl\/wp\/wp-content\/uploads\/2024\/08\/Faldas.png\",\"datePublished\":\"2024-08-19T04:08:14+00:00\",\"dateModified\":\"2026-03-01T16:50:49+00:00\",\"breadcrumb\":{\"@id\":\"https:\/\/institutocrearte.cl\/wp\/producto\/faldas\/#breadcrumb\"},\"inLanguage\":\"es\",\"potentialAction\":[{\"@type\":\"ReadAction\",\"target\":[\"https:\/\/institutocrearte.cl\/wp\/producto\/faldas\/\"]}]},{\"@type\":\"ImageObject\",\"inLanguage\":\"es\",\"@id\":\"https:\/\/institutocrearte.cl\/wp\/producto\/faldas\/#primaryimage\",\"url\":\"https:\/\/institutocrearte.cl\/wp\/wp-content\/uploads\/2024\/08\/Faldas.png\",\"contentUrl\":\"https:\/\/institutocrearte.cl\/wp\/wp-content\/uploads\/2024\/08\/Faldas.png\",\"width\":540,\"height\":540},{\"@type\":\"BreadcrumbList\",\"@id\":\"https:\/\/institutocrearte.cl\/wp\/producto\/faldas\/#breadcrumb\",\"itemListElement\":[{\"@type\":\"ListItem\",\"position\":1,\"name\":\"Portada\",\"item\":\"https:\/\/institutocrearte.cl\/wp\/\"},{\"@type\":\"ListItem\",\"position\":2,\"name\":\"Tienda\",\"item\":\"https:\/\/institutocrearte.cl\/wp\/tienda\/\"},{\"@type\":\"ListItem\",\"position\":3,\"name\":\"Faldas\"}]},{\"@type\":\"WebSite\",\"@id\":\"https:\/\/institutocrearte.cl\/wp\/#website\",\"url\":\"https:\/\/institutocrearte.cl\/wp\/\",\"name\":\"Instituto Crearte\",\"description\":\"3 d\u00e9cadas juntos\",\"publisher\":{\"@id\":\"https:\/\/institutocrearte.cl\/wp\/#organization\"},\"potentialAction\":[{\"@type\":\"SearchAction\",\"target\":{\"@type\":\"EntryPoint\",\"urlTemplate\":\"https:\/\/institutocrearte.cl\/wp\/?s={search_term_string}\"},\"query-input\":{\"@type\":\"PropertyValueSpecification\",\"valueRequired\":true,\"valueName\":\"search_term_string\"}}],\"inLanguage\":\"es\"},{\"@type\":\"Organization\",\"@id\":\"https:\/\/institutocrearte.cl\/wp\/#organization\",\"name\":\"Instituto Crearte\",\"url\":\"https:\/\/institutocrearte.cl\/wp\/\",\"logo\":{\"@type\":\"ImageObject\",\"inLanguage\":\"es\",\"@id\":\"https:\/\/institutocrearte.cl\/wp\/#\/schema\/logo\/image\/\",\"url\":\"https:\/\/institutocrearte.cl\/wp\/wp-content\/uploads\/2020\/06\/logo.jpg\",\"contentUrl\":\"https:\/\/institutocrearte.cl\/wp\/wp-content\/uploads\/2020\/06\/logo.jpg\",\"width\":960,\"height\":960,\"caption\":\"Instituto Crearte\"},\"image\":{\"@id\":\"https:\/\/institutocrearte.cl\/wp\/#\/schema\/logo\/image\/\"},\"sameAs\":[\"https:\/\/www.facebook.com\/crearteinstituto\",\"https:\/\/x.com\/CrearteChile\",\"https:\/\/www.instagram.com\/institutocrearte\/\",\"https:\/\/www.youtube.com\/channel\/UCjChXIgoFYB_3fNorXKYEYg\"]}]}<\/script>\n<!-- \/ Yoast SEO plugin. -->","yoast_head_json":{"title":"Faldas - Instituto Crearte","robots":{"index":"index","follow":"follow","max-snippet":"max-snippet:-1","max-image-preview":"max-image-preview:large","max-video-preview":"max-video-preview:-1"},"canonical":"https:\/\/institutocrearte.cl\/wp\/producto\/faldas\/","og_locale":"es_ES","og_type":"article","og_title":"Faldas - Instituto Crearte","og_description":"\u00a1Patr\u00f3n y confecci\u00f3n de Faldas! Aprende a realizar patrones a medida o por tallas, a cortar y confeccionar Faldas. El curso Online Incluye videos, material did\u00e1ctico y consultas en vivo con tus docentes. T\u00e9cnicas exclusivas. Utilizamos el Sistema de Moldes Crearte.\u00a0  Duraci\u00f3n: 2 meses   Profesoras: Carolina Vasquez - Carol Altamirano\u00a0   Docente Instituto Crearte  Modelista en Alta Costura  Dise\u00f1adora de Moda Independiente  \u00a1Descuento por valor modalidad Presencial u Online por tiempo limitado!  Ver inicios y horarios en las sedes: Santiago\u00a0\u2013\u00a0Vi\u00f1a del Mar\u00a0\u2013\u00a0Concepci\u00f3n","og_url":"https:\/\/institutocrearte.cl\/wp\/producto\/faldas\/","og_site_name":"Instituto Crearte","article_publisher":"https:\/\/www.facebook.com\/crearteinstituto","article_modified_time":"2026-03-01T16:50:49+00:00","og_image":[{"width":540,"height":540,"url":"https:\/\/institutocrearte.cl\/wp\/wp-content\/uploads\/2024\/08\/Faldas.png","type":"image\/png"}],"twitter_card":"summary_large_image","twitter_site":"@CrearteChile","twitter_misc":{"Tiempo de lectura":"1 minuto"},"schema":{"@context":"https:\/\/schema.org","@graph":[{"@type":"WebPage","@id":"https:\/\/institutocrearte.cl\/wp\/producto\/faldas\/","url":"https:\/\/institutocrearte.cl\/wp\/producto\/faldas\/","name":"Faldas - Instituto Crearte","isPartOf":{"@id":"https:\/\/institutocrearte.cl\/wp\/#website"},"primaryImageOfPage":{"@id":"https:\/\/institutocrearte.cl\/wp\/producto\/faldas\/#primaryimage"},"image":{"@id":"https:\/\/institutocrearte.cl\/wp\/producto\/faldas\/#primaryimage"},"thumbnailUrl":"https:\/\/institutocrearte.cl\/wp\/wp-content\/uploads\/2024\/08\/Faldas.png","datePublished":"2024-08-19T04:08:14+00:00","dateModified":"2026-03-01T16:50:49+00:00","breadcrumb":{"@id":"https:\/\/institutocrearte.cl\/wp\/producto\/faldas\/#breadcrumb"},"inLanguage":"es","potentialAction":[{"@type":"ReadAction","target":["https:\/\/institutocrearte.cl\/wp\/producto\/faldas\/"]}]},{"@type":"ImageObject","inLanguage":"es","@id":"https:\/\/institutocrearte.cl\/wp\/producto\/faldas\/#primaryimage","url":"https:\/\/institutocrearte.cl\/wp\/wp-content\/uploads\/2024\/08\/Faldas.png","contentUrl":"https:\/\/institutocrearte.cl\/wp\/wp-content\/uploads\/2024\/08\/Faldas.png","width":540,"height":540},{"@type":"BreadcrumbList","@id":"https:\/\/institutocrearte.cl\/wp\/producto\/faldas\/#breadcrumb","itemListElement":[{"@type":"ListItem","position":1,"name":"Portada","item":"https:\/\/institutocrearte.cl\/wp\/"},{"@type":"ListItem","position":2,"name":"Tienda","item":"https:\/\/institutocrearte.cl\/wp\/tienda\/"},{"@type":"ListItem","position":3,"name":"Faldas"}]},{"@type":"WebSite","@id":"https:\/\/institutocrearte.cl\/wp\/#website","url":"https:\/\/institutocrearte.cl\/wp\/","name":"Instituto Crearte","description":"3 d\u00e9cadas juntos","publisher":{"@id":"https:\/\/institutocrearte.cl\/wp\/#organization"},"potentialAction":[{"@type":"SearchAction","target":{"@type":"EntryPoint","urlTemplate":"https:\/\/institutocrearte.cl\/wp\/?s={search_term_string}"},"query-input":{"@type":"PropertyValueSpecification","valueRequired":true,"valueName":"search_term_string"}}],"inLanguage":"es"},{"@type":"Organization","@id":"https:\/\/institutocrearte.cl\/wp\/#organization","name":"Instituto Crearte","url":"https:\/\/institutocrearte.cl\/wp\/","logo":{"@type":"ImageObject","inLanguage":"es","@id":"https:\/\/institutocrearte.cl\/wp\/#\/schema\/logo\/image\/","url":"https:\/\/institutocrearte.cl\/wp\/wp-content\/uploads\/2020\/06\/logo.jpg","contentUrl":"https:\/\/institutocrearte.cl\/wp\/wp-content\/uploads\/2020\/06\/logo.jpg","width":960,"height":960,"caption":"Instituto Crearte"},"image":{"@id":"https:\/\/institutocrearte.cl\/wp\/#\/schema\/logo\/image\/"},"sameAs":["https:\/\/www.facebook.com\/crearteinstituto","https:\/\/x.com\/CrearteChile","https:\/\/www.instagram.com\/institutocrearte\/","https:\/\/www.youtube.com\/channel\/UCjChXIgoFYB_3fNorXKYEYg"]}]}},"_links":{"self":[{"href":"https:\/\/institutocrearte.cl\/wp\/wp-json\/wp\/v2\/product\/1906","targetHints":{"allow":["GET"]}}],"collection":[{"href":"https:\/\/institutocrearte.cl\/wp\/wp-json\/wp\/v2\/product"}],"about":[{"href":"https:\/\/institutocrearte.cl\/wp\/wp-json\/wp\/v2\/types\/product"}],"wp:featuredmedia":[{"embeddable":true,"href":"https:\/\/institutocrearte.cl\/wp\/wp-json\/wp\/v2\/media\/1907"}],"wp:attachment":[{"href":"https:\/\/institutocrearte.cl\/wp\/wp-json\/wp\/v2\/media?parent=1906"}],"wp:term":[{"taxonomy":"product_brand","embeddable":true,"href":"https:\/\/institutocrearte.cl\/wp\/wp-json\/wp\/v2\/product_brand?post=1906"},{"taxonomy":"product_cat","embeddable":true,"href":"https:\/\/institutocrearte.cl\/wp\/wp-json\/wp\/v2\/product_cat?post=1906"},{"taxonomy":"product_tag","embeddable":true,"href":"https:\/\/institutocrearte.cl\/wp\/wp-json\/wp\/v2\/product_tag?post=1906"}],"curies":[{"name":"wp","href":"https:\/\/api.w.org\/{rel}","templated":true}]}}