{"id":1701,"date":"2024-06-30T01:31:42","date_gmt":"2024-06-30T05:31:42","guid":{"rendered":"https:\/\/institutocrearte.cl\/wp\/?post_type=product&#038;p=1701"},"modified":"2026-03-07T15:27:03","modified_gmt":"2026-03-07T19:27:03","slug":"hogar-textil","status":"publish","type":"product","link":"https:\/\/institutocrearte.cl\/wp\/producto\/hogar-textil\/","title":{"rendered":"Talleres Deco Hogar textil"},"content":{"rendered":"<p>Cada Taller, tiene una duraci\u00f3n de 1 mes<\/p>\n<p>Modalidad Presencial u Online<\/p>\n<p>Al realizar todos los talleres incluye DIPLOMA<\/p>\n<p>Tambi\u00e9n puedes hacer Un CREATIVO regalo. Elige una <a href=\"https:\/\/institutocrearte.cl\/htm\/gift.html\" target=\"_blank\" rel=\"noopener\">Gift Card<\/a><\/p>\n<p>Profesora principal: <strong><em>Lorena D\u00edaz M.<\/em><\/strong><\/p>\n<div class=\"content-info\">\n<ul>\n<li>Docente Instituto Crearte<\/li>\n<li>Coordinadora general Instituto Crearte<\/li>\n<li>Dise\u00f1adora de Interiores, menci\u00f3n textiles<\/li>\n<\/ul>\n<h5 class=\"p1\" style=\"text-align: center;\">Desde 3 Talleres, incluye el Pack de Patrones de la colecci\u00f3n Deco Textil de Regalo<\/h5>\n<\/div>\n<p><a href=\"https:\/\/www.moldes.cl\/pack-de-moldes-deco-hogar-textil\" target=\"_blank\" rel=\"noopener\"><img loading=\"lazy\" decoding=\"async\" class=\"alignnone size-medium wp-image-2648\" src=\"https:\/\/institutocrearte.cl\/wp\/wp-content\/uploads\/2024\/06\/Pack-moldes-deco-hogar-textil-245x300.jpg\" alt=\"\" width=\"245\" height=\"300\" srcset=\"https:\/\/institutocrearte.cl\/wp\/wp-content\/uploads\/2024\/06\/Pack-moldes-deco-hogar-textil-245x300.jpg 245w, https:\/\/institutocrearte.cl\/wp\/wp-content\/uploads\/2024\/06\/Pack-moldes-deco-hogar-textil-838x1024.jpg 838w, https:\/\/institutocrearte.cl\/wp\/wp-content\/uploads\/2024\/06\/Pack-moldes-deco-hogar-textil-768x939.jpg 768w, https:\/\/institutocrearte.cl\/wp\/wp-content\/uploads\/2024\/06\/Pack-moldes-deco-hogar-textil-600x733.jpg 600w, https:\/\/institutocrearte.cl\/wp\/wp-content\/uploads\/2024\/06\/Pack-moldes-deco-hogar-textil.jpg 1080w\" sizes=\"auto, (max-width: 245px) 100vw, 245px\" \/> <\/a><a href=\"https:\/\/www.moldes.cl\/pack-de-moldes-deco-hogar-textil\" target=\"_blank\" rel=\"noopener\">Valor referencial $14990<\/a><\/p>\n<div class=\"content-info\">\n<p>&nbsp;<\/p>\n<h5 style=\"text-align: center;\">\u00a1Mientras m\u00e1s talleres adquieras, m\u00e1s descuento tendr\u00e1s!<\/h5>\n<h3 class=\"p1\" style=\"text-align: center;\"><span class=\"s1\"><b>\u00a1Aprovecha el descuento!<\/b><\/span><\/h3>\n<p style=\"text-align: center;\">3 d\u00e9cadas de experiencia. Escuela Internacional OnLine de Miami. 5 sedes presenciales en Chile para que contin\u00faes tus estudios.<\/p>\n<\/div>\n<section class=\"related products\"><\/section>\n","protected":false},"excerpt":{"rendered":"<div class=\"col-sm-7\">\n<div class=\"course-description\">\n<p>Aprende a realizar hermosas confecciones para tu hogar o emprender<\/p>\n<p><em><strong>\u00a1\u00a1Te ense\u00f1amos a realizar tus moldes, tomar medidas y vestir tu hogar!!<\/strong><\/em><\/p>\n<\/div>\n<h3 style=\"text-align: left;\">\u00a1Mientras m\u00e1s talleres adquieras, m\u00e1s descuento tendr\u00e1s!<\/h3>\n<h4>Promoci\u00f3n por tiempo limitado<\/h4>\n<p><strong>ELIGE TUS TALLERES DECO HOGAR TEXTIL:<\/strong><\/p>\n<ul>\n<li>Taller de Cojines<\/li>\n<li>Taller de Textil Ba\u00f1o<\/li>\n<li>Taller de Habitaciones<\/li>\n<li>Taller de Cortinaje b\u00e1sico<\/li>\n<li>Taller de Cortinaje avanzado<\/li>\n<li>Taller de Manteler\u00eda; Comedor y navidad<\/li>\n<\/ul>\n<\/div>\n<h5><\/h5>\n<div class=\"col-sm-7\">\n<div class=\"course-description\">\n<div class=\"content-info\">\n<p><strong>Adem\u00e1s al comprar desde 3 Talleres, obtendr\u00e1s un Pack de Patrones de regalo de la Nueva colecci\u00f3n Deco-Textil<\/strong><\/p>\n<p><a href=\"https:\/\/www.moldes.cl\/pack-de-moldes-deco-hogar-textil\" target=\"_blank\" rel=\"noopener\"><img loading=\"lazy\" decoding=\"async\" class=\"alignnone size-medium wp-image-2648\" src=\"https:\/\/institutocrearte.cl\/wp\/wp-content\/uploads\/2024\/06\/Pack-moldes-deco-hogar-textil-245x300.jpg\" alt=\"\" width=\"245\" height=\"300\" srcset=\"https:\/\/institutocrearte.cl\/wp\/wp-content\/uploads\/2024\/06\/Pack-moldes-deco-hogar-textil-245x300.jpg 245w, https:\/\/institutocrearte.cl\/wp\/wp-content\/uploads\/2024\/06\/Pack-moldes-deco-hogar-textil-838x1024.jpg 838w, https:\/\/institutocrearte.cl\/wp\/wp-content\/uploads\/2024\/06\/Pack-moldes-deco-hogar-textil-768x939.jpg 768w, https:\/\/institutocrearte.cl\/wp\/wp-content\/uploads\/2024\/06\/Pack-moldes-deco-hogar-textil-600x733.jpg 600w, https:\/\/institutocrearte.cl\/wp\/wp-content\/uploads\/2024\/06\/Pack-moldes-deco-hogar-textil.jpg 1080w\" sizes=\"auto, (max-width: 245px) 100vw, 245px\" \/> <\/a><a href=\"https:\/\/www.moldes.cl\/pack-de-moldes-deco-hogar-textil\" target=\"_blank\" rel=\"noopener\">Valor referencial $14990<\/a><\/p>\n<\/div>\n<h5><\/h5>\n<h5>Al finalizar la compra, escr\u00edbenos en <strong>Informaci\u00f3n adicional<\/strong> los talleres que elegiste, la sede y la modalidad (Online o Presencial)<\/h5>\n<h5><strong>Ver inicios y horarios en las sedes:<\/strong><\/h5>\n<h5><strong><a href=\"https:\/\/institutocrearte.cl\/htm\/curso_taller.html\" target=\"_blank\" rel=\"noopener\">Santiago<\/a>\u00a0\u2013\u00a0<a href=\"https:\/\/institutocrearte.cl\/htm\/videlmar.html\" target=\"_blank\" rel=\"noopener\">Vi\u00f1a del Mar<\/a>\u00a0\u2013\u00a0<a href=\"https:\/\/institutocrearte.cl\/htm\/concepcion.html\" target=\"_blank\" rel=\"noopener\">Concepci\u00f3n<\/a><\/strong><\/h5>\n<\/div>\n<\/div>\n","protected":false},"featured_media":1721,"template":"","meta":{"_eb_attr":"","_monsterinsights_skip_tracking":false,"_monsterinsights_sitenote_active":false,"_monsterinsights_sitenote_note":"","_monsterinsights_sitenote_category":0},"product_brand":[],"product_cat":[67],"product_tag":[105,103,84,25,93,96,104,102],"class_list":{"0":"post-1701","1":"product","2":"type-product","3":"status-publish","4":"has-post-thumbnail","6":"product_cat-costura-moda","7":"product_tag-caminos-de-mesa","8":"product_tag-comedor","9":"product_tag-coser","10":"product_tag-costura","11":"product_tag-costuras","12":"product_tag-deco-textil","13":"product_tag-manteleria","14":"product_tag-navidad","16":"first","17":"instock","18":"sale","19":"shipping-taxable","20":"purchasable","21":"product-type-variable"},"yoast_head":"<!-- This site is optimized with the Yoast SEO plugin v26.3 - https:\/\/yoast.com\/wordpress\/plugins\/seo\/ -->\n<title>Talleres Deco Hogar textil - Instituto Crearte<\/title>\n<meta name=\"robots\" content=\"index, follow, max-snippet:-1, max-image-preview:large, max-video-preview:-1\" \/>\n<link rel=\"canonical\" href=\"https:\/\/institutocrearte.cl\/wp\/producto\/hogar-textil\/\" \/>\n<meta property=\"og:locale\" content=\"es_ES\" \/>\n<meta property=\"og:type\" content=\"article\" \/>\n<meta property=\"og:title\" content=\"Talleres Deco Hogar textil - Instituto Crearte\" \/>\n<meta property=\"og:description\" content=\"Aprende a realizar hermosas confecciones para tu hogar o emprender  \u00a1\u00a1Te ense\u00f1amos a realizar tus moldes, tomar medidas y vestir tu hogar!!   \u00a1Mientras m\u00e1s talleres adquieras, m\u00e1s descuento tendr\u00e1s! Promoci\u00f3n por tiempo limitado ELIGE TUS TALLERES DECO HOGAR TEXTIL:   Taller de Cojines  Taller de Textil Ba\u00f1o  Taller de Habitaciones  Taller de Cortinaje b\u00e1sico  Taller de Cortinaje avanzado  Taller de Manteler\u00eda; Comedor y navidad        Adem\u00e1s al comprar desde 3 Talleres, obtendr\u00e1s un Pack de Patrones de regalo de la Nueva colecci\u00f3n Deco-Textil   Valor referencial $14990    Al finalizar la compra, escr\u00edbenos en Informaci\u00f3n adicional los talleres que elegiste, la sede y la modalidad (Online o Presencial) Ver inicios y horarios en las sedes: Santiago\u00a0\u2013\u00a0Vi\u00f1a del Mar\u00a0\u2013\u00a0Concepci\u00f3n\" \/>\n<meta property=\"og:url\" content=\"https:\/\/institutocrearte.cl\/wp\/producto\/hogar-textil\/\" \/>\n<meta property=\"og:site_name\" content=\"Instituto Crearte\" \/>\n<meta property=\"article:publisher\" content=\"https:\/\/www.facebook.com\/crearteinstituto\" \/>\n<meta property=\"article:modified_time\" content=\"2026-03-07T19:27:03+00:00\" \/>\n<meta property=\"og:image\" content=\"https:\/\/institutocrearte.cl\/wp\/wp-content\/uploads\/2024\/06\/Deco.png\" \/>\n\t<meta property=\"og:image:width\" content=\"540\" \/>\n\t<meta property=\"og:image:height\" content=\"540\" \/>\n\t<meta property=\"og:image:type\" content=\"image\/png\" \/>\n<meta name=\"twitter:card\" content=\"summary_large_image\" \/>\n<meta name=\"twitter:site\" content=\"@CrearteChile\" \/>\n<meta name=\"twitter:label1\" content=\"Tiempo de lectura\" \/>\n\t<meta name=\"twitter:data1\" content=\"1 minuto\" \/>\n<script type=\"application\/ld+json\" class=\"yoast-schema-graph\">{\"@context\":\"https:\/\/schema.org\",\"@graph\":[{\"@type\":\"WebPage\",\"@id\":\"https:\/\/institutocrearte.cl\/wp\/producto\/hogar-textil\/\",\"url\":\"https:\/\/institutocrearte.cl\/wp\/producto\/hogar-textil\/\",\"name\":\"Talleres Deco Hogar textil - Instituto Crearte\",\"isPartOf\":{\"@id\":\"https:\/\/institutocrearte.cl\/wp\/#website\"},\"primaryImageOfPage\":{\"@id\":\"https:\/\/institutocrearte.cl\/wp\/producto\/hogar-textil\/#primaryimage\"},\"image\":{\"@id\":\"https:\/\/institutocrearte.cl\/wp\/producto\/hogar-textil\/#primaryimage\"},\"thumbnailUrl\":\"https:\/\/institutocrearte.cl\/wp\/wp-content\/uploads\/2024\/06\/Deco.png\",\"datePublished\":\"2024-06-30T05:31:42+00:00\",\"dateModified\":\"2026-03-07T19:27:03+00:00\",\"breadcrumb\":{\"@id\":\"https:\/\/institutocrearte.cl\/wp\/producto\/hogar-textil\/#breadcrumb\"},\"inLanguage\":\"es\",\"potentialAction\":[{\"@type\":\"ReadAction\",\"target\":[\"https:\/\/institutocrearte.cl\/wp\/producto\/hogar-textil\/\"]}]},{\"@type\":\"ImageObject\",\"inLanguage\":\"es\",\"@id\":\"https:\/\/institutocrearte.cl\/wp\/producto\/hogar-textil\/#primaryimage\",\"url\":\"https:\/\/institutocrearte.cl\/wp\/wp-content\/uploads\/2024\/06\/Deco.png\",\"contentUrl\":\"https:\/\/institutocrearte.cl\/wp\/wp-content\/uploads\/2024\/06\/Deco.png\",\"width\":540,\"height\":540,\"caption\":\"Hogar Textil\"},{\"@type\":\"BreadcrumbList\",\"@id\":\"https:\/\/institutocrearte.cl\/wp\/producto\/hogar-textil\/#breadcrumb\",\"itemListElement\":[{\"@type\":\"ListItem\",\"position\":1,\"name\":\"Portada\",\"item\":\"https:\/\/institutocrearte.cl\/wp\/\"},{\"@type\":\"ListItem\",\"position\":2,\"name\":\"Tienda\",\"item\":\"https:\/\/institutocrearte.cl\/wp\/tienda\/\"},{\"@type\":\"ListItem\",\"position\":3,\"name\":\"Talleres Deco Hogar textil\"}]},{\"@type\":\"WebSite\",\"@id\":\"https:\/\/institutocrearte.cl\/wp\/#website\",\"url\":\"https:\/\/institutocrearte.cl\/wp\/\",\"name\":\"Instituto Crearte\",\"description\":\"3 d\u00e9cadas juntos\",\"publisher\":{\"@id\":\"https:\/\/institutocrearte.cl\/wp\/#organization\"},\"potentialAction\":[{\"@type\":\"SearchAction\",\"target\":{\"@type\":\"EntryPoint\",\"urlTemplate\":\"https:\/\/institutocrearte.cl\/wp\/?s={search_term_string}\"},\"query-input\":{\"@type\":\"PropertyValueSpecification\",\"valueRequired\":true,\"valueName\":\"search_term_string\"}}],\"inLanguage\":\"es\"},{\"@type\":\"Organization\",\"@id\":\"https:\/\/institutocrearte.cl\/wp\/#organization\",\"name\":\"Instituto Crearte\",\"url\":\"https:\/\/institutocrearte.cl\/wp\/\",\"logo\":{\"@type\":\"ImageObject\",\"inLanguage\":\"es\",\"@id\":\"https:\/\/institutocrearte.cl\/wp\/#\/schema\/logo\/image\/\",\"url\":\"https:\/\/institutocrearte.cl\/wp\/wp-content\/uploads\/2020\/06\/logo.jpg\",\"contentUrl\":\"https:\/\/institutocrearte.cl\/wp\/wp-content\/uploads\/2020\/06\/logo.jpg\",\"width\":960,\"height\":960,\"caption\":\"Instituto Crearte\"},\"image\":{\"@id\":\"https:\/\/institutocrearte.cl\/wp\/#\/schema\/logo\/image\/\"},\"sameAs\":[\"https:\/\/www.facebook.com\/crearteinstituto\",\"https:\/\/x.com\/CrearteChile\",\"https:\/\/www.instagram.com\/institutocrearte\/\",\"https:\/\/www.youtube.com\/channel\/UCjChXIgoFYB_3fNorXKYEYg\"]}]}<\/script>\n<!-- \/ Yoast SEO plugin. -->","yoast_head_json":{"title":"Talleres Deco Hogar textil - Instituto Crearte","robots":{"index":"index","follow":"follow","max-snippet":"max-snippet:-1","max-image-preview":"max-image-preview:large","max-video-preview":"max-video-preview:-1"},"canonical":"https:\/\/institutocrearte.cl\/wp\/producto\/hogar-textil\/","og_locale":"es_ES","og_type":"article","og_title":"Talleres Deco Hogar textil - Instituto Crearte","og_description":"Aprende a realizar hermosas confecciones para tu hogar o emprender  \u00a1\u00a1Te ense\u00f1amos a realizar tus moldes, tomar medidas y vestir tu hogar!!   \u00a1Mientras m\u00e1s talleres adquieras, m\u00e1s descuento tendr\u00e1s! Promoci\u00f3n por tiempo limitado ELIGE TUS TALLERES DECO HOGAR TEXTIL:   Taller de Cojines  Taller de Textil Ba\u00f1o  Taller de Habitaciones  Taller de Cortinaje b\u00e1sico  Taller de Cortinaje avanzado  Taller de Manteler\u00eda; Comedor y navidad        Adem\u00e1s al comprar desde 3 Talleres, obtendr\u00e1s un Pack de Patrones de regalo de la Nueva colecci\u00f3n Deco-Textil   Valor referencial $14990    Al finalizar la compra, escr\u00edbenos en Informaci\u00f3n adicional los talleres que elegiste, la sede y la modalidad (Online o Presencial) Ver inicios y horarios en las sedes: Santiago\u00a0\u2013\u00a0Vi\u00f1a del Mar\u00a0\u2013\u00a0Concepci\u00f3n","og_url":"https:\/\/institutocrearte.cl\/wp\/producto\/hogar-textil\/","og_site_name":"Instituto Crearte","article_publisher":"https:\/\/www.facebook.com\/crearteinstituto","article_modified_time":"2026-03-07T19:27:03+00:00","og_image":[{"width":540,"height":540,"url":"https:\/\/institutocrearte.cl\/wp\/wp-content\/uploads\/2024\/06\/Deco.png","type":"image\/png"}],"twitter_card":"summary_large_image","twitter_site":"@CrearteChile","twitter_misc":{"Tiempo de lectura":"1 minuto"},"schema":{"@context":"https:\/\/schema.org","@graph":[{"@type":"WebPage","@id":"https:\/\/institutocrearte.cl\/wp\/producto\/hogar-textil\/","url":"https:\/\/institutocrearte.cl\/wp\/producto\/hogar-textil\/","name":"Talleres Deco Hogar textil - Instituto Crearte","isPartOf":{"@id":"https:\/\/institutocrearte.cl\/wp\/#website"},"primaryImageOfPage":{"@id":"https:\/\/institutocrearte.cl\/wp\/producto\/hogar-textil\/#primaryimage"},"image":{"@id":"https:\/\/institutocrearte.cl\/wp\/producto\/hogar-textil\/#primaryimage"},"thumbnailUrl":"https:\/\/institutocrearte.cl\/wp\/wp-content\/uploads\/2024\/06\/Deco.png","datePublished":"2024-06-30T05:31:42+00:00","dateModified":"2026-03-07T19:27:03+00:00","breadcrumb":{"@id":"https:\/\/institutocrearte.cl\/wp\/producto\/hogar-textil\/#breadcrumb"},"inLanguage":"es","potentialAction":[{"@type":"ReadAction","target":["https:\/\/institutocrearte.cl\/wp\/producto\/hogar-textil\/"]}]},{"@type":"ImageObject","inLanguage":"es","@id":"https:\/\/institutocrearte.cl\/wp\/producto\/hogar-textil\/#primaryimage","url":"https:\/\/institutocrearte.cl\/wp\/wp-content\/uploads\/2024\/06\/Deco.png","contentUrl":"https:\/\/institutocrearte.cl\/wp\/wp-content\/uploads\/2024\/06\/Deco.png","width":540,"height":540,"caption":"Hogar Textil"},{"@type":"BreadcrumbList","@id":"https:\/\/institutocrearte.cl\/wp\/producto\/hogar-textil\/#breadcrumb","itemListElement":[{"@type":"ListItem","position":1,"name":"Portada","item":"https:\/\/institutocrearte.cl\/wp\/"},{"@type":"ListItem","position":2,"name":"Tienda","item":"https:\/\/institutocrearte.cl\/wp\/tienda\/"},{"@type":"ListItem","position":3,"name":"Talleres Deco Hogar textil"}]},{"@type":"WebSite","@id":"https:\/\/institutocrearte.cl\/wp\/#website","url":"https:\/\/institutocrearte.cl\/wp\/","name":"Instituto Crearte","description":"3 d\u00e9cadas juntos","publisher":{"@id":"https:\/\/institutocrearte.cl\/wp\/#organization"},"potentialAction":[{"@type":"SearchAction","target":{"@type":"EntryPoint","urlTemplate":"https:\/\/institutocrearte.cl\/wp\/?s={search_term_string}"},"query-input":{"@type":"PropertyValueSpecification","valueRequired":true,"valueName":"search_term_string"}}],"inLanguage":"es"},{"@type":"Organization","@id":"https:\/\/institutocrearte.cl\/wp\/#organization","name":"Instituto Crearte","url":"https:\/\/institutocrearte.cl\/wp\/","logo":{"@type":"ImageObject","inLanguage":"es","@id":"https:\/\/institutocrearte.cl\/wp\/#\/schema\/logo\/image\/","url":"https:\/\/institutocrearte.cl\/wp\/wp-content\/uploads\/2020\/06\/logo.jpg","contentUrl":"https:\/\/institutocrearte.cl\/wp\/wp-content\/uploads\/2020\/06\/logo.jpg","width":960,"height":960,"caption":"Instituto Crearte"},"image":{"@id":"https:\/\/institutocrearte.cl\/wp\/#\/schema\/logo\/image\/"},"sameAs":["https:\/\/www.facebook.com\/crearteinstituto","https:\/\/x.com\/CrearteChile","https:\/\/www.instagram.com\/institutocrearte\/","https:\/\/www.youtube.com\/channel\/UCjChXIgoFYB_3fNorXKYEYg"]}]}},"_links":{"self":[{"href":"https:\/\/institutocrearte.cl\/wp\/wp-json\/wp\/v2\/product\/1701","targetHints":{"allow":["GET"]}}],"collection":[{"href":"https:\/\/institutocrearte.cl\/wp\/wp-json\/wp\/v2\/product"}],"about":[{"href":"https:\/\/institutocrearte.cl\/wp\/wp-json\/wp\/v2\/types\/product"}],"wp:featuredmedia":[{"embeddable":true,"href":"https:\/\/institutocrearte.cl\/wp\/wp-json\/wp\/v2\/media\/1721"}],"wp:attachment":[{"href":"https:\/\/institutocrearte.cl\/wp\/wp-json\/wp\/v2\/media?parent=1701"}],"wp:term":[{"taxonomy":"product_brand","embeddable":true,"href":"https:\/\/institutocrearte.cl\/wp\/wp-json\/wp\/v2\/product_brand?post=1701"},{"taxonomy":"product_cat","embeddable":true,"href":"https:\/\/institutocrearte.cl\/wp\/wp-json\/wp\/v2\/product_cat?post=1701"},{"taxonomy":"product_tag","embeddable":true,"href":"https:\/\/institutocrearte.cl\/wp\/wp-json\/wp\/v2\/product_tag?post=1701"}],"curies":[{"name":"wp","href":"https:\/\/api.w.org\/{rel}","templated":true}]}}