{"id":31,"date":"2020-06-26T21:51:59","date_gmt":"2020-06-26T21:51:59","guid":{"rendered":"https:\/\/institutocrearte.cl\/wp\/?page_id=31"},"modified":"2026-01-20T21:59:41","modified_gmt":"2026-01-21T01:59:41","slug":"tu-escuela","status":"publish","type":"page","link":"https:\/\/institutocrearte.cl\/wp\/","title":{"rendered":"Tu escuela"},"content":{"rendered":"\n<div class=\"wp-block-essential-blocks-slider root-eb-slider-qkxo5\"><div class=\"eb-parent-wrapper eb-parent-eb-slider-qkxo5 \"><div class=\"eb-slider-wrapper eb-slider-qkxo5\" data-blockid=\"eb-slider-qkxo5\" data-version=\"v4\" data-settings=\"eyJhcnJvd3MiOnRydWUsImFkYXB0aXZlSGVpZ2h0IjpmYWxzZSwiYXV0b3BsYXkiOnRydWUsImF1dG9wbGF5U3BlZWQiOjMwMDAsImRvdHMiOnRydWUsImZhZGUiOmZhbHNlLCJpbmZpbml0ZSI6dHJ1ZSwicGF1c2VPbkhvdmVyIjp0cnVlLCJzbGlkZXNUb1Nob3ciOjEsInNwZWVkIjo1MDAsInZlcnRpY2FsIjpmYWxzZSwiY3VycmVudFNsaWRlIjowLCJydGwiOmZhbHNlLCJyZXNwb25zaXZlIjpbeyJicmVha3BvaW50IjoxMDI1LCJzZXR0aW5ncyI6eyJzbGlkZXNUb1Nob3ciOjF9fSx7ImJyZWFrcG9pbnQiOjc2Nywic2V0dGluZ3MiOnsic2xpZGVzVG9TaG93IjoxfX1dfQ==\" data-arrownexticon=\"fas fa-arrow-alt-circle-right\" data-arrowprevicon=\"fas fa-arrow-alt-circle-left\" data-lightbox=\"false\"><div class=\"eb-slider-init eb-slider-type-image\"><div class=\"eb-slider-item content-1\" data-src=\"https:\/\/institutocrearte.cl\/wp\/wp-content\/uploads\/2021\/04\/Escueladedisyarte.jpg\"><div><img class=\"eb-slider-image\" data-lazy=\"https:\/\/institutocrearte.cl\/wp\/wp-content\/uploads\/2021\/04\/Escueladedisyarte.jpg\"\/><\/div><\/div><div class=\"eb-slider-item content-1\" data-src=\"https:\/\/institutocrearte.cl\/wp\/wp-content\/uploads\/2024\/06\/Arte-1.png\"><div><img class=\"eb-slider-image\" data-lazy=\"https:\/\/institutocrearte.cl\/wp\/wp-content\/uploads\/2024\/06\/Arte-1.png\"\/><\/div><\/div><div class=\"eb-slider-item content-1\" data-src=\"https:\/\/institutocrearte.cl\/wp\/wp-content\/uploads\/2024\/06\/Costura-online.png\"><div><img class=\"eb-slider-image\" data-lazy=\"https:\/\/institutocrearte.cl\/wp\/wp-content\/uploads\/2024\/06\/Costura-online.png\"\/><\/div><\/div><div class=\"eb-slider-item content-1\" data-src=\"https:\/\/institutocrearte.cl\/wp\/wp-content\/uploads\/2020\/06\/pantaleta.jpg\"><div><img class=\"eb-slider-image\" data-lazy=\"https:\/\/institutocrearte.cl\/wp\/wp-content\/uploads\/2020\/06\/pantaleta.jpg\"\/><\/div><\/div><div class=\"eb-slider-item content-1\" data-src=\"https:\/\/institutocrearte.cl\/wp\/wp-content\/uploads\/2024\/06\/Deco-Online.png\"><div><img class=\"eb-slider-image\" data-lazy=\"https:\/\/institutocrearte.cl\/wp\/wp-content\/uploads\/2024\/06\/Deco-Online.png\"\/><\/div><\/div><div class=\"eb-slider-item content-1\" data-src=\"https:\/\/institutocrearte.cl\/wp\/wp-content\/uploads\/2024\/06\/Fotografia.png\"><div><img class=\"eb-slider-image\" data-lazy=\"https:\/\/institutocrearte.cl\/wp\/wp-content\/uploads\/2024\/06\/Fotografia.png\"\/><\/div><\/div><\/div><\/div><\/div><\/div>\n\n\n\n<p class=\"has-text-align-center has-larger-font-size\">\u00a1Matr\u00edculas abiertas 2026!<\/p>\n\n\n\n<p class=\"has-text-align-center has-secondary-color has-text-color\" style=\"font-size:19px\"><strong>Somos una escuela con amplia trayectoria en la formaci\u00f3n creativa y t\u00e9cnica, reconocida por nuestra metodolog\u00eda pr\u00e1ctica y resultados comprobables. Nos destacamos por ser una instituci\u00f3n \u00fanica y aut\u00f3noma, lo que nos permite dise\u00f1ar programas actualizados, adaptados a las necesidades reales del mundo laboral y del emprendimiento.<\/strong><\/p>\n\n\n\n<p class=\"has-text-align-center\"><strong>Modalidad de clases Presencial y Online<\/strong><\/p>\n\n\n\n<ul class=\"wp-block-list has-small-font-size\">\n<li>En nuestras clases presenciales disfrutar\u00e1s de un ambiente de estudio acogedor, una experiencia formativa enriquecedora y el acompa\u00f1amiento de docentes altamente especializados. Ofrecemos programas de estudio exclusivos, dise\u00f1ados para potenciar tu aprendizaje y desarrollo profesional.<\/li>\n<\/ul>\n\n\n\n<ul class=\"wp-block-list has-small-font-size\">\n<li>En nuestras clases Online te ofrecemos una experiencia de aprendizaje en l\u00ednea \u00fanica, con material exclusivo creado por expertos, acceso a clases las 24 horas y el acompa\u00f1amiento constante de un tutor especializado.<\/li>\n<\/ul>\n\n\n<div class=\"wp-block-image\">\n<figure class=\"aligncenter size-full is-resized\"><img loading=\"lazy\" decoding=\"async\" width=\"487\" height=\"487\" src=\"https:\/\/institutocrearte.cl\/wp\/wp-content\/uploads\/2025\/10\/Sello-Crearte.jpg\" alt=\"\" class=\"wp-image-2667\" style=\"width:374px;height:auto\" srcset=\"https:\/\/institutocrearte.cl\/wp\/wp-content\/uploads\/2025\/10\/Sello-Crearte.jpg 487w, https:\/\/institutocrearte.cl\/wp\/wp-content\/uploads\/2025\/10\/Sello-Crearte-300x300.jpg 300w, https:\/\/institutocrearte.cl\/wp\/wp-content\/uploads\/2025\/10\/Sello-Crearte-150x150.jpg 150w, https:\/\/institutocrearte.cl\/wp\/wp-content\/uploads\/2025\/10\/Sello-Crearte-450x450.jpg 450w, https:\/\/institutocrearte.cl\/wp\/wp-content\/uploads\/2025\/10\/Sello-Crearte-100x100.jpg 100w\" sizes=\"auto, (max-width: 487px) 100vw, 487px\" \/><\/figure><\/div>\n\n\n<blockquote class=\"wp-block-quote is-layout-flow wp-block-quote-is-layout-flow\">\n<p class=\"has-text-align-center has-secondary-color has-text-color\"><em><strong>Nuestros programas de estudio son ideales para quienes desean adquirir habilidades concretas en poco tiempo, especializarse en un \u00e1rea determinada o desarrollarse de forma independiente<\/strong><\/em><\/p>\n<\/blockquote>\n\n\n\n<p class=\"has-text-align-center has-secondary-color has-text-color\"><em>Patricia Romero Baeza<\/em><br>_______________________<br><strong>Directora Creativa<\/strong><\/p>\n\n\n\n<p><\/p>\n\n\n\n<p class=\"has-text-align-center\"><strong>Les doy una cordial bienvenida a la Creatividad<\/strong><\/p>\n\n\n\n<p class=\"has-text-align-center\"><strong>INSTITUTO CREARTE<\/strong><\/p>\n\n\n\n<p class=\"has-text-align-center\"><strong>\u00abEscuela de Dise\u00f1o y Arte para j\u00f3venes y adultos\u00bb<\/strong><\/p>\n\n\n\n<p class=\"has-text-align-center\">Escuela Privada<br><em>3 d\u00e9cadas formando Creativos<\/em><\/p>\n\n\n\n<p class=\"has-text-align-center\"><\/p>\n\n\n\n<h3 class=\"wp-block-heading has-text-align-center has-secondary-color has-text-color\">\u00bfPor qu\u00e9 estudiar en Crearte?<\/h3>\n\n\n\n<ul class=\"wp-block-list\">\n<li><strong>Sistema exclusivo de ense\u00f1anza<\/strong>, reconocido por las principales empresas del rubro por su efectividad y calidad formativa.<\/li>\n\n\n\n<li><strong>M\u00e9todo propio, simple y claro<\/strong>, desarrollado con a\u00f1os de experiencia y protegido por derechos de autor.<\/li>\n\n\n\n<li><strong>Docentes altamente especializados<\/strong>, con amplia trayectoria en el \u00e1rea y formaci\u00f3n continua para garantizar una ense\u00f1anza actualizada y de excelencia.<\/li>\n\n\n\n<li><strong>Clases basadas en investigaci\u00f3n y experiencia real<\/strong>, fuimos los primeros en dise\u00f1ar los Talleres disponibles, fruto de d\u00e9cadas de trabajo y perfeccionamiento.<\/li>\n<\/ul>\n\n\n\n<p class=\"has-text-align-center\"><\/p>\n\n\n\n<div class=\"wp-block-columns is-layout-flex wp-container-core-columns-is-layout-9d6595d7 wp-block-columns-is-layout-flex\">\n<div class=\"wp-block-column is-layout-flow wp-block-column-is-layout-flow\"><\/div>\n\n\n\n<div class=\"wp-block-column is-layout-flow wp-block-column-is-layout-flow\"><\/div>\n<\/div>\n\n\n\n<h2 class=\"wp-block-heading has-text-align-center\"><\/h2>\n\n\n\n<p><\/p>\n\n\n\n<p class=\"has-large-font-size\"><strong>Clases presenciales<\/strong>:<\/p>\n\n\n\n<figure class=\"wp-block-embed aligncenter is-type-video is-provider-youtube wp-block-embed-youtube wp-embed-aspect-16-9 wp-has-aspect-ratio\"><div class=\"wp-block-embed__wrapper\">\n<iframe loading=\"lazy\" title=\"Instituto Crearte\" width=\"580\" height=\"326\" src=\"https:\/\/www.youtube.com\/embed\/PvtNHZ_fkuw?feature=oembed&#038;enablejsapi=1&#038;origin=https:\/\/institutocrearte.cl\" frameborder=\"0\" allow=\"accelerometer; autoplay; clipboard-write; encrypted-media; gyroscope; picture-in-picture; web-share\" referrerpolicy=\"strict-origin-when-cross-origin\" allowfullscreen><\/iframe>\n<\/div><\/figure>\n\n\n\n<p><\/p>\n\n\n\n<p class=\"has-large-font-size\"><strong>Clases online<\/strong>:<\/p>\n\n\n\n<figure class=\"wp-block-embed is-type-video is-provider-youtube wp-block-embed-youtube wp-embed-aspect-16-9 wp-has-aspect-ratio\"><div class=\"wp-block-embed__wrapper\">\n<iframe loading=\"lazy\" title=\"Instituto Crearte. Juntos siempre\" width=\"580\" height=\"326\" src=\"https:\/\/www.youtube.com\/embed\/Cu95H3B_ENM?feature=oembed&#038;enablejsapi=1&#038;origin=https:\/\/institutocrearte.cl\" frameborder=\"0\" allow=\"accelerometer; autoplay; clipboard-write; encrypted-media; gyroscope; picture-in-picture; web-share\" referrerpolicy=\"strict-origin-when-cross-origin\" allowfullscreen><\/iframe>\n<\/div><\/figure>\n\n\n\n<figure class=\"wp-block-embed is-type-video is-provider-youtube wp-block-embed-youtube wp-embed-aspect-9-16 wp-has-aspect-ratio\"><div class=\"wp-block-embed__wrapper\">\n<iframe loading=\"lazy\" title=\"Conoce a algunos de tus Profesores OnLine :)\" width=\"489\" height=\"869\" src=\"https:\/\/www.youtube.com\/embed\/a9emMfHl1JQ?feature=oembed&#038;enablejsapi=1&#038;origin=https:\/\/institutocrearte.cl\" frameborder=\"0\" allow=\"accelerometer; autoplay; clipboard-write; encrypted-media; gyroscope; picture-in-picture; web-share\" referrerpolicy=\"strict-origin-when-cross-origin\" allowfullscreen><\/iframe>\n<\/div><\/figure>\n\n\n\n<div class=\"wp-block-buttons is-horizontal is-content-justification-center is-layout-flex wp-container-core-buttons-is-layout-499968f5 wp-block-buttons-is-layout-flex\">\n<div class=\"wp-block-button\"><a class=\"wp-block-button__link has-background wp-element-button\" href=\"https:\/\/institutocrearte.cl\/htm\/gift.html\" style=\"background-color:#ef0058\" target=\"_blank\" rel=\"noreferrer noopener\">REGALA CURSOS O TALLERES<\/a><\/div>\n<\/div>\n\n\n\n<div class=\"wp-block-buttons is-horizontal is-content-justification-center is-layout-flex wp-container-core-buttons-is-layout-499968f5 wp-block-buttons-is-layout-flex\">\n<div class=\"wp-block-button\"><a class=\"wp-block-button__link has-background wp-element-button\" href=\"https:\/\/institutocrearte.cl\/wp\/testimonios\/\" style=\"background-color:#ef0058\">TESTIMONIOS y REPORTAJES<\/a><\/div>\n\n\n\n<div class=\"wp-block-button\"><a class=\"wp-block-button__link has-background wp-element-button\" href=\"https:\/\/institutocrearte.cl\/wp\/contacto\/\" style=\"background-color:#ef0058\">Cont\u00e1ctanos hoy<\/a><\/div>\n<\/div>\n\n\n\n<p><\/p>\n","protected":false},"excerpt":{"rendered":"<p>\u00a1Matr\u00edculas abiertas 2026! Somos una escuela con amplia trayectoria en la formaci\u00f3n creativa y t\u00e9cnica, reconocida por nuestra metodolog\u00eda pr\u00e1ctica y resultados comprobables. Nos destacamos por ser una instituci\u00f3n \u00fanica y aut\u00f3noma, lo que nos permite dise\u00f1ar programas actualizados, adaptados a las necesidades reales del mundo laboral y del emprendimiento. Modalidad de clases Presencial y [&hellip;]<\/p>\n","protected":false},"author":1,"featured_media":0,"parent":0,"menu_order":0,"comment_status":"closed","ping_status":"closed","template":"","meta":{"_eb_attr":"","_monsterinsights_skip_tracking":false,"_monsterinsights_sitenote_active":false,"_monsterinsights_sitenote_note":"","_monsterinsights_sitenote_category":0,"footnotes":""},"class_list":["post-31","page","type-page","status-publish","hentry"],"yoast_head":"<!-- This site is optimized with the Yoast SEO plugin v26.3 - https:\/\/yoast.com\/wordpress\/plugins\/seo\/ -->\n<title>Instituto Crearte, Escuela de Dise\u00f1o y Arte para j\u00f3venes y adultos. Dise\u00f1o de Moda. Dise\u00f1o de Interior. Dise\u00f1o Gr\u00e1fico, Corte y confecci\u00f3n. Talleres Pr\u00e1cticos<\/title>\n<meta name=\"description\" content=\"Escuela de Dise\u00f1o y Arte para j\u00f3venes y adultos. \u00c1rea moda. Decoraci\u00f3n. Gr\u00e1fica. Im\u00e1gen. Paisajismo. Fotograf\u00eda. Arte e ilustraci\u00f3n.\" \/>\n<meta name=\"robots\" content=\"index, follow, max-snippet:-1, max-image-preview:large, max-video-preview:-1\" \/>\n<link rel=\"canonical\" href=\"https:\/\/institutocrearte.cl\/wp\/\" \/>\n<meta property=\"og:locale\" content=\"es_ES\" \/>\n<meta property=\"og:type\" content=\"article\" \/>\n<meta property=\"og:title\" content=\"Instituto Crearte, Escuela de Dise\u00f1o y Arte para j\u00f3venes y adultos. Dise\u00f1o de Moda. Dise\u00f1o de Interior. Dise\u00f1o Gr\u00e1fico, Corte y confecci\u00f3n. Talleres Pr\u00e1cticos\" \/>\n<meta property=\"og:description\" content=\"Escuela de Dise\u00f1o y Arte para j\u00f3venes y adultos. \u00c1rea moda. Decoraci\u00f3n. Gr\u00e1fica. Im\u00e1gen. Paisajismo. Fotograf\u00eda. Arte e ilustraci\u00f3n.\" \/>\n<meta property=\"og:url\" content=\"https:\/\/institutocrearte.cl\/wp\/\" \/>\n<meta property=\"og:site_name\" content=\"Instituto Crearte\" \/>\n<meta property=\"article:publisher\" content=\"https:\/\/www.facebook.com\/crearteinstituto\" \/>\n<meta property=\"article:modified_time\" content=\"2026-01-21T01:59:41+00:00\" \/>\n<meta property=\"og:image\" content=\"https:\/\/institutocrearte.cl\/wp\/wp-content\/uploads\/2025\/10\/Sello-Crearte.jpg\" \/>\n\t<meta property=\"og:image:width\" content=\"487\" \/>\n\t<meta property=\"og:image:height\" content=\"487\" \/>\n\t<meta property=\"og:image:type\" content=\"image\/jpeg\" \/>\n<meta name=\"twitter:card\" content=\"summary_large_image\" \/>\n<meta name=\"twitter:site\" content=\"@CrearteChile\" \/>\n<meta name=\"twitter:label1\" content=\"Tiempo de lectura\" \/>\n\t<meta name=\"twitter:data1\" content=\"3 minutos\" \/>\n<script type=\"application\/ld+json\" class=\"yoast-schema-graph\">{\"@context\":\"https:\/\/schema.org\",\"@graph\":[{\"@type\":\"WebPage\",\"@id\":\"https:\/\/institutocrearte.cl\/wp\/\",\"url\":\"https:\/\/institutocrearte.cl\/wp\/\",\"name\":\"Instituto Crearte, Escuela de Dise\u00f1o y Arte para j\u00f3venes y adultos. Dise\u00f1o de Moda. Dise\u00f1o de Interior. Dise\u00f1o Gr\u00e1fico, Corte y confecci\u00f3n. Talleres Pr\u00e1cticos\",\"isPartOf\":{\"@id\":\"https:\/\/institutocrearte.cl\/wp\/#website\"},\"primaryImageOfPage\":{\"@id\":\"https:\/\/institutocrearte.cl\/wp\/#primaryimage\"},\"image\":{\"@id\":\"https:\/\/institutocrearte.cl\/wp\/#primaryimage\"},\"thumbnailUrl\":\"https:\/\/institutocrearte.cl\/wp\/wp-content\/uploads\/2025\/10\/Sello-Crearte.jpg\",\"datePublished\":\"2020-06-26T21:51:59+00:00\",\"dateModified\":\"2026-01-21T01:59:41+00:00\",\"description\":\"Escuela de Dise\u00f1o y Arte para j\u00f3venes y adultos. \u00c1rea moda. Decoraci\u00f3n. Gr\u00e1fica. Im\u00e1gen. Paisajismo. Fotograf\u00eda. Arte e ilustraci\u00f3n.\",\"breadcrumb\":{\"@id\":\"https:\/\/institutocrearte.cl\/wp\/#breadcrumb\"},\"inLanguage\":\"es\",\"potentialAction\":[{\"@type\":\"ReadAction\",\"target\":[\"https:\/\/institutocrearte.cl\/wp\/\"]}]},{\"@type\":\"ImageObject\",\"inLanguage\":\"es\",\"@id\":\"https:\/\/institutocrearte.cl\/wp\/#primaryimage\",\"url\":\"https:\/\/institutocrearte.cl\/wp\/wp-content\/uploads\/2025\/10\/Sello-Crearte.jpg\",\"contentUrl\":\"https:\/\/institutocrearte.cl\/wp\/wp-content\/uploads\/2025\/10\/Sello-Crearte.jpg\",\"width\":487,\"height\":487,\"caption\":\"Sello de autenticidad\"},{\"@type\":\"BreadcrumbList\",\"@id\":\"https:\/\/institutocrearte.cl\/wp\/#breadcrumb\",\"itemListElement\":[{\"@type\":\"ListItem\",\"position\":1,\"name\":\"Portada\",\"item\":\"https:\/\/institutocrearte.cl\/wp\/\"},{\"@type\":\"ListItem\",\"position\":2,\"name\":\"Tu escuela\"}]},{\"@type\":\"WebSite\",\"@id\":\"https:\/\/institutocrearte.cl\/wp\/#website\",\"url\":\"https:\/\/institutocrearte.cl\/wp\/\",\"name\":\"Instituto Crearte\",\"description\":\"3 d\u00e9cadas juntos\",\"publisher\":{\"@id\":\"https:\/\/institutocrearte.cl\/wp\/#organization\"},\"potentialAction\":[{\"@type\":\"SearchAction\",\"target\":{\"@type\":\"EntryPoint\",\"urlTemplate\":\"https:\/\/institutocrearte.cl\/wp\/?s={search_term_string}\"},\"query-input\":{\"@type\":\"PropertyValueSpecification\",\"valueRequired\":true,\"valueName\":\"search_term_string\"}}],\"inLanguage\":\"es\"},{\"@type\":\"Organization\",\"@id\":\"https:\/\/institutocrearte.cl\/wp\/#organization\",\"name\":\"Instituto Crearte\",\"url\":\"https:\/\/institutocrearte.cl\/wp\/\",\"logo\":{\"@type\":\"ImageObject\",\"inLanguage\":\"es\",\"@id\":\"https:\/\/institutocrearte.cl\/wp\/#\/schema\/logo\/image\/\",\"url\":\"https:\/\/institutocrearte.cl\/wp\/wp-content\/uploads\/2020\/06\/logo.jpg\",\"contentUrl\":\"https:\/\/institutocrearte.cl\/wp\/wp-content\/uploads\/2020\/06\/logo.jpg\",\"width\":960,\"height\":960,\"caption\":\"Instituto Crearte\"},\"image\":{\"@id\":\"https:\/\/institutocrearte.cl\/wp\/#\/schema\/logo\/image\/\"},\"sameAs\":[\"https:\/\/www.facebook.com\/crearteinstituto\",\"https:\/\/x.com\/CrearteChile\",\"https:\/\/www.instagram.com\/institutocrearte\/\",\"https:\/\/www.youtube.com\/channel\/UCjChXIgoFYB_3fNorXKYEYg\"]}]}<\/script>\n<!-- \/ Yoast SEO plugin. -->","yoast_head_json":{"title":"Instituto Crearte, Escuela de Dise\u00f1o y Arte para j\u00f3venes y adultos. Dise\u00f1o de Moda. Dise\u00f1o de Interior. Dise\u00f1o Gr\u00e1fico, Corte y confecci\u00f3n. Talleres Pr\u00e1cticos","description":"Escuela de Dise\u00f1o y Arte para j\u00f3venes y adultos. \u00c1rea moda. Decoraci\u00f3n. Gr\u00e1fica. Im\u00e1gen. Paisajismo. Fotograf\u00eda. Arte e ilustraci\u00f3n.","robots":{"index":"index","follow":"follow","max-snippet":"max-snippet:-1","max-image-preview":"max-image-preview:large","max-video-preview":"max-video-preview:-1"},"canonical":"https:\/\/institutocrearte.cl\/wp\/","og_locale":"es_ES","og_type":"article","og_title":"Instituto Crearte, Escuela de Dise\u00f1o y Arte para j\u00f3venes y adultos. Dise\u00f1o de Moda. Dise\u00f1o de Interior. Dise\u00f1o Gr\u00e1fico, Corte y confecci\u00f3n. Talleres Pr\u00e1cticos","og_description":"Escuela de Dise\u00f1o y Arte para j\u00f3venes y adultos. \u00c1rea moda. Decoraci\u00f3n. Gr\u00e1fica. Im\u00e1gen. Paisajismo. Fotograf\u00eda. Arte e ilustraci\u00f3n.","og_url":"https:\/\/institutocrearte.cl\/wp\/","og_site_name":"Instituto Crearte","article_publisher":"https:\/\/www.facebook.com\/crearteinstituto","article_modified_time":"2026-01-21T01:59:41+00:00","og_image":[{"width":487,"height":487,"url":"https:\/\/institutocrearte.cl\/wp\/wp-content\/uploads\/2025\/10\/Sello-Crearte.jpg","type":"image\/jpeg"}],"twitter_card":"summary_large_image","twitter_site":"@CrearteChile","twitter_misc":{"Tiempo de lectura":"3 minutos"},"schema":{"@context":"https:\/\/schema.org","@graph":[{"@type":"WebPage","@id":"https:\/\/institutocrearte.cl\/wp\/","url":"https:\/\/institutocrearte.cl\/wp\/","name":"Instituto Crearte, Escuela de Dise\u00f1o y Arte para j\u00f3venes y adultos. Dise\u00f1o de Moda. Dise\u00f1o de Interior. Dise\u00f1o Gr\u00e1fico, Corte y confecci\u00f3n. Talleres Pr\u00e1cticos","isPartOf":{"@id":"https:\/\/institutocrearte.cl\/wp\/#website"},"primaryImageOfPage":{"@id":"https:\/\/institutocrearte.cl\/wp\/#primaryimage"},"image":{"@id":"https:\/\/institutocrearte.cl\/wp\/#primaryimage"},"thumbnailUrl":"https:\/\/institutocrearte.cl\/wp\/wp-content\/uploads\/2025\/10\/Sello-Crearte.jpg","datePublished":"2020-06-26T21:51:59+00:00","dateModified":"2026-01-21T01:59:41+00:00","description":"Escuela de Dise\u00f1o y Arte para j\u00f3venes y adultos. \u00c1rea moda. Decoraci\u00f3n. Gr\u00e1fica. Im\u00e1gen. Paisajismo. Fotograf\u00eda. Arte e ilustraci\u00f3n.","breadcrumb":{"@id":"https:\/\/institutocrearte.cl\/wp\/#breadcrumb"},"inLanguage":"es","potentialAction":[{"@type":"ReadAction","target":["https:\/\/institutocrearte.cl\/wp\/"]}]},{"@type":"ImageObject","inLanguage":"es","@id":"https:\/\/institutocrearte.cl\/wp\/#primaryimage","url":"https:\/\/institutocrearte.cl\/wp\/wp-content\/uploads\/2025\/10\/Sello-Crearte.jpg","contentUrl":"https:\/\/institutocrearte.cl\/wp\/wp-content\/uploads\/2025\/10\/Sello-Crearte.jpg","width":487,"height":487,"caption":"Sello de autenticidad"},{"@type":"BreadcrumbList","@id":"https:\/\/institutocrearte.cl\/wp\/#breadcrumb","itemListElement":[{"@type":"ListItem","position":1,"name":"Portada","item":"https:\/\/institutocrearte.cl\/wp\/"},{"@type":"ListItem","position":2,"name":"Tu escuela"}]},{"@type":"WebSite","@id":"https:\/\/institutocrearte.cl\/wp\/#website","url":"https:\/\/institutocrearte.cl\/wp\/","name":"Instituto Crearte","description":"3 d\u00e9cadas juntos","publisher":{"@id":"https:\/\/institutocrearte.cl\/wp\/#organization"},"potentialAction":[{"@type":"SearchAction","target":{"@type":"EntryPoint","urlTemplate":"https:\/\/institutocrearte.cl\/wp\/?s={search_term_string}"},"query-input":{"@type":"PropertyValueSpecification","valueRequired":true,"valueName":"search_term_string"}}],"inLanguage":"es"},{"@type":"Organization","@id":"https:\/\/institutocrearte.cl\/wp\/#organization","name":"Instituto Crearte","url":"https:\/\/institutocrearte.cl\/wp\/","logo":{"@type":"ImageObject","inLanguage":"es","@id":"https:\/\/institutocrearte.cl\/wp\/#\/schema\/logo\/image\/","url":"https:\/\/institutocrearte.cl\/wp\/wp-content\/uploads\/2020\/06\/logo.jpg","contentUrl":"https:\/\/institutocrearte.cl\/wp\/wp-content\/uploads\/2020\/06\/logo.jpg","width":960,"height":960,"caption":"Instituto Crearte"},"image":{"@id":"https:\/\/institutocrearte.cl\/wp\/#\/schema\/logo\/image\/"},"sameAs":["https:\/\/www.facebook.com\/crearteinstituto","https:\/\/x.com\/CrearteChile","https:\/\/www.instagram.com\/institutocrearte\/","https:\/\/www.youtube.com\/channel\/UCjChXIgoFYB_3fNorXKYEYg"]}]}},"_links":{"self":[{"href":"https:\/\/institutocrearte.cl\/wp\/wp-json\/wp\/v2\/pages\/31","targetHints":{"allow":["GET"]}}],"collection":[{"href":"https:\/\/institutocrearte.cl\/wp\/wp-json\/wp\/v2\/pages"}],"about":[{"href":"https:\/\/institutocrearte.cl\/wp\/wp-json\/wp\/v2\/types\/page"}],"author":[{"embeddable":true,"href":"https:\/\/institutocrearte.cl\/wp\/wp-json\/wp\/v2\/users\/1"}],"replies":[{"embeddable":true,"href":"https:\/\/institutocrearte.cl\/wp\/wp-json\/wp\/v2\/comments?post=31"}],"version-history":[{"count":163,"href":"https:\/\/institutocrearte.cl\/wp\/wp-json\/wp\/v2\/pages\/31\/revisions"}],"predecessor-version":[{"id":2917,"href":"https:\/\/institutocrearte.cl\/wp\/wp-json\/wp\/v2\/pages\/31\/revisions\/2917"}],"wp:attachment":[{"href":"https:\/\/institutocrearte.cl\/wp\/wp-json\/wp\/v2\/media?parent=31"}],"curies":[{"name":"wp","href":"https:\/\/api.w.org\/{rel}","templated":true}]}}